{"id":24,"date":"2022-04-01T00:50:46","date_gmt":"2022-03-31T16:50:46","guid":{"rendered":"https:\/\/www.testsealabs-kit.com\/?page_id=24"},"modified":"2022-04-04T01:18:56","modified_gmt":"2022-04-03T17:18:56","slug":"faqs","status":"publish","type":"page","link":"https:\/\/www.testsealabs-kit.com\/cs\/faqs\/","title":{"rendered":"Nej\u010dast\u011bj\u0161\u00ed dotazy"},"content":{"rendered":"<div data-elementor-type=\"wp-page\" data-elementor-id=\"24\" class=\"elementor elementor-24\">\n\t\t\t\t\t\t<section class=\"elementor-section elementor-top-section elementor-element elementor-element-6dbcbf2 elementor-section-boxed elementor-section-height-default elementor-section-height-default\" data-id=\"6dbcbf2\" data-element_type=\"section\" data-settings=\"{&quot;background_background&quot;:&quot;classic&quot;}\">\n\t\t\t\t\t\t<div class=\"elementor-container elementor-column-gap-default\">\n\t\t\t\t\t<div class=\"elementor-column elementor-col-100 elementor-top-column elementor-element elementor-element-db0c295\" data-id=\"db0c295\" data-element_type=\"column\">\n\t\t\t<div class=\"elementor-widget-wrap elementor-element-populated\">\n\t\t\t\t\t\t<div class=\"elementor-element elementor-element-386dfd1 elementor-widget elementor-widget-woocommerce-breadcrumb\" data-id=\"386dfd1\" data-element_type=\"widget\" data-widget_type=\"woocommerce-breadcrumb.default\">\n\t\t\t\t<div class=\"elementor-widget-container\">\n\t\t\t\t\t<nav class=\"woocommerce-breadcrumb\" aria-label=\"Breadcrumb\" data-no-translation=\"\" data-trp-gettext=\"\">Dom\u016f<\/nav>\t\t\t\t<\/div>\n\t\t\t\t<\/div>\n\t\t\t\t\t<\/div>\n\t\t<\/div>\n\t\t\t\t\t<\/div>\n\t\t<\/section>\n\t\t\t\t<section class=\"elementor-section elementor-top-section elementor-element elementor-element-8189089 elementor-section-boxed elementor-section-height-default elementor-section-height-default\" data-id=\"8189089\" data-element_type=\"section\">\n\t\t\t\t\t\t<div class=\"elementor-container elementor-column-gap-default\">\n\t\t\t\t\t<div class=\"elementor-column elementor-col-100 elementor-top-column elementor-element elementor-element-64fc686\" data-id=\"64fc686\" data-element_type=\"column\">\n\t\t\t<div class=\"elementor-widget-wrap elementor-element-populated\">\n\t\t\t\t\t\t<div class=\"elementor-element elementor-element-a3221c8 elementor-widget elementor-widget-heading\" data-id=\"a3221c8\" data-element_type=\"widget\" data-widget_type=\"heading.default\">\n\t\t\t\t<div class=\"elementor-widget-container\">\n\t\t\t\t\t<div class=\"elementor-heading-title elementor-size-default\">Nej\u010dast\u011bj\u0161\u00ed dotazy<\/div>\t\t\t\t<\/div>\n\t\t\t\t<\/div>\n\t\t\t\t\t<\/div>\n\t\t<\/div>\n\t\t\t\t\t<\/div>\n\t\t<\/section>\n\t\t\t\t<section class=\"elementor-section elementor-top-section elementor-element elementor-element-bc5c444 elementor-section-boxed elementor-section-height-default elementor-section-height-default\" data-id=\"bc5c444\" data-element_type=\"section\" data-settings=\"{&quot;background_background&quot;:&quot;classic&quot;}\">\n\t\t\t\t\t\t<div class=\"elementor-container elementor-column-gap-default\">\n\t\t\t\t\t<div class=\"elementor-column elementor-col-100 elementor-top-column elementor-element elementor-element-b97a305\" data-id=\"b97a305\" data-element_type=\"column\" data-settings=\"{&quot;background_background&quot;:&quot;classic&quot;}\">\n\t\t\t<div class=\"elementor-widget-wrap elementor-element-populated\">\n\t\t\t\t\t\t<div class=\"elementor-element elementor-element-7aabbc4 elementor-widget elementor-widget-heading\" data-id=\"7aabbc4\" data-element_type=\"widget\" data-widget_type=\"heading.default\">\n\t\t\t\t<div class=\"elementor-widget-container\">\n\t\t\t\t\t<div class=\"elementor-heading-title elementor-size-default\">\u010cASTO KLADEN\u00c9 DOTAZY<\/div>\t\t\t\t<\/div>\n\t\t\t\t<\/div>\n\t\t\t\t<div class=\"elementor-element elementor-element-612a593 elementor-widget elementor-widget-heading\" data-id=\"612a593\" data-element_type=\"widget\" data-widget_type=\"heading.default\">\n\t\t\t\t<div class=\"elementor-widget-container\">\n\t\t\t\t\t<div class=\"elementor-heading-title elementor-size-default\">\u010cASTO KLADEN\u00c9 OT\u00c1ZKY<\/div>\t\t\t\t<\/div>\n\t\t\t\t<\/div>\n\t\t\t\t\t<\/div>\n\t\t<\/div>\n\t\t\t\t\t<\/div>\n\t\t<\/section>\n\t\t\t\t<section class=\"elementor-section elementor-top-section elementor-element elementor-element-c3e16a1 elementor-section-boxed elementor-section-height-default elementor-section-height-default\" data-id=\"c3e16a1\" data-element_type=\"section\">\n\t\t\t\t\t\t<div class=\"elementor-container elementor-column-gap-default\">\n\t\t\t\t\t<div class=\"elementor-column elementor-col-100 elementor-top-column elementor-element elementor-element-236feeb\" data-id=\"236feeb\" data-element_type=\"column\">\n\t\t\t<div class=\"elementor-widget-wrap elementor-element-populated\">\n\t\t\t\t\t\t<div class=\"elementor-element elementor-element-c621dc4 custom-faq elementor-widget elementor-widget-toggle\" data-id=\"c621dc4\" data-element_type=\"widget\" data-widget_type=\"toggle.default\">\n\t\t\t\t<div class=\"elementor-widget-container\">\n\t\t\t\t\t\t\t<div class=\"elementor-toggle\">\n\t\t\t\t\t\t\t<div class=\"elementor-toggle-item\">\n\t\t\t\t\t<div id=\"elementor-tab-title-2071\" class=\"elementor-tab-title\" data-tab=\"1\" role=\"button\" aria-controls=\"elementor-tab-content-2071\" aria-expanded=\"false\">\n\t\t\t\t\t\t\t\t\t\t\t\t<span class=\"elementor-toggle-icon elementor-toggle-icon-left\" aria-hidden=\"true\">\n\t\t\t\t\t\t\t\t\t\t\t\t\t\t\t<span class=\"elementor-toggle-icon-closed\"><i class=\"fas fa-plus\"><\/i><\/span>\n\t\t\t\t\t\t\t\t<span class=\"elementor-toggle-icon-opened\"><i class=\"elementor-toggle-icon-opened fas fa-minus\"><\/i><\/span>\n\t\t\t\t\t\t\t\t\t\t\t\t\t<\/span>\n\t\t\t\t\t\t\t\t\t\t\t\t<a class=\"elementor-toggle-title\" tabindex=\"0\">Jak\u00e9 jsou va\u0161e ceny?<\/a>\n\t\t\t\t\t<\/div>\n\n\t\t\t\t\t<div id=\"elementor-tab-content-2071\" class=\"elementor-tab-content elementor-clearfix\" data-tab=\"1\" role=\"region\" aria-labelledby=\"elementor-tab-title-2071\">Na\u0161e ceny se mohou m\u011bnit v z\u00e1vislosti na nab\u00eddce a dal\u0161\u00edch tr\u017en\u00edch faktorech. Aktualizovan\u00fd cen\u00edk v\u00e1m za\u0161leme pot\u00e9, co n\u00e1s va\u0161e spole\u010dnost kontaktuje pro dal\u0161\u00ed informace.<\/div>\n\t\t\t\t<\/div>\n\t\t\t\t\t\t\t<div class=\"elementor-toggle-item\">\n\t\t\t\t\t<div id=\"elementor-tab-title-2072\" class=\"elementor-tab-title\" data-tab=\"2\" role=\"button\" aria-controls=\"elementor-tab-content-2072\" aria-expanded=\"false\">\n\t\t\t\t\t\t\t\t\t\t\t\t<span class=\"elementor-toggle-icon elementor-toggle-icon-left\" aria-hidden=\"true\">\n\t\t\t\t\t\t\t\t\t\t\t\t\t\t\t<span class=\"elementor-toggle-icon-closed\"><i class=\"fas fa-plus\"><\/i><\/span>\n\t\t\t\t\t\t\t\t<span class=\"elementor-toggle-icon-opened\"><i class=\"elementor-toggle-icon-opened fas fa-minus\"><\/i><\/span>\n\t\t\t\t\t\t\t\t\t\t\t\t\t<\/span>\n\t\t\t\t\t\t\t\t\t\t\t\t<a class=\"elementor-toggle-title\" tabindex=\"0\">M\u00e1te minim\u00e1ln\u00ed objednac\u00ed mno\u017estv\u00ed?<\/a>\n\t\t\t\t\t<\/div>\n\n\t\t\t\t\t<div id=\"elementor-tab-content-2072\" class=\"elementor-tab-content elementor-clearfix\" data-tab=\"2\" role=\"region\" aria-labelledby=\"elementor-tab-title-2072\"><p>Ano, u v\u0161ech mezin\u00e1rodn\u00edch objedn\u00e1vek po\u017eadujeme pr\u016fb\u011b\u017en\u00e9 minim\u00e1ln\u00ed mno\u017estv\u00ed. Pokud chcete prod\u00e1vat d\u00e1l, ale v mnohem men\u0161\u00edm mno\u017estv\u00ed, doporu\u010dujeme v\u00e1m pod\u00edvat se na na\u0161e webov\u00e9 str\u00e1nky.<\/p><\/div>\n\t\t\t\t<\/div>\n\t\t\t\t\t\t\t<div class=\"elementor-toggle-item\">\n\t\t\t\t\t<div id=\"elementor-tab-title-2073\" class=\"elementor-tab-title\" data-tab=\"3\" role=\"button\" aria-controls=\"elementor-tab-content-2073\" aria-expanded=\"false\">\n\t\t\t\t\t\t\t\t\t\t\t\t<span class=\"elementor-toggle-icon elementor-toggle-icon-left\" aria-hidden=\"true\">\n\t\t\t\t\t\t\t\t\t\t\t\t\t\t\t<span class=\"elementor-toggle-icon-closed\"><i class=\"fas fa-plus\"><\/i><\/span>\n\t\t\t\t\t\t\t\t<span class=\"elementor-toggle-icon-opened\"><i class=\"elementor-toggle-icon-opened fas fa-minus\"><\/i><\/span>\n\t\t\t\t\t\t\t\t\t\t\t\t\t<\/span>\n\t\t\t\t\t\t\t\t\t\t\t\t<a class=\"elementor-toggle-title\" tabindex=\"0\">M\u016f\u017eete poskytnout p\u0159\u00edslu\u0161nou dokumentaci?<\/a>\n\t\t\t\t\t<\/div>\n\n\t\t\t\t\t<div id=\"elementor-tab-content-2073\" class=\"elementor-tab-content elementor-clearfix\" data-tab=\"3\" role=\"region\" aria-labelledby=\"elementor-tab-title-2073\"><p>Ano, m\u016f\u017eeme poskytnout v\u011bt\u0161inu dokumentace v\u010detn\u011b certifik\u00e1t\u016f o anal\u00fdze \/ shod\u011b, poji\u0161t\u011bn\u00ed, p\u016fvodu a dal\u0161\u00edch v\u00fdvozn\u00edch dokument\u016f, pokud jsou vy\u017eadov\u00e1ny.Ano, m\u016f\u017eeme poskytnout v\u011bt\u0161inu dokumentace v\u010detn\u011b certifik\u00e1t\u016f o anal\u00fdze \/ shod\u011b, poji\u0161t\u011bn\u00ed, p\u016fvodu a dal\u0161\u00edch v\u00fdvozn\u00edch dokument\u016f, pokud jsou vy\u017eadov\u00e1ny.<\/p><\/div>\n\t\t\t\t<\/div>\n\t\t\t\t\t\t\t<div class=\"elementor-toggle-item\">\n\t\t\t\t\t<div id=\"elementor-tab-title-2074\" class=\"elementor-tab-title\" data-tab=\"4\" role=\"button\" aria-controls=\"elementor-tab-content-2074\" aria-expanded=\"false\">\n\t\t\t\t\t\t\t\t\t\t\t\t<span class=\"elementor-toggle-icon elementor-toggle-icon-left\" aria-hidden=\"true\">\n\t\t\t\t\t\t\t\t\t\t\t\t\t\t\t<span class=\"elementor-toggle-icon-closed\"><i class=\"fas fa-plus\"><\/i><\/span>\n\t\t\t\t\t\t\t\t<span class=\"elementor-toggle-icon-opened\"><i class=\"elementor-toggle-icon-opened fas fa-minus\"><\/i><\/span>\n\t\t\t\t\t\t\t\t\t\t\t\t\t<\/span>\n\t\t\t\t\t\t\t\t\t\t\t\t<a class=\"elementor-toggle-title\" tabindex=\"0\">Jak\u00e1 je pr\u016fm\u011brn\u00e1 doba realizace?<\/a>\n\t\t\t\t\t<\/div>\n\n\t\t\t\t\t<div id=\"elementor-tab-content-2074\" class=\"elementor-tab-content elementor-clearfix\" data-tab=\"4\" role=\"region\" aria-labelledby=\"elementor-tab-title-2074\"><p>Doba dod\u00e1n\u00ed vzork\u016f je p\u0159ibli\u017en\u011b 7 dn\u00ed. U s\u00e9riov\u00e9 v\u00fdroby je dodac\u00ed lh\u016fta 20-30 dn\u00ed po obdr\u017een\u00ed z\u00e1lohy. Dodac\u00ed lh\u016fty za\u010d\u00ednaj\u00ed platit, kdy\u017e (1) obdr\u017e\u00edme va\u0161i z\u00e1lohu a (2) m\u00e1me va\u0161e kone\u010dn\u00e9 schv\u00e1len\u00ed v\u00fdrobk\u016f. Pokud se na\u0161e dodac\u00ed lh\u016fty neshoduj\u00ed s va\u0161\u00edm term\u00ednem, projd\u011bte si pros\u00edm va\u0161e po\u017eadavky s prodejem. Ve v\u0161ech p\u0159\u00edpadech se budeme sna\u017eit vyhov\u011bt va\u0161im pot\u0159eb\u00e1m. Ve v\u011bt\u0161in\u011b p\u0159\u00edpad\u016f jsme toho schopni.<\/p><\/div>\n\t\t\t\t<\/div>\n\t\t\t\t\t\t\t<div class=\"elementor-toggle-item\">\n\t\t\t\t\t<div id=\"elementor-tab-title-2075\" class=\"elementor-tab-title\" data-tab=\"5\" role=\"button\" aria-controls=\"elementor-tab-content-2075\" aria-expanded=\"false\">\n\t\t\t\t\t\t\t\t\t\t\t\t<span class=\"elementor-toggle-icon elementor-toggle-icon-left\" aria-hidden=\"true\">\n\t\t\t\t\t\t\t\t\t\t\t\t\t\t\t<span class=\"elementor-toggle-icon-closed\"><i class=\"fas fa-plus\"><\/i><\/span>\n\t\t\t\t\t\t\t\t<span class=\"elementor-toggle-icon-opened\"><i class=\"elementor-toggle-icon-opened fas fa-minus\"><\/i><\/span>\n\t\t\t\t\t\t\t\t\t\t\t\t\t<\/span>\n\t\t\t\t\t\t\t\t\t\t\t\t<a class=\"elementor-toggle-title\" tabindex=\"0\">Jak\u00e1 je z\u00e1ruka na v\u00fdrobek?<\/a>\n\t\t\t\t\t<\/div>\n\n\t\t\t\t\t<div id=\"elementor-tab-content-2075\" class=\"elementor-tab-content elementor-clearfix\" data-tab=\"5\" role=\"region\" aria-labelledby=\"elementor-tab-title-2075\"><p>Na n\u00e1\u0161 materi\u00e1l a zpracov\u00e1n\u00ed poskytujeme z\u00e1ruku. Na\u0161\u00edm z\u00e1vazkem je va\u0161e spokojenost s na\u0161imi v\u00fdrobky. A\u0165 u\u017e v z\u00e1ruce, nebo mimo ni, je kulturou na\u0161\u00ed spole\u010dnosti \u0159e\u0161it a vy\u0159e\u0161it v\u0161echny probl\u00e9my z\u00e1kazn\u00edk\u016f ke spokojenosti v\u0161ech.<\/p><\/div>\n\t\t\t\t<\/div>\n\t\t\t\t\t\t\t<div class=\"elementor-toggle-item\">\n\t\t\t\t\t<div id=\"elementor-tab-title-2076\" class=\"elementor-tab-title\" data-tab=\"6\" role=\"button\" aria-controls=\"elementor-tab-content-2076\" aria-expanded=\"false\">\n\t\t\t\t\t\t\t\t\t\t\t\t<span class=\"elementor-toggle-icon elementor-toggle-icon-left\" aria-hidden=\"true\">\n\t\t\t\t\t\t\t\t\t\t\t\t\t\t\t<span class=\"elementor-toggle-icon-closed\"><i class=\"fas fa-plus\"><\/i><\/span>\n\t\t\t\t\t\t\t\t<span class=\"elementor-toggle-icon-opened\"><i class=\"elementor-toggle-icon-opened fas fa-minus\"><\/i><\/span>\n\t\t\t\t\t\t\t\t\t\t\t\t\t<\/span>\n\t\t\t\t\t\t\t\t\t\t\t\t<a class=\"elementor-toggle-title\" tabindex=\"0\">Zaru\u010dujete bezpe\u010dn\u00e9 dod\u00e1n\u00ed v\u00fdrobk\u016f?<\/a>\n\t\t\t\t\t<\/div>\n\n\t\t\t\t\t<div id=\"elementor-tab-content-2076\" class=\"elementor-tab-content elementor-clearfix\" data-tab=\"6\" role=\"region\" aria-labelledby=\"elementor-tab-title-2076\"><p>Ano, v\u017edy pou\u017e\u00edv\u00e1me vysoce kvalitn\u00ed exportn\u00ed obaly. Pou\u017e\u00edv\u00e1me tak\u00e9 specializovan\u00e9 obaly pro nebezpe\u010dn\u00e9 zbo\u017e\u00ed a ov\u011b\u0159en\u00e9 chlad\u00edrensk\u00e9 p\u0159epravn\u00ed obaly pro zbo\u017e\u00ed citliv\u00e9 na teplotu. Specializovan\u00e9 obaly a nestandardn\u00ed po\u017eadavky na balen\u00ed mohou b\u00fdt zpoplatn\u011bny.<\/p><\/div>\n\t\t\t\t<\/div>\n\t\t\t\t\t\t\t<div class=\"elementor-toggle-item\">\n\t\t\t\t\t<div id=\"elementor-tab-title-2077\" class=\"elementor-tab-title\" data-tab=\"7\" role=\"button\" aria-controls=\"elementor-tab-content-2077\" aria-expanded=\"false\">\n\t\t\t\t\t\t\t\t\t\t\t\t<span class=\"elementor-toggle-icon elementor-toggle-icon-left\" aria-hidden=\"true\">\n\t\t\t\t\t\t\t\t\t\t\t\t\t\t\t<span class=\"elementor-toggle-icon-closed\"><i class=\"fas fa-plus\"><\/i><\/span>\n\t\t\t\t\t\t\t\t<span class=\"elementor-toggle-icon-opened\"><i class=\"elementor-toggle-icon-opened fas fa-minus\"><\/i><\/span>\n\t\t\t\t\t\t\t\t\t\t\t\t\t<\/span>\n\t\t\t\t\t\t\t\t\t\t\t\t<a class=\"elementor-toggle-title\" tabindex=\"0\">Jak je to s poplatky za dopravu?<\/a>\n\t\t\t\t\t<\/div>\n\n\t\t\t\t\t<div id=\"elementor-tab-content-2077\" class=\"elementor-tab-content elementor-clearfix\" data-tab=\"7\" role=\"region\" aria-labelledby=\"elementor-tab-title-2077\"><p>N\u00e1klady na dopravu z\u00e1vis\u00ed na zp\u016fsobu, kter\u00fd si zvol\u00edte pro z\u00edsk\u00e1n\u00ed zbo\u017e\u00ed. Expresn\u00ed p\u0159eprava je obvykle nejrychlej\u0161\u00ed, ale tak\u00e9 nejdra\u017e\u0161\u00ed zp\u016fsob. N\u00e1mo\u0159n\u00ed p\u0159eprava je nejlep\u0161\u00edm \u0159e\u0161en\u00edm pro velk\u00e9 objemy. P\u0159esn\u00e9 ceny n\u00e1kladn\u00ed dopravy v\u00e1m m\u016f\u017eeme poskytnout pouze tehdy, pokud zn\u00e1me podrobnosti o mno\u017estv\u00ed, hmotnosti a zp\u016fsobu p\u0159epravy. Pro dal\u0161\u00ed informace n\u00e1s pros\u00edm kontaktujte.<\/p><\/div>\n\t\t\t\t<\/div>\n\t\t\t\t\t\t\t\t<\/div>\n\t\t\t\t\t\t<\/div>\n\t\t\t\t<\/div>\n\t\t\t\t\t<\/div>\n\t\t<\/div>\n\t\t\t\t\t<\/div>\n\t\t<\/section>\n\t\t\t\t<\/div>","protected":false},"excerpt":{"rendered":"<p>\u010casto kladen\u00e9 ot\u00e1zky \u010casto kladen\u00e9 ot\u00e1zky Jak\u00e9 jsou va\u0161e ceny? Na\u0161e ceny se mohou m\u011bnit v z\u00e1vislosti na nab\u00eddce a dal\u0161\u00edch faktorech trhu. Aktualizovan\u00fd cen\u00edk v\u00e1m za\u0161leme pot\u00e9, co n\u00e1s va\u0161e spole\u010dnost kontaktuje pro dal\u0161\u00ed informace. M\u00e1te stanoveno minim\u00e1ln\u00ed mno\u017estv\u00ed objedn\u00e1vky? Ano, u v\u0161ech mezin\u00e1rodn\u00edch objedn\u00e1vek po\u017eadujeme pr\u016fb\u011b\u017en\u00e9... <a class=\"more-link\" href=\"https:\/\/www.testsealabs-kit.com\/cs\/faqs\/\">Pokra\u010dovat ve \u010dten\u00ed <span class=\"screen-reader-text\">Nej\u010dast\u011bj\u0161\u00ed dotazy<\/span><\/a><\/p>","protected":false},"author":1,"featured_media":0,"parent":0,"menu_order":0,"comment_status":"closed","ping_status":"closed","template":"elementor_header_footer","meta":{"footnotes":""},"class_list":["post-24","page","type-page","status-publish","hentry","entry"],"_links":{"self":[{"href":"https:\/\/www.testsealabs-kit.com\/cs\/wp-json\/wp\/v2\/pages\/24","targetHints":{"allow":["GET"]}}],"collection":[{"href":"https:\/\/www.testsealabs-kit.com\/cs\/wp-json\/wp\/v2\/pages"}],"about":[{"href":"https:\/\/www.testsealabs-kit.com\/cs\/wp-json\/wp\/v2\/types\/page"}],"author":[{"embeddable":true,"href":"https:\/\/www.testsealabs-kit.com\/cs\/wp-json\/wp\/v2\/users\/1"}],"replies":[{"embeddable":true,"href":"https:\/\/www.testsealabs-kit.com\/cs\/wp-json\/wp\/v2\/comments?post=24"}],"version-history":[{"count":0,"href":"https:\/\/www.testsealabs-kit.com\/cs\/wp-json\/wp\/v2\/pages\/24\/revisions"}],"wp:attachment":[{"href":"https:\/\/www.testsealabs-kit.com\/cs\/wp-json\/wp\/v2\/media?parent=24"}],"curies":[{"name":"wp","href":"https:\/\/api.w.org\/{rel}","templated":true}]}}