{"id":1218,"date":"2022-05-19T11:12:44","date_gmt":"2022-05-19T03:12:44","guid":{"rendered":"https:\/\/www.testsealabs-kit.com\/?post_type=product&#038;p=1218"},"modified":"2022-05-19T11:12:44","modified_gmt":"2022-05-19T03:12:44","slug":"canine-coronavirus-antigen-testccv-ag","status":"publish","type":"product","link":"https:\/\/www.testsealabs-kit.com\/cs\/produkt\/canine-coronavirus-antigen-testccv-ag\/","title":{"rendered":"Test na antigen ps\u00edho koronaviru (CCV Ag)"},"content":{"rendered":"<p><span style=\"font-size: 14pt;\">1.Get v\u00fdsledek do 15 minut<\/span><br \/>\n<span style=\"font-size: 14pt;\">2.Snadn\u00fd odb\u011br vzork\u016f<\/span><br \/>\n<span style=\"font-size: 14pt;\">3.V\u00fdsledky jsou jasn\u011b viditeln\u00e9<\/span><br \/>\n<span style=\"font-size: 14pt;\">4.No vybaven\u00ed vy\u017eadov\u00e1no<\/span><br \/>\n<span style=\"font-size: 14pt;\">5.Vhodn\u00e9 pro rychl\u00fd screening ve velk\u00e9m m\u011b\u0159\u00edtku<\/span><\/p>","protected":false},"excerpt":{"rendered":"<p>Produkt je testovac\u00ed kazeta k diagnostice p\u0159\u00edtomnosti antigen\u016f ps\u00edho koronaviru ve vzorku ps\u00edho trusu. T\u00edmto rychl\u00fdm testem lze zjistit antigen ps\u00edho koronaviru.<\/p>\n<p>&nbsp;<\/p>\n<p>P\u0159\u00edpravek pat\u0159\u00ed mezi jednovl\u00e1knov\u00e9 RNA viry, kter\u00e9 mohou zp\u016fsobovat r\u016fzn\u00e9 stupn\u011b gastroenteritidy a po infekci je \u00famrtnost \u0161t\u011b\u0148at vy\u0161\u0161\u00ed. Inkuba\u010dn\u00ed doba CCV je 1~8 dn\u00ed a infekce se brzy roz\u0161\u00ed\u0159\u00ed na celou populaci.  Obvykle doch\u00e1z\u00ed ke sm\u00ed\u0161en\u00e9 infekci koronavirem ps\u016f a parvovirem, co\u017e zp\u016fsobuje epidemick\u00fd pr\u016fjem u ps\u016f.<\/p>","protected":false},"featured_media":1216,"comment_status":"open","ping_status":"closed","template":"","meta":[],"product_brand":[],"product_cat":[20,47],"product_tag":[],"class_list":{"0":"post-1218","1":"product","2":"type-product","3":"status-publish","4":"has-post-thumbnail","6":"product_cat-all-products","7":"product_cat-animals-diagnostic-rapid-test","8":"entry","10":"first","11":"instock","12":"shipping-taxable","13":"product-type-simple"},"_links":{"self":[{"href":"https:\/\/www.testsealabs-kit.com\/cs\/wp-json\/wp\/v2\/product\/1218","targetHints":{"allow":["GET"]}}],"collection":[{"href":"https:\/\/www.testsealabs-kit.com\/cs\/wp-json\/wp\/v2\/product"}],"about":[{"href":"https:\/\/www.testsealabs-kit.com\/cs\/wp-json\/wp\/v2\/types\/product"}],"replies":[{"embeddable":true,"href":"https:\/\/www.testsealabs-kit.com\/cs\/wp-json\/wp\/v2\/comments?post=1218"}],"wp:featuredmedia":[{"embeddable":true,"href":"https:\/\/www.testsealabs-kit.com\/cs\/wp-json\/wp\/v2\/media\/1216"}],"wp:attachment":[{"href":"https:\/\/www.testsealabs-kit.com\/cs\/wp-json\/wp\/v2\/media?parent=1218"}],"wp:term":[{"taxonomy":"product_brand","embeddable":true,"href":"https:\/\/www.testsealabs-kit.com\/cs\/wp-json\/wp\/v2\/product_brand?post=1218"},{"taxonomy":"product_cat","embeddable":true,"href":"https:\/\/www.testsealabs-kit.com\/cs\/wp-json\/wp\/v2\/product_cat?post=1218"},{"taxonomy":"product_tag","embeddable":true,"href":"https:\/\/www.testsealabs-kit.com\/cs\/wp-json\/wp\/v2\/product_tag?post=1218"}],"curies":[{"name":"wp","href":"https:\/\/api.w.org\/{rel}","templated":true}]}}