{"id":1220,"date":"2022-05-19T11:22:05","date_gmt":"2022-05-19T03:22:05","guid":{"rendered":"https:\/\/www.testsealabs-kit.com\/?post_type=product&#038;p=1220"},"modified":"2022-05-19T11:22:05","modified_gmt":"2022-05-19T03:22:05","slug":"feline-panleucopenia-antigen-testfpv-ag","status":"publish","type":"product","link":"https:\/\/www.testsealabs-kit.com\/cs\/produkt\/feline-panleucopenia-antigen-testfpv-ag\/","title":{"rendered":"Test na antigen panleukopenie ko\u010dek (FPV Ag)"},"content":{"rendered":"<p><span style=\"font-size: 14pt;\">1.Get v\u00fdsledek do 15 minut<\/span><br \/>\n<span style=\"font-size: 14pt;\">2.Snadn\u00fd odb\u011br vzork\u016f<\/span><br \/>\n<span style=\"font-size: 14pt;\">3.V\u00fdsledky jsou jasn\u011b viditeln\u00e9<\/span><br \/>\n<span style=\"font-size: 14pt;\">4.No vybaven\u00ed vy\u017eadov\u00e1no<\/span><br \/>\n<span style=\"font-size: 14pt;\">5.Vhodn\u00e9 pro rychl\u00fd screening ve velk\u00e9m m\u011b\u0159\u00edtku<\/span><\/p>","protected":false},"excerpt":{"rendered":"<p>Tento produkt je imunochromatografick\u00fd test pro kvalitativn\u00ed detekci antigenu ko\u010di\u010d\u00edho parvoviru (FPV Ag) ve vzorku ko\u010di\u010d\u00edho trusu.<\/p>\n<p>&nbsp;<\/p>\n<p>FPV m\u016f\u017ee zp\u016fsobit leukocytopenii ko\u010dek, zn\u00e1mou tak\u00e9 jako ko\u010di\u010d\u00ed mor, a je to akutn\u00ed vysoce naka\u017eliv\u00e9 onemocn\u011bn\u00ed. FPV se m\u016f\u017ee p\u0159en\u00e1\u0161et p\u0159\u00edm\u00fdm nebo nep\u0159\u00edm\u00fdm kontaktem v p\u0159irozen\u00fdch podm\u00ednk\u00e1ch a b\u011bhem b\u0159ezosti se m\u016f\u017ee p\u0159en\u00e1\u0161et vertik\u00e1ln\u011b na plod p\u0159es placentu. Ko\u010di\u010d\u00ed ne\u0161tovice se \u010dast\u011bji vyskytuje v zim\u011b a na ja\u0159e.<\/p>","protected":false},"featured_media":1216,"comment_status":"open","ping_status":"closed","template":"","meta":[],"product_brand":[],"product_cat":[20,47],"product_tag":[],"class_list":{"0":"post-1220","1":"product","2":"type-product","3":"status-publish","4":"has-post-thumbnail","6":"product_cat-all-products","7":"product_cat-animals-diagnostic-rapid-test","8":"entry","10":"first","11":"instock","12":"shipping-taxable","13":"product-type-simple"},"_links":{"self":[{"href":"https:\/\/www.testsealabs-kit.com\/cs\/wp-json\/wp\/v2\/product\/1220","targetHints":{"allow":["GET"]}}],"collection":[{"href":"https:\/\/www.testsealabs-kit.com\/cs\/wp-json\/wp\/v2\/product"}],"about":[{"href":"https:\/\/www.testsealabs-kit.com\/cs\/wp-json\/wp\/v2\/types\/product"}],"replies":[{"embeddable":true,"href":"https:\/\/www.testsealabs-kit.com\/cs\/wp-json\/wp\/v2\/comments?post=1220"}],"wp:featuredmedia":[{"embeddable":true,"href":"https:\/\/www.testsealabs-kit.com\/cs\/wp-json\/wp\/v2\/media\/1216"}],"wp:attachment":[{"href":"https:\/\/www.testsealabs-kit.com\/cs\/wp-json\/wp\/v2\/media?parent=1220"}],"wp:term":[{"taxonomy":"product_brand","embeddable":true,"href":"https:\/\/www.testsealabs-kit.com\/cs\/wp-json\/wp\/v2\/product_brand?post=1220"},{"taxonomy":"product_cat","embeddable":true,"href":"https:\/\/www.testsealabs-kit.com\/cs\/wp-json\/wp\/v2\/product_cat?post=1220"},{"taxonomy":"product_tag","embeddable":true,"href":"https:\/\/www.testsealabs-kit.com\/cs\/wp-json\/wp\/v2\/product_tag?post=1220"}],"curies":[{"name":"wp","href":"https:\/\/api.w.org\/{rel}","templated":true}]}}