{"id":1222,"date":"2022-05-19T11:29:08","date_gmt":"2022-05-19T03:29:08","guid":{"rendered":"https:\/\/www.testsealabs-kit.com\/?post_type=product&#038;p=1222"},"modified":"2022-05-19T11:29:08","modified_gmt":"2022-05-19T03:29:08","slug":"pregnancy-relaxin-testrln","status":"publish","type":"product","link":"https:\/\/www.testsealabs-kit.com\/cs\/produkt\/pregnancy-relaxin-testrln\/","title":{"rendered":"T\u011bhotensk\u00fd relaxinov\u00fd test(RLN)"},"content":{"rendered":"<p><span style=\"font-size: 14pt;\">1.Get v\u00fdsledek do 15 minut<\/span><br \/>\n<span style=\"font-size: 14pt;\">2.Snadn\u00fd odb\u011br vzork\u016f<\/span><br \/>\n<span style=\"font-size: 14pt;\">3.V\u00fdsledky jsou jasn\u011b viditeln\u00e9<\/span><br \/>\n<span style=\"font-size: 14pt;\">4.No vybaven\u00ed vy\u017eadov\u00e1no<\/span><br \/>\n<span style=\"font-size: 14pt;\">5.Vhodn\u00e9 pro rychl\u00fd screening ve velk\u00e9m m\u011b\u0159\u00edtku<\/span><\/p>","protected":false},"excerpt":{"rendered":"<p>Jedn\u00e1 se o specifick\u00fd hormon, kter\u00fd je generov\u00e1n p\u0159edev\u0161\u00edm placentou. Obvykle se pou\u017e\u00edv\u00e1 jako indik\u00e1tor stavu b\u0159ezosti u fen. U b\u0159ez\u00edch fen lze relaxin detekovat od 15. dne po nidaci oplodn\u011bn\u00e9ho vaj\u00ed\u010dka ve st\u011bn\u011b d\u011blohy. Pregnancy Relaxin RLN Test je rychl\u00fd test pro detekci relaxinu u fen, kter\u00e9 mohou b\u00fdt b\u0159ez\u00ed. Navrhovan\u00e1 doba detekce je 22-30 dn\u00ed po kryt\u00ed. P\u0159\u00edli\u0161 \u010dasn\u00e1 detekce m\u016f\u017ee v\u00e9st k negativn\u00edmu v\u00fdsledku, pokud je relaxin v s\u00e9ru p\u0159\u00edli\u0161 n\u00edzk\u00fd. Pokud byl zji\u0161t\u011bn negativn\u00ed v\u00fdsledek, doporu\u010duje se test po 1 t\u00fddnu zopakovat.<\/p>\n<p>Ps\u00ed t\u011bhotensk\u00fd test na relaxin je rychl\u00e1 chromatografick\u00e1 imunoanal\u00fdza pro kvalitativn\u00ed detekci realxinu ve vzorc\u00edch s\u00e9ra.<\/p>","protected":false},"featured_media":1216,"comment_status":"open","ping_status":"closed","template":"","meta":[],"product_brand":[],"product_cat":[20,47],"product_tag":[],"class_list":{"0":"post-1222","1":"product","2":"type-product","3":"status-publish","4":"has-post-thumbnail","6":"product_cat-all-products","7":"product_cat-animals-diagnostic-rapid-test","8":"entry","10":"first","11":"instock","12":"shipping-taxable","13":"product-type-simple"},"_links":{"self":[{"href":"https:\/\/www.testsealabs-kit.com\/cs\/wp-json\/wp\/v2\/product\/1222","targetHints":{"allow":["GET"]}}],"collection":[{"href":"https:\/\/www.testsealabs-kit.com\/cs\/wp-json\/wp\/v2\/product"}],"about":[{"href":"https:\/\/www.testsealabs-kit.com\/cs\/wp-json\/wp\/v2\/types\/product"}],"replies":[{"embeddable":true,"href":"https:\/\/www.testsealabs-kit.com\/cs\/wp-json\/wp\/v2\/comments?post=1222"}],"wp:featuredmedia":[{"embeddable":true,"href":"https:\/\/www.testsealabs-kit.com\/cs\/wp-json\/wp\/v2\/media\/1216"}],"wp:attachment":[{"href":"https:\/\/www.testsealabs-kit.com\/cs\/wp-json\/wp\/v2\/media?parent=1222"}],"wp:term":[{"taxonomy":"product_brand","embeddable":true,"href":"https:\/\/www.testsealabs-kit.com\/cs\/wp-json\/wp\/v2\/product_brand?post=1222"},{"taxonomy":"product_cat","embeddable":true,"href":"https:\/\/www.testsealabs-kit.com\/cs\/wp-json\/wp\/v2\/product_cat?post=1222"},{"taxonomy":"product_tag","embeddable":true,"href":"https:\/\/www.testsealabs-kit.com\/cs\/wp-json\/wp\/v2\/product_tag?post=1222"}],"curies":[{"name":"wp","href":"https:\/\/api.w.org\/{rel}","templated":true}]}}