{"id":1227,"date":"2022-05-19T11:36:20","date_gmt":"2022-05-19T03:36:20","guid":{"rendered":"https:\/\/www.testsealabs-kit.com\/?post_type=product&#038;p=1227"},"modified":"2022-05-19T11:36:20","modified_gmt":"2022-05-19T03:36:20","slug":"feline-heartworm-antigen-testfhw-ag","status":"publish","type":"product","link":"https:\/\/www.testsealabs-kit.com\/cs\/produkt\/feline-heartworm-antigen-testfhw-ag\/","title":{"rendered":"Test na antigen ko\u010di\u010d\u00edho dirofilariomu (FHW Ag)"},"content":{"rendered":"<p><span style=\"font-size: 14pt;\">1.Get v\u00fdsledek do 15 minut<\/span><br \/>\n<span style=\"font-size: 14pt;\">2.Snadn\u00fd odb\u011br vzork\u016f<\/span><br \/>\n<span style=\"font-size: 14pt;\">3.V\u00fdsledky jsou jasn\u011b viditeln\u00e9<\/span><br \/>\n<span style=\"font-size: 14pt;\">4.No vybaven\u00ed vy\u017eadov\u00e1no<\/span><br \/>\n<span style=\"font-size: 14pt;\">5.Vhodn\u00e9 pro rychl\u00fd screening ve velk\u00e9m m\u011b\u0159\u00edtku<\/span><\/p>","protected":false},"excerpt":{"rendered":"<p>Tento produkt je sendvi\u010dov\u00fd later\u00e1ln\u00ed pr\u016ftokov\u00fd imunochromatografick\u00fd test pro kvalitativn\u00ed detekci antigenu ko\u010di\u010d\u00edch dirofilari\u00f3z (FHW Ag) v pln\u00e9 krvi\/s\u00e9ru ko\u010dek.<\/p>\n<p>&nbsp;<\/p>\n<p>FHW je infek\u010dn\u00ed onemocn\u011bn\u00ed, kter\u00fdm se mohou nakazit ko\u010dky jak\u00e9hokoli v\u011bku kousnut\u00edm kom\u00e1ra. Proto\u017ee FHW \u017eije v ko\u010di\u010d\u00edm srdci, m\u016f\u017ee zp\u016fsobit chronickou endokarditidu, hypertrofii srdce a dilataci prav\u00e9 komory. P\u0159i z\u00e1va\u017en\u00e9 infekci m\u016f\u017ee \u017eiln\u00ed kongesce v\u00e9st k ascitu a hepatomegalii.<\/p>","protected":false},"featured_media":1216,"comment_status":"open","ping_status":"closed","template":"","meta":[],"product_brand":[],"product_cat":[20,47],"product_tag":[],"class_list":{"0":"post-1227","1":"product","2":"type-product","3":"status-publish","4":"has-post-thumbnail","6":"product_cat-all-products","7":"product_cat-animals-diagnostic-rapid-test","8":"entry","10":"first","11":"instock","12":"shipping-taxable","13":"product-type-simple"},"_links":{"self":[{"href":"https:\/\/www.testsealabs-kit.com\/cs\/wp-json\/wp\/v2\/product\/1227","targetHints":{"allow":["GET"]}}],"collection":[{"href":"https:\/\/www.testsealabs-kit.com\/cs\/wp-json\/wp\/v2\/product"}],"about":[{"href":"https:\/\/www.testsealabs-kit.com\/cs\/wp-json\/wp\/v2\/types\/product"}],"replies":[{"embeddable":true,"href":"https:\/\/www.testsealabs-kit.com\/cs\/wp-json\/wp\/v2\/comments?post=1227"}],"wp:featuredmedia":[{"embeddable":true,"href":"https:\/\/www.testsealabs-kit.com\/cs\/wp-json\/wp\/v2\/media\/1216"}],"wp:attachment":[{"href":"https:\/\/www.testsealabs-kit.com\/cs\/wp-json\/wp\/v2\/media?parent=1227"}],"wp:term":[{"taxonomy":"product_brand","embeddable":true,"href":"https:\/\/www.testsealabs-kit.com\/cs\/wp-json\/wp\/v2\/product_brand?post=1227"},{"taxonomy":"product_cat","embeddable":true,"href":"https:\/\/www.testsealabs-kit.com\/cs\/wp-json\/wp\/v2\/product_cat?post=1227"},{"taxonomy":"product_tag","embeddable":true,"href":"https:\/\/www.testsealabs-kit.com\/cs\/wp-json\/wp\/v2\/product_tag?post=1227"}],"curies":[{"name":"wp","href":"https:\/\/api.w.org\/{rel}","templated":true}]}}