{"id":1231,"date":"2022-05-19T11:43:56","date_gmt":"2022-05-19T03:43:56","guid":{"rendered":"https:\/\/www.testsealabs-kit.com\/?post_type=product&#038;p=1231"},"modified":"2022-05-19T11:43:56","modified_gmt":"2022-05-19T03:43:56","slug":"canine-toxoplasma-antibody-testc-toxo-ab","status":"publish","type":"product","link":"https:\/\/www.testsealabs-kit.com\/cs\/produkt\/canine-toxoplasma-antibody-testc-toxo-ab\/","title":{"rendered":"Test na p\u0159\u00edtomnost ps\u00edch protil\u00e1tek proti toxoplasm\u011b (C.TOXO Ab)"},"content":{"rendered":"<p><span style=\"font-size: 14pt;\">1.Get v\u00fdsledek do 15 minut<\/span><br \/>\n<span style=\"font-size: 14pt;\">2.Snadn\u00fd odb\u011br vzork\u016f<\/span><br \/>\n<span style=\"font-size: 14pt;\">3.V\u00fdsledky jsou jasn\u011b viditeln\u00e9<\/span><br \/>\n<span style=\"font-size: 14pt;\">4.No vybaven\u00ed vy\u017eadov\u00e1no<\/span><br \/>\n<span style=\"font-size: 14pt;\">5.Vhodn\u00e9 pro rychl\u00fd screening ve velk\u00e9m m\u011b\u0159\u00edtku<\/span><\/p>","protected":false},"excerpt":{"rendered":"<p>Tento produkt je kvalitativn\u00ed imunochromatografick\u00fd test na b\u00e1zi koloidn\u00edho zlata pro detekci protil\u00e1tek proti Toxoplasm\u011b.<\/p>\n<p>&nbsp;<\/p>\n<p>Toxoplazm\u00f3za je druh zoon\u00f3zy zp\u016fsoben\u00e9 Toxoplasma gondii, kter\u00e1 je roz\u0161\u00ed\u0159ena po cel\u00e9m sv\u011bt\u011b a v\u00e1\u017en\u011b ohro\u017euje lidsk\u00e9 zdrav\u00ed. Toxoplasma gondii m\u016f\u017ee infikovat v\u0161echny druhy hospod\u00e1\u0159sk\u00fdch a voln\u011b \u017eij\u00edc\u00edch zv\u00ed\u0159at, ale nejn\u00e1chyln\u011bj\u0161\u00ed jsou k n\u00ed mlad\u00e1 zv\u00ed\u0159ata. Hlavn\u00ed cesta n\u00e1kazy je or\u00e1ln\u00ed cestou. Kdy\u017e sporatedocysta Toxoplasma gondii spolkne zdrav\u00fd pes, unikne ze st\u0159evn\u00edho traktu a pronikne krevn\u00edm ob\u011bhem do tk\u00e1n\u011b organismu, pot\u00e9 napadne a rychle se mno\u017e\u00ed v bu\u0148k\u00e1ch a zm\u011bn\u00ed se ve vnitrobun\u011b\u010dnou pseudocystu, kter\u00e1 zp\u016fsob\u00ed klinick\u00e9 p\u0159\u00edznaky.<\/p>","protected":false},"featured_media":1216,"comment_status":"open","ping_status":"closed","template":"","meta":[],"product_brand":[],"product_cat":[20,47],"product_tag":[],"class_list":{"0":"post-1231","1":"product","2":"type-product","3":"status-publish","4":"has-post-thumbnail","6":"product_cat-all-products","7":"product_cat-animals-diagnostic-rapid-test","8":"entry","10":"first","11":"instock","12":"shipping-taxable","13":"product-type-simple"},"_links":{"self":[{"href":"https:\/\/www.testsealabs-kit.com\/cs\/wp-json\/wp\/v2\/product\/1231","targetHints":{"allow":["GET"]}}],"collection":[{"href":"https:\/\/www.testsealabs-kit.com\/cs\/wp-json\/wp\/v2\/product"}],"about":[{"href":"https:\/\/www.testsealabs-kit.com\/cs\/wp-json\/wp\/v2\/types\/product"}],"replies":[{"embeddable":true,"href":"https:\/\/www.testsealabs-kit.com\/cs\/wp-json\/wp\/v2\/comments?post=1231"}],"wp:featuredmedia":[{"embeddable":true,"href":"https:\/\/www.testsealabs-kit.com\/cs\/wp-json\/wp\/v2\/media\/1216"}],"wp:attachment":[{"href":"https:\/\/www.testsealabs-kit.com\/cs\/wp-json\/wp\/v2\/media?parent=1231"}],"wp:term":[{"taxonomy":"product_brand","embeddable":true,"href":"https:\/\/www.testsealabs-kit.com\/cs\/wp-json\/wp\/v2\/product_brand?post=1231"},{"taxonomy":"product_cat","embeddable":true,"href":"https:\/\/www.testsealabs-kit.com\/cs\/wp-json\/wp\/v2\/product_cat?post=1231"},{"taxonomy":"product_tag","embeddable":true,"href":"https:\/\/www.testsealabs-kit.com\/cs\/wp-json\/wp\/v2\/product_tag?post=1231"}],"curies":[{"name":"wp","href":"https:\/\/api.w.org\/{rel}","templated":true}]}}