{"id":1235,"date":"2022-05-19T12:00:01","date_gmt":"2022-05-19T04:00:01","guid":{"rendered":"https:\/\/www.testsealabs-kit.com\/?post_type=product&#038;p=1235"},"modified":"2026-02-06T12:36:57","modified_gmt":"2026-02-06T04:36:57","slug":"rabies-antibody-testrabies-ab","status":"publish","type":"product","link":"https:\/\/www.testsealabs-kit.com\/cs\/produkt\/rabies-antibody-testrabies-ab\/","title":{"rendered":"Test na protil\u00e1tky proti vzteklin\u011b (Rabies Ab)"},"content":{"rendered":"<p><span style=\"font-size: 14pt;\">1.Get v\u00fdsledek do 15 minut<\/span><br \/>\n<span style=\"font-size: 14pt;\">2.Snadn\u00fd odb\u011br vzork\u016f<\/span><br \/>\n<span style=\"font-size: 14pt;\">3.V\u00fdsledky jsou jasn\u011b viditeln\u00e9<\/span><br \/>\n<span style=\"font-size: 14pt;\">4.No vybaven\u00ed vy\u017eadov\u00e1no<\/span><br \/>\n<span style=\"font-size: 14pt;\">5.Vhodn\u00e9 pro rychl\u00fd screening ve velk\u00e9m m\u011b\u0159\u00edtku<\/span><\/p>","protected":false},"excerpt":{"rendered":"<p>Test na protil\u00e1tky proti vzteklin\u011b je imunochromatografick\u00fd test pro kvalitativn\u00ed detekci protil\u00e1tek proti viru vztekliny (Rabies Ab) nad hladinou 0,5IU\/ml v pln\u00e9 krvi\/s\u00e9ru psa.<\/p>\n<p>&nbsp;<\/p>\n<p>Produkt je \u017eivotn\u011b d\u016fle\u017eitou nemoc\u00ed pro zv\u00ed\u0159ata i lidi. Pes nebo ko\u010dka mohou b\u00fdt p\u0159ena\u0161e\u010di bez jak\u00fdchkoli klinick\u00fdch p\u0159\u00edznak\u016f. Vakcinace by z\u0159ejm\u011b mohla sn\u00ed\u017eit pom\u011br nosi\u010dstv\u00ed a infekce virem vztekliny. Ale i po o\u010dkov\u00e1n\u00ed st\u00e1le existuje p\u0159ibli\u017en\u011b 15% z celkov\u00e9ho po\u010dtu p\u0159\u00edpad\u016f, u kter\u00fdch se nemohly vytvo\u0159it ochrann\u00e9 protil\u00e1tky. Navrhuje se zji\u0161\u0165ovat protil\u00e1tky proti vzteklin\u011b u ps\u016f po 45denn\u00ed vakcinaci.<\/p>","protected":false},"featured_media":1216,"comment_status":"open","ping_status":"closed","template":"","meta":[],"product_brand":[],"product_cat":[20,47],"product_tag":[],"class_list":{"0":"post-1235","1":"product","2":"type-product","3":"status-publish","4":"has-post-thumbnail","6":"product_cat-all-products","7":"product_cat-animals-diagnostic-rapid-test","8":"entry","10":"first","11":"instock","12":"shipping-taxable","13":"product-type-simple"},"_links":{"self":[{"href":"https:\/\/www.testsealabs-kit.com\/cs\/wp-json\/wp\/v2\/product\/1235","targetHints":{"allow":["GET"]}}],"collection":[{"href":"https:\/\/www.testsealabs-kit.com\/cs\/wp-json\/wp\/v2\/product"}],"about":[{"href":"https:\/\/www.testsealabs-kit.com\/cs\/wp-json\/wp\/v2\/types\/product"}],"replies":[{"embeddable":true,"href":"https:\/\/www.testsealabs-kit.com\/cs\/wp-json\/wp\/v2\/comments?post=1235"}],"wp:featuredmedia":[{"embeddable":true,"href":"https:\/\/www.testsealabs-kit.com\/cs\/wp-json\/wp\/v2\/media\/1216"}],"wp:attachment":[{"href":"https:\/\/www.testsealabs-kit.com\/cs\/wp-json\/wp\/v2\/media?parent=1235"}],"wp:term":[{"taxonomy":"product_brand","embeddable":true,"href":"https:\/\/www.testsealabs-kit.com\/cs\/wp-json\/wp\/v2\/product_brand?post=1235"},{"taxonomy":"product_cat","embeddable":true,"href":"https:\/\/www.testsealabs-kit.com\/cs\/wp-json\/wp\/v2\/product_cat?post=1235"},{"taxonomy":"product_tag","embeddable":true,"href":"https:\/\/www.testsealabs-kit.com\/cs\/wp-json\/wp\/v2\/product_tag?post=1235"}],"curies":[{"name":"wp","href":"https:\/\/api.w.org\/{rel}","templated":true}]}}