{"id":932,"date":"2022-04-25T20:35:08","date_gmt":"2022-04-25T12:35:08","guid":{"rendered":"https:\/\/www.testsealabs-kit.com\/?post_type=product&#038;p=932"},"modified":"2022-04-29T22:50:01","modified_gmt":"2022-04-29T14:50:01","slug":"covid-19-antigen-test-cassette-professional-use-lollipop-style-saliva","status":"publish","type":"product","link":"https:\/\/www.testsealabs-kit.com\/cs\/produkt\/covid-19-antigen-test-cassette-professional-use-lollipop-style-saliva\/","title":{"rendered":"COVID-19 Antigen Test Cassette-Profesion\u00e1ln\u00ed pou\u017eit\u00ed-Lollipop style Saliva"},"content":{"rendered":"<p>\u3010P\u0159edpokl\u00e1dan\u00e9 pou\u017eit\u00ed\u3011<\/p>\n<p>Testovac\u00ed kazeta s antigenem COVID-19 je rychl\u00fd test pro kvalitativn\u00ed detekci nukleokapsidov\u00e9ho antigenu SARS-CoV-2 ve vzorku slin. Pou\u017e\u00edv\u00e1 se jako pomoc p\u0159i diagnostice infekce SARS-CoV-2, kter\u00e1 m\u016f\u017ee v\u00e9st k onemocn\u011bn\u00ed COVID-19.<\/p>\n<p>Test lze prov\u00e9st kdykoli a je vhodn\u00fd pro symptomatick\u00e9 i asymptomatick\u00e9 osoby. Nezletil\u00fdm osob\u00e1m mus\u00ed p\u0159i testu asistovat dosp\u011bl\u00ed.<\/p>\n<p>Tento test se doporu\u010duje pou\u017e\u00edvat pouze jako dopln\u011bk k jin\u00fdm diagnostick\u00fdm postup\u016fm. Test je ur\u010den pro profesion\u00e1ln\u00ed pou\u017eit\u00ed.<\/p>\n<p>\u3010Certifik\u00e1t\u3011<\/p>\n<p>CE,ISO9001,ISO13485<\/p>","protected":false},"excerpt":{"rendered":"<p>COVID-19 Antigenn\u00ed test Kazetov\u00fd test \u7b80\u77ed\u63cf\u8ff0<\/p>","protected":false},"featured_media":939,"comment_status":"open","ping_status":"closed","template":"","meta":[],"product_brand":[],"product_cat":[20,26],"product_tag":[],"class_list":{"0":"post-932","1":"product","2":"type-product","3":"status-publish","4":"has-post-thumbnail","6":"product_cat-all-products","7":"product_cat-covid-19-sars-cov-2-rapid-test","8":"entry","10":"first","11":"instock","12":"shipping-taxable","13":"purchasable","14":"product-type-variable","15":"has-default-attributes"},"_links":{"self":[{"href":"https:\/\/www.testsealabs-kit.com\/cs\/wp-json\/wp\/v2\/product\/932","targetHints":{"allow":["GET"]}}],"collection":[{"href":"https:\/\/www.testsealabs-kit.com\/cs\/wp-json\/wp\/v2\/product"}],"about":[{"href":"https:\/\/www.testsealabs-kit.com\/cs\/wp-json\/wp\/v2\/types\/product"}],"replies":[{"embeddable":true,"href":"https:\/\/www.testsealabs-kit.com\/cs\/wp-json\/wp\/v2\/comments?post=932"}],"wp:featuredmedia":[{"embeddable":true,"href":"https:\/\/www.testsealabs-kit.com\/cs\/wp-json\/wp\/v2\/media\/939"}],"wp:attachment":[{"href":"https:\/\/www.testsealabs-kit.com\/cs\/wp-json\/wp\/v2\/media?parent=932"}],"wp:term":[{"taxonomy":"product_brand","embeddable":true,"href":"https:\/\/www.testsealabs-kit.com\/cs\/wp-json\/wp\/v2\/product_brand?post=932"},{"taxonomy":"product_cat","embeddable":true,"href":"https:\/\/www.testsealabs-kit.com\/cs\/wp-json\/wp\/v2\/product_cat?post=932"},{"taxonomy":"product_tag","embeddable":true,"href":"https:\/\/www.testsealabs-kit.com\/cs\/wp-json\/wp\/v2\/product_tag?post=932"}],"curies":[{"name":"wp","href":"https:\/\/api.w.org\/{rel}","templated":true}]}}