{"id":945,"date":"2022-04-25T20:40:10","date_gmt":"2022-04-25T12:40:10","guid":{"rendered":"https:\/\/www.testsealabs-kit.com\/?post_type=product&#038;p=945"},"modified":"2022-05-10T23:01:59","modified_gmt":"2022-05-10T15:01:59","slug":"flu-a-b-covid-19-antigen-combo-test-cassette-professional-use","status":"publish","type":"product","link":"https:\/\/www.testsealabs-kit.com\/cs\/produkt\/flu-a-b-covid-19-antigen-combo-test-cassette-professional-use\/","title":{"rendered":"Kombinovan\u00e1 kazeta pro testov\u00e1n\u00ed ch\u0159ipky A\/B + antigenu COVID-19 - profesion\u00e1ln\u00ed pou\u017eit\u00ed"},"content":{"rendered":"<p>\u3010P\u0159edpokl\u00e1dan\u00e9 pou\u017eit\u00ed\u3011<\/p>\n<p>Test je ur\u010den k pou\u017eit\u00ed p\u0159i sou\u010dasn\u00e9 rychl\u00e9 in vitro detekci a diferenciaci<\/p>\n<p>viru ch\u0159ipky A, viru ch\u0159ipky B a antigenu nukleokapsidov\u00e9ho proteinu viru COVID-19 , ale neovliv\u0148uje ho.<\/p>\n<p>nerozli\u0161uje mezi viry SARS-CoV a COVID-19 a nen\u00ed ur\u010den k detekci vir\u016f SARS-CoV a COVID-19.<\/p>\n<p>antigeny ch\u0159ipky C. \u00da\u010dinnost se m\u016f\u017ee li\u0161it proti jin\u00fdm nov\u00fdm ch\u0159ipkov\u00fdm onemocn\u011bn\u00edm.<\/p>\n<p>viry.<\/p>\n<p>Antigeny vir\u016f ch\u0159ipky A, ch\u0159ipky B a COVID-19 jsou obecn\u011b detekovateln\u00e9 ve vzorc\u00edch z horn\u00edch cest d\u00fdchac\u00edch b\u011bhem akutn\u00ed f\u00e1ze infekce. Pozitivn\u00ed v\u00fdsledky ukazuj\u00ed na p\u0159\u00edtomnost virov\u00fdch antigen\u016f, ale k ur\u010den\u00ed stavu infekce je nutn\u00e1 klinick\u00e1 korelace s anamn\u00e9zou pacienta a dal\u0161\u00edmi diagnostick\u00fdmi informacemi.<\/p>\n<p>Pozitivn\u00ed v\u00fdsledky nevylu\u010duj\u00ed bakteri\u00e1ln\u00ed infekci nebo koinfekci s jin\u00fdmi viry. P\u016fvodce<\/p>\n<p>nemus\u00ed b\u00fdt jednozna\u010dnou p\u0159\u00ed\u010dinou onemocn\u011bn\u00ed.<\/p>\n<p>Negativn\u00ed v\u00fdsledky COVID-19 od pacient\u016f s n\u00e1stupem p\u0159\u00edznak\u016f po p\u011bti dnech by m\u011bly b\u00fdt<\/p>\n<p>pova\u017eov\u00e1ny za p\u0159edpokl\u00e1dan\u00e9 a v p\u0159\u00edpad\u011b pot\u0159eby potvrzeny molekul\u00e1rn\u00edm testem pro pacienta.<\/p>\n<p>\u0159\u00edzen\u00ed, lze prov\u00e9st. Negativn\u00ed v\u00fdsledky nevylu\u010duj\u00ed p\u0159\u00edtomnost COVID-19 a nem\u011bly by b\u00fdt pou\u017eity.<\/p>\n<p>pou\u017e\u00edv\u00e1ny jako jedin\u00fd z\u00e1klad pro rozhodov\u00e1n\u00ed o l\u00e9\u010db\u011b nebo l\u00e9\u010db\u011b pacienta, v\u010detn\u011b infekce.<\/p>\n<p>kontroln\u00ed rozhodnut\u00ed. Negativn\u00ed v\u00fdsledky by m\u011bly b\u00fdt posuzov\u00e1ny v kontextu ned\u00e1vn\u00e9ho onemocn\u011bn\u00ed pacienta.<\/p>\n<p>expozice, anamn\u00e9za a p\u0159\u00edtomnost klinick\u00fdch p\u0159\u00edznak\u016f a symptom\u016f odpov\u00eddaj\u00edc\u00edch COVID-19.<\/p>\n<p>Negativn\u00ed v\u00fdsledky nevylu\u010duj\u00ed infekci virem ch\u0159ipky a nem\u011bly by b\u00fdt pou\u017e\u00edv\u00e1ny jako jedin\u00e9 krit\u00e9rium.<\/p>\n<p>podklad pro rozhodnut\u00ed o l\u00e9\u010db\u011b nebo jin\u00e9m \u0159\u00edzen\u00ed pacienta.<\/p>\n<p>\u3010Certifik\u00e1t\u3011<\/p>\n<p>CE,ISO9001,ISO13485<\/p>","protected":false},"excerpt":{"rendered":"<p>COVID-19 Antigenn\u00ed test Kazetov\u00fd test \u7b80\u77ed\u63cf\u8ff0<\/p>","protected":false},"featured_media":948,"comment_status":"open","ping_status":"closed","template":"","meta":[],"product_brand":[],"product_cat":[20,26],"product_tag":[],"class_list":{"0":"post-945","1":"product","2":"type-product","3":"status-publish","4":"has-post-thumbnail","6":"product_cat-all-products","7":"product_cat-covid-19-sars-cov-2-rapid-test","8":"entry","10":"first","11":"instock","12":"shipping-taxable","13":"purchasable","14":"product-type-variable","15":"has-default-attributes"},"_links":{"self":[{"href":"https:\/\/www.testsealabs-kit.com\/cs\/wp-json\/wp\/v2\/product\/945","targetHints":{"allow":["GET"]}}],"collection":[{"href":"https:\/\/www.testsealabs-kit.com\/cs\/wp-json\/wp\/v2\/product"}],"about":[{"href":"https:\/\/www.testsealabs-kit.com\/cs\/wp-json\/wp\/v2\/types\/product"}],"replies":[{"embeddable":true,"href":"https:\/\/www.testsealabs-kit.com\/cs\/wp-json\/wp\/v2\/comments?post=945"}],"wp:featuredmedia":[{"embeddable":true,"href":"https:\/\/www.testsealabs-kit.com\/cs\/wp-json\/wp\/v2\/media\/948"}],"wp:attachment":[{"href":"https:\/\/www.testsealabs-kit.com\/cs\/wp-json\/wp\/v2\/media?parent=945"}],"wp:term":[{"taxonomy":"product_brand","embeddable":true,"href":"https:\/\/www.testsealabs-kit.com\/cs\/wp-json\/wp\/v2\/product_brand?post=945"},{"taxonomy":"product_cat","embeddable":true,"href":"https:\/\/www.testsealabs-kit.com\/cs\/wp-json\/wp\/v2\/product_cat?post=945"},{"taxonomy":"product_tag","embeddable":true,"href":"https:\/\/www.testsealabs-kit.com\/cs\/wp-json\/wp\/v2\/product_tag?post=945"}],"curies":[{"name":"wp","href":"https:\/\/api.w.org\/{rel}","templated":true}]}}