{"id":969,"date":"2022-04-25T20:58:02","date_gmt":"2022-04-25T12:58:02","guid":{"rendered":"https:\/\/www.testsealabs-kit.com\/?post_type=product&#038;p=969"},"modified":"2022-05-10T23:06:41","modified_gmt":"2022-05-10T15:06:41","slug":"covid-19-antigen-test-cassette-professional-use-saliva","status":"publish","type":"product","link":"https:\/\/www.testsealabs-kit.com\/cs\/produkt\/covid-19-antigen-test-cassette-professional-use-saliva\/","title":{"rendered":"Testovac\u00ed kazeta s antigenem COVID-19 - profesion\u00e1ln\u00ed pou\u017eit\u00ed - sliny"},"content":{"rendered":"<p>\u3010P\u0159edpokl\u00e1dan\u00e9 pou\u017eit\u00ed\u3011<\/p>\n<p>Testovac\u00ed kazeta s antigenem COVID-19 je rychl\u00e1 chromatografick\u00e1 imunoanal\u00fdza pro kvalitativn\u00ed stanoven\u00ed antigenu COVID-19.<\/p>\n<p>detekce antigenu COVID-19 ve vzorku slin, kter\u00e1 pom\u00e1h\u00e1 p\u0159i diagnostice virov\u00e9 infekce COVID-19.<\/p>\n<p>\u3010Certifik\u00e1t\u3011<\/p>\n<p>CE,ISO9001,ISO13485<\/p>","protected":false},"excerpt":{"rendered":"<p>COVID-19 Antigenn\u00ed test Kazetov\u00fd test \u7b80\u77ed\u63cf\u8ff0<\/p>","protected":false},"featured_media":972,"comment_status":"open","ping_status":"closed","template":"","meta":[],"product_brand":[],"product_cat":[20,26],"product_tag":[],"class_list":{"0":"post-969","1":"product","2":"type-product","3":"status-publish","4":"has-post-thumbnail","6":"product_cat-all-products","7":"product_cat-covid-19-sars-cov-2-rapid-test","8":"entry","10":"first","11":"instock","12":"shipping-taxable","13":"purchasable","14":"product-type-variable","15":"has-default-attributes"},"_links":{"self":[{"href":"https:\/\/www.testsealabs-kit.com\/cs\/wp-json\/wp\/v2\/product\/969","targetHints":{"allow":["GET"]}}],"collection":[{"href":"https:\/\/www.testsealabs-kit.com\/cs\/wp-json\/wp\/v2\/product"}],"about":[{"href":"https:\/\/www.testsealabs-kit.com\/cs\/wp-json\/wp\/v2\/types\/product"}],"replies":[{"embeddable":true,"href":"https:\/\/www.testsealabs-kit.com\/cs\/wp-json\/wp\/v2\/comments?post=969"}],"wp:featuredmedia":[{"embeddable":true,"href":"https:\/\/www.testsealabs-kit.com\/cs\/wp-json\/wp\/v2\/media\/972"}],"wp:attachment":[{"href":"https:\/\/www.testsealabs-kit.com\/cs\/wp-json\/wp\/v2\/media?parent=969"}],"wp:term":[{"taxonomy":"product_brand","embeddable":true,"href":"https:\/\/www.testsealabs-kit.com\/cs\/wp-json\/wp\/v2\/product_brand?post=969"},{"taxonomy":"product_cat","embeddable":true,"href":"https:\/\/www.testsealabs-kit.com\/cs\/wp-json\/wp\/v2\/product_cat?post=969"},{"taxonomy":"product_tag","embeddable":true,"href":"https:\/\/www.testsealabs-kit.com\/cs\/wp-json\/wp\/v2\/product_tag?post=969"}],"curies":[{"name":"wp","href":"https:\/\/api.w.org\/{rel}","templated":true}]}}