{"id":977,"date":"2022-04-25T21:02:34","date_gmt":"2022-04-25T13:02:34","guid":{"rendered":"https:\/\/www.testsealabs-kit.com\/?post_type=product&#038;p=977"},"modified":"2022-05-10T23:07:20","modified_gmt":"2022-05-10T15:07:20","slug":"covid-19-antigen-test-cassette-2-in-1-professional-use-nasal-swab-saliva","status":"publish","type":"product","link":"https:\/\/www.testsealabs-kit.com\/cs\/produkt\/covid-19-antigen-test-cassette-2-in-1-professional-use-nasal-swab-saliva\/","title":{"rendered":"COVID-19 Antigenn\u00ed testovac\u00ed kazeta 2 v 1-Profesion\u00e1ln\u00ed pou\u017eit\u00ed-Nosn\u00ed v\u00fdt\u011br\/Sliny"},"content":{"rendered":"<p>\u3010P\u0159edpokl\u00e1dan\u00e9 pou\u017eit\u00ed\u3011<\/p>\n<p>Testovac\u00ed kazeta s antigenem COVID-19 vyu\u017e\u00edv\u00e1 imunochromatografickou technologii k detekci antigenu SARS-CoV-2 v lidsk\u00e9m vzorku nosn\u00edho v\u00fdt\u011bru\u3001slin. Test Testsea nab\u00edz\u00ed v\u00fdsledky v laboratorn\u00ed kvalit\u011b p\u0159\u00edmo v m\u00edst\u011b p\u00e9\u010de. Tento test je pouze na jedno pou\u017eit\u00ed a je ur\u010den pouze pro profesion\u00e1ln\u00ed pou\u017eit\u00ed. doporu\u010den\u00ed pou\u017e\u00edt tento test do 7 dn\u016f od n\u00e1stupu p\u0159\u00edznak\u016f, Je podpo\u0159eno hodnocen\u00edm klinick\u00e9ho v\u00fdkonu.<\/p>\n<p>\u3010Certifik\u00e1t\u3011<\/p>\n<p>CE,ISO9001,ISO13485<\/p>","protected":false},"excerpt":{"rendered":"<p>COVID-19 Antigenn\u00ed test Kazetov\u00fd test \u7b80\u77ed\u63cf\u8ff0<\/p>","protected":false},"featured_media":980,"comment_status":"open","ping_status":"closed","template":"","meta":[],"product_brand":[],"product_cat":[20,26],"product_tag":[],"class_list":{"0":"post-977","1":"product","2":"type-product","3":"status-publish","4":"has-post-thumbnail","6":"product_cat-all-products","7":"product_cat-covid-19-sars-cov-2-rapid-test","8":"entry","10":"first","11":"instock","12":"shipping-taxable","13":"purchasable","14":"product-type-variable","15":"has-default-attributes"},"_links":{"self":[{"href":"https:\/\/www.testsealabs-kit.com\/cs\/wp-json\/wp\/v2\/product\/977","targetHints":{"allow":["GET"]}}],"collection":[{"href":"https:\/\/www.testsealabs-kit.com\/cs\/wp-json\/wp\/v2\/product"}],"about":[{"href":"https:\/\/www.testsealabs-kit.com\/cs\/wp-json\/wp\/v2\/types\/product"}],"replies":[{"embeddable":true,"href":"https:\/\/www.testsealabs-kit.com\/cs\/wp-json\/wp\/v2\/comments?post=977"}],"wp:featuredmedia":[{"embeddable":true,"href":"https:\/\/www.testsealabs-kit.com\/cs\/wp-json\/wp\/v2\/media\/980"}],"wp:attachment":[{"href":"https:\/\/www.testsealabs-kit.com\/cs\/wp-json\/wp\/v2\/media?parent=977"}],"wp:term":[{"taxonomy":"product_brand","embeddable":true,"href":"https:\/\/www.testsealabs-kit.com\/cs\/wp-json\/wp\/v2\/product_brand?post=977"},{"taxonomy":"product_cat","embeddable":true,"href":"https:\/\/www.testsealabs-kit.com\/cs\/wp-json\/wp\/v2\/product_cat?post=977"},{"taxonomy":"product_tag","embeddable":true,"href":"https:\/\/www.testsealabs-kit.com\/cs\/wp-json\/wp\/v2\/product_tag?post=977"}],"curies":[{"name":"wp","href":"https:\/\/api.w.org\/{rel}","templated":true}]}}