{"id":986,"date":"2022-04-25T21:13:28","date_gmt":"2022-04-25T13:13:28","guid":{"rendered":"https:\/\/www.testsealabs-kit.com\/?post_type=product&#038;p=986"},"modified":"2026-03-25T14:11:30","modified_gmt":"2026-03-25T06:11:30","slug":"influenza-ab-test-cassette-professional-use","status":"publish","type":"product","link":"https:\/\/www.testsealabs-kit.com\/cs\/produkt\/influenza-ab-test-cassette-professional-use\/","title":{"rendered":"Testovac\u00ed kazeta na ch\u0159ipku A&amp;B - profesion\u00e1ln\u00ed pou\u017eit\u00ed"},"content":{"rendered":"<p>\u3010P\u0159edpokl\u00e1dan\u00e9 pou\u017eit\u00ed\u3011<\/p>\n<p>Rychl\u00e1 testovac\u00ed kazeta na ch\u0159ipku A&amp;B je rychl\u00fd chromatografick\u00fd imunoanalytick\u00fd test na ch\u0159ipku A&amp;B.<\/p>\n<p>kvalitativn\u00ed detekce antigen\u016f ch\u0159ipky A a B ve vzorc\u00edch nosn\u00edch v\u00fdt\u011br\u016f. Je ur\u010den k rychl\u00e9 diferenci\u00e1ln\u00ed diagnostice virov\u00fdch infekc\u00ed ch\u0159ipky A a B.<\/p>\n<p>\u3010Certifik\u00e1t\u3011<\/p>\n<p>CE,ISO9001,ISO13485<\/p>","protected":false},"excerpt":{"rendered":"<p>\u3010Intended use\u3011 The Influenza A&amp;B Rapid Test Cassette is a rapid chromatographic immunoassay for the qualitative detection of influenza A and B antigens in nasal swab specimens. It is intended to aid in the rapid differential diagnosis of influenza A and B viral infections. \u3010Certificate\u3011 CE,ISO9001,ISO13485<\/p>","protected":false},"featured_media":987,"comment_status":"open","ping_status":"closed","template":"","meta":[],"product_brand":[],"product_cat":[20,53],"product_tag":[],"class_list":{"0":"post-986","1":"product","2":"type-product","3":"status-publish","4":"has-post-thumbnail","6":"product_cat-all-products","7":"product_cat-infectious-disease-rapid-test","8":"entry","10":"first","11":"instock","12":"shipping-taxable","13":"purchasable","14":"product-type-variable","15":"has-default-attributes"},"_links":{"self":[{"href":"https:\/\/www.testsealabs-kit.com\/cs\/wp-json\/wp\/v2\/product\/986","targetHints":{"allow":["GET"]}}],"collection":[{"href":"https:\/\/www.testsealabs-kit.com\/cs\/wp-json\/wp\/v2\/product"}],"about":[{"href":"https:\/\/www.testsealabs-kit.com\/cs\/wp-json\/wp\/v2\/types\/product"}],"replies":[{"embeddable":true,"href":"https:\/\/www.testsealabs-kit.com\/cs\/wp-json\/wp\/v2\/comments?post=986"}],"wp:featuredmedia":[{"embeddable":true,"href":"https:\/\/www.testsealabs-kit.com\/cs\/wp-json\/wp\/v2\/media\/987"}],"wp:attachment":[{"href":"https:\/\/www.testsealabs-kit.com\/cs\/wp-json\/wp\/v2\/media?parent=986"}],"wp:term":[{"taxonomy":"product_brand","embeddable":true,"href":"https:\/\/www.testsealabs-kit.com\/cs\/wp-json\/wp\/v2\/product_brand?post=986"},{"taxonomy":"product_cat","embeddable":true,"href":"https:\/\/www.testsealabs-kit.com\/cs\/wp-json\/wp\/v2\/product_cat?post=986"},{"taxonomy":"product_tag","embeddable":true,"href":"https:\/\/www.testsealabs-kit.com\/cs\/wp-json\/wp\/v2\/product_tag?post=986"}],"curies":[{"name":"wp","href":"https:\/\/api.w.org\/{rel}","templated":true}]}}