{"id":1217,"date":"2022-05-19T11:09:59","date_gmt":"2022-05-19T03:09:59","guid":{"rendered":"https:\/\/www.testsealabs-kit.com\/?post_type=product&#038;p=1217"},"modified":"2025-03-10T15:55:44","modified_gmt":"2025-03-10T07:55:44","slug":"canine-distemper-virus-antigen-testcdv-ag","status":"publish","type":"product","link":"https:\/\/www.testsealabs-kit.com\/da\/vare\/canine-distemper-virus-antigen-testcdv-ag\/","title":{"rendered":"Antigentest for hundesygevirus (CDV Ag)"},"content":{"rendered":"<p><span style=\"font-size: 14pt;\">1.F\u00e5 resultat inden for 15 minutter<\/span><\/p>\n<p><span style=\"font-size: 14pt;\">2.Let at indsamle pr\u00f8ver<\/span><\/p>\n<p><span style=\"font-size: 14pt;\">3.Resultaterne er tydeligt synlige<\/span><\/p>\n<p><span style=\"font-size: 14pt;\">4.Intet udstyr er p\u00e5kr\u00e6vet<\/span><\/p>\n<p><span style=\"font-size: 14pt;\">5.Velegnet til hurtig screening i stor skala<\/span><\/p>","protected":false},"excerpt":{"rendered":"<p>Produktet er et lateral flow immunokromatografisk assay til kvalitativ p\u00e5visning af antigen af hundesygevirus (CDV Ag) i sekreter fra spyt-, \u00f8jen- og konjunktivalsekretionspr\u00f8ver.<\/p>\n<p>&nbsp;<\/p>\n<p>Hundesyge er en verdensomsp\u00e6ndende akut og meget smitsom viral infektionssygdom. Den naturlige smittevej for CDV g\u00e5r hovedsagelig gennem de \u00f8vre luftveje. Efter at v\u00e6re blevet inficeret med CDV angriber CDV celler i tarmepitel- og kardiomyocytter. De vigtigste kliniske manifestationer er gastrointestinale sygdomme og myokarditis, og de fleste hvalpe f\u00e5r myokarditis. Hundesyge er en slags infektionssygdom med h\u00f8j forekomst, h\u00f8j d\u00f8delighed og hyppige udbrud. Hunde af forskellige aldre, k\u00f8n og racer kan smittes.<\/p>","protected":false},"featured_media":1216,"comment_status":"open","ping_status":"closed","template":"","meta":[],"product_brand":[],"product_cat":[20,47],"product_tag":[],"class_list":{"0":"post-1217","1":"product","2":"type-product","3":"status-publish","4":"has-post-thumbnail","6":"product_cat-all-products","7":"product_cat-animals-diagnostic-rapid-test","8":"entry","10":"first","11":"instock","12":"shipping-taxable","13":"product-type-simple"},"_links":{"self":[{"href":"https:\/\/www.testsealabs-kit.com\/da\/wp-json\/wp\/v2\/product\/1217","targetHints":{"allow":["GET"]}}],"collection":[{"href":"https:\/\/www.testsealabs-kit.com\/da\/wp-json\/wp\/v2\/product"}],"about":[{"href":"https:\/\/www.testsealabs-kit.com\/da\/wp-json\/wp\/v2\/types\/product"}],"replies":[{"embeddable":true,"href":"https:\/\/www.testsealabs-kit.com\/da\/wp-json\/wp\/v2\/comments?post=1217"}],"wp:featuredmedia":[{"embeddable":true,"href":"https:\/\/www.testsealabs-kit.com\/da\/wp-json\/wp\/v2\/media\/1216"}],"wp:attachment":[{"href":"https:\/\/www.testsealabs-kit.com\/da\/wp-json\/wp\/v2\/media?parent=1217"}],"wp:term":[{"taxonomy":"product_brand","embeddable":true,"href":"https:\/\/www.testsealabs-kit.com\/da\/wp-json\/wp\/v2\/product_brand?post=1217"},{"taxonomy":"product_cat","embeddable":true,"href":"https:\/\/www.testsealabs-kit.com\/da\/wp-json\/wp\/v2\/product_cat?post=1217"},{"taxonomy":"product_tag","embeddable":true,"href":"https:\/\/www.testsealabs-kit.com\/da\/wp-json\/wp\/v2\/product_tag?post=1217"}],"curies":[{"name":"wp","href":"https:\/\/api.w.org\/{rel}","templated":true}]}}