{"id":1222,"date":"2022-05-19T11:29:08","date_gmt":"2022-05-19T03:29:08","guid":{"rendered":"https:\/\/www.testsealabs-kit.com\/?post_type=product&#038;p=1222"},"modified":"2022-05-19T11:29:08","modified_gmt":"2022-05-19T03:29:08","slug":"pregnancy-relaxin-testrln","status":"publish","type":"product","link":"https:\/\/www.testsealabs-kit.com\/da\/vare\/pregnancy-relaxin-testrln\/","title":{"rendered":"Graviditet Relaxin Test (RLN)"},"content":{"rendered":"<p><span style=\"font-size: 14pt;\">1.F\u00e5 resultat inden for 15 minutter<\/span><br \/>\n<span style=\"font-size: 14pt;\">2.Let at indsamle pr\u00f8ver<\/span><br \/>\n<span style=\"font-size: 14pt;\">3.Resultaterne er tydeligt synlige<\/span><br \/>\n<span style=\"font-size: 14pt;\">4.Intet udstyr er p\u00e5kr\u00e6vet<\/span><br \/>\n<span style=\"font-size: 14pt;\">5.Velegnet til hurtig screening i stor skala<\/span><\/p>","protected":false},"excerpt":{"rendered":"<p>Produktet er et specifikt hormon, der hovedsageligt dannes af moderkagen. Det bruges normalt som en indikator for dr\u00e6gtighedsstatus hos hunhunde. Hos dr\u00e6gtige hunde kan relaxin p\u00e5vises fra 15 dage efter nidation af befrugtet \u00e6g i livmoderv\u00e6ggen. Pregnancy Relaxin RLN Test er en hurtig test til at p\u00e5vise relaxin hos t\u00e6ver, der kan v\u00e6re dr\u00e6gtige. Den foresl\u00e5ede detektionsperiode er 22-30 dage efter parring. For tidlig p\u00e5visning kan f\u00f8re til et negativt resultat, n\u00e5r relaxin i serum er for lavt. Det anbefales at gentage testen efter 1 uge, hvis der er observeret et negativt resultat.<\/p>\n<p>Canine Pregnancy Relaxin Test er et hurtigt kromatografisk immunoassay til kvalitativ p\u00e5visning af realxin i serumpr\u00f8ver.<\/p>","protected":false},"featured_media":1216,"comment_status":"open","ping_status":"closed","template":"","meta":[],"product_brand":[],"product_cat":[20,47],"product_tag":[],"class_list":{"0":"post-1222","1":"product","2":"type-product","3":"status-publish","4":"has-post-thumbnail","6":"product_cat-all-products","7":"product_cat-animals-diagnostic-rapid-test","8":"entry","10":"first","11":"instock","12":"shipping-taxable","13":"product-type-simple"},"_links":{"self":[{"href":"https:\/\/www.testsealabs-kit.com\/da\/wp-json\/wp\/v2\/product\/1222","targetHints":{"allow":["GET"]}}],"collection":[{"href":"https:\/\/www.testsealabs-kit.com\/da\/wp-json\/wp\/v2\/product"}],"about":[{"href":"https:\/\/www.testsealabs-kit.com\/da\/wp-json\/wp\/v2\/types\/product"}],"replies":[{"embeddable":true,"href":"https:\/\/www.testsealabs-kit.com\/da\/wp-json\/wp\/v2\/comments?post=1222"}],"wp:featuredmedia":[{"embeddable":true,"href":"https:\/\/www.testsealabs-kit.com\/da\/wp-json\/wp\/v2\/media\/1216"}],"wp:attachment":[{"href":"https:\/\/www.testsealabs-kit.com\/da\/wp-json\/wp\/v2\/media?parent=1222"}],"wp:term":[{"taxonomy":"product_brand","embeddable":true,"href":"https:\/\/www.testsealabs-kit.com\/da\/wp-json\/wp\/v2\/product_brand?post=1222"},{"taxonomy":"product_cat","embeddable":true,"href":"https:\/\/www.testsealabs-kit.com\/da\/wp-json\/wp\/v2\/product_cat?post=1222"},{"taxonomy":"product_tag","embeddable":true,"href":"https:\/\/www.testsealabs-kit.com\/da\/wp-json\/wp\/v2\/product_tag?post=1222"}],"curies":[{"name":"wp","href":"https:\/\/api.w.org\/{rel}","templated":true}]}}