{"id":1227,"date":"2022-05-19T11:36:20","date_gmt":"2022-05-19T03:36:20","guid":{"rendered":"https:\/\/www.testsealabs-kit.com\/?post_type=product&#038;p=1227"},"modified":"2022-05-19T11:36:20","modified_gmt":"2022-05-19T03:36:20","slug":"feline-heartworm-antigen-testfhw-ag","status":"publish","type":"product","link":"https:\/\/www.testsealabs-kit.com\/da\/vare\/feline-heartworm-antigen-testfhw-ag\/","title":{"rendered":"Feline Heartworm Antigen Test (FHW Ag)"},"content":{"rendered":"<p><span style=\"font-size: 14pt;\">1.F\u00e5 resultat inden for 15 minutter<\/span><br \/>\n<span style=\"font-size: 14pt;\">2.Let at indsamle pr\u00f8ver<\/span><br \/>\n<span style=\"font-size: 14pt;\">3.Resultaterne er tydeligt synlige<\/span><br \/>\n<span style=\"font-size: 14pt;\">4.Intet udstyr er p\u00e5kr\u00e6vet<\/span><br \/>\n<span style=\"font-size: 14pt;\">5.Velegnet til hurtig screening i stor skala<\/span><\/p>","protected":false},"excerpt":{"rendered":"<p>Produktet er et sandwich lateral flow immunokromatografisk assay til kvalitativ p\u00e5visning af feline heartworm antigen (FHW Ag) i kattes fuldblod\/serum.<\/p>\n<p>&nbsp;<\/p>\n<p>FHW er en smitsom sygdom, der kan smitte katte i alle aldre gennem myggestik. Da FHW lever i kattens hjerte, kan den for\u00e5rsage kronisk endokarditis, hjertehypertrofi og dilatation af h\u00f8jre ventrikel. N\u00e5r infektionen er alvorlig, kan ven\u00f8s overbelastning f\u00f8re til ascites og hepatomegali.<\/p>","protected":false},"featured_media":1216,"comment_status":"open","ping_status":"closed","template":"","meta":[],"product_brand":[],"product_cat":[20,47],"product_tag":[],"class_list":{"0":"post-1227","1":"product","2":"type-product","3":"status-publish","4":"has-post-thumbnail","6":"product_cat-all-products","7":"product_cat-animals-diagnostic-rapid-test","8":"entry","10":"first","11":"instock","12":"shipping-taxable","13":"product-type-simple"},"_links":{"self":[{"href":"https:\/\/www.testsealabs-kit.com\/da\/wp-json\/wp\/v2\/product\/1227","targetHints":{"allow":["GET"]}}],"collection":[{"href":"https:\/\/www.testsealabs-kit.com\/da\/wp-json\/wp\/v2\/product"}],"about":[{"href":"https:\/\/www.testsealabs-kit.com\/da\/wp-json\/wp\/v2\/types\/product"}],"replies":[{"embeddable":true,"href":"https:\/\/www.testsealabs-kit.com\/da\/wp-json\/wp\/v2\/comments?post=1227"}],"wp:featuredmedia":[{"embeddable":true,"href":"https:\/\/www.testsealabs-kit.com\/da\/wp-json\/wp\/v2\/media\/1216"}],"wp:attachment":[{"href":"https:\/\/www.testsealabs-kit.com\/da\/wp-json\/wp\/v2\/media?parent=1227"}],"wp:term":[{"taxonomy":"product_brand","embeddable":true,"href":"https:\/\/www.testsealabs-kit.com\/da\/wp-json\/wp\/v2\/product_brand?post=1227"},{"taxonomy":"product_cat","embeddable":true,"href":"https:\/\/www.testsealabs-kit.com\/da\/wp-json\/wp\/v2\/product_cat?post=1227"},{"taxonomy":"product_tag","embeddable":true,"href":"https:\/\/www.testsealabs-kit.com\/da\/wp-json\/wp\/v2\/product_tag?post=1227"}],"curies":[{"name":"wp","href":"https:\/\/api.w.org\/{rel}","templated":true}]}}