{"id":1232,"date":"2022-05-19T11:54:52","date_gmt":"2022-05-19T03:54:52","guid":{"rendered":"https:\/\/www.testsealabs-kit.com\/?post_type=product&#038;p=1232"},"modified":"2025-10-23T10:22:03","modified_gmt":"2025-10-23T02:22:03","slug":"feline-toxoplasma-antibody-testf-toxo-ab","status":"publish","type":"product","link":"https:\/\/www.testsealabs-kit.com\/da\/vare\/feline-toxoplasma-antibody-testf-toxo-ab\/","title":{"rendered":"Feline Toxoplasma Antistof Test (F.TOXO Ab)"},"content":{"rendered":"<p><span style=\"font-size: 14pt;\">1.F\u00e5 resultat inden for 15 minutter<\/span><br \/>\n<span style=\"font-size: 14pt;\">2.Let at indsamle pr\u00f8ver<\/span><br \/>\n<span style=\"font-size: 14pt;\">3.Resultaterne er tydeligt synlige<\/span><br \/>\n<span style=\"font-size: 14pt;\">4.Intet udstyr er p\u00e5kr\u00e6vet<\/span><br \/>\n<span style=\"font-size: 14pt;\">5.Velegnet til hurtig screening i stor skala<\/span><\/p>","protected":false},"excerpt":{"rendered":"<p>Produktet er et kvalitativt kolloidt guldbaseret immunokromatografisk lateral flow-assay til p\u00e5visning af Toxoplasma-antistof.<\/p>\n<p>&nbsp;<\/p>\n<p>Toxoplasmose er en slags zoonose for\u00e5rsaget af Toxoplasma gondii, som er udbredt over hele verden og udg\u00f8r en alvorlig fare for menneskers sundhed. Toxoplasma gondii kan inficere alle slags husdyr og vilde dyr, men det er mest modtageligt for unge dyr. Den vigtigste smittevej er gennem munden. N\u00e5r Toxoplasma gondii sluges af en sund kat, slipper den ud af tarmkanalen og kommer ind i v\u00e6vet med blodcirkulationen, hvorefter den invaderer og formerer sig hurtigt i cellerne og bliver til en intracellul\u00e6r pseudocyste, der for\u00e5rsager kliniske symptomer.<\/p>","protected":false},"featured_media":1216,"comment_status":"open","ping_status":"closed","template":"","meta":[],"product_brand":[],"product_cat":[20,47],"product_tag":[],"class_list":{"0":"post-1232","1":"product","2":"type-product","3":"status-publish","4":"has-post-thumbnail","6":"product_cat-all-products","7":"product_cat-animals-diagnostic-rapid-test","8":"entry","10":"first","11":"instock","12":"shipping-taxable","13":"product-type-simple"},"_links":{"self":[{"href":"https:\/\/www.testsealabs-kit.com\/da\/wp-json\/wp\/v2\/product\/1232","targetHints":{"allow":["GET"]}}],"collection":[{"href":"https:\/\/www.testsealabs-kit.com\/da\/wp-json\/wp\/v2\/product"}],"about":[{"href":"https:\/\/www.testsealabs-kit.com\/da\/wp-json\/wp\/v2\/types\/product"}],"replies":[{"embeddable":true,"href":"https:\/\/www.testsealabs-kit.com\/da\/wp-json\/wp\/v2\/comments?post=1232"}],"wp:featuredmedia":[{"embeddable":true,"href":"https:\/\/www.testsealabs-kit.com\/da\/wp-json\/wp\/v2\/media\/1216"}],"wp:attachment":[{"href":"https:\/\/www.testsealabs-kit.com\/da\/wp-json\/wp\/v2\/media?parent=1232"}],"wp:term":[{"taxonomy":"product_brand","embeddable":true,"href":"https:\/\/www.testsealabs-kit.com\/da\/wp-json\/wp\/v2\/product_brand?post=1232"},{"taxonomy":"product_cat","embeddable":true,"href":"https:\/\/www.testsealabs-kit.com\/da\/wp-json\/wp\/v2\/product_cat?post=1232"},{"taxonomy":"product_tag","embeddable":true,"href":"https:\/\/www.testsealabs-kit.com\/da\/wp-json\/wp\/v2\/product_tag?post=1232"}],"curies":[{"name":"wp","href":"https:\/\/api.w.org\/{rel}","templated":true}]}}