{"id":749,"date":"2022-04-07T02:00:56","date_gmt":"2022-04-06T18:00:56","guid":{"rendered":"https:\/\/www.testsealabs-kit.com\/?post_type=product&#038;p=749"},"modified":"2026-04-29T19:57:30","modified_gmt":"2026-04-29T11:57:30","slug":"covid-19-antigen-test-cassette-self-test","status":"publish","type":"product","link":"https:\/\/www.testsealabs-kit.com\/da\/vare\/covid-19-antigen-test-cassette-self-test\/","title":{"rendered":"COVID-19 Antigen Test Kassette-selvtest-N\u00e6sepodning"},"content":{"rendered":"<p>\u3010T\u00e6nkt anvendelse\u3011<\/p>\n<p>COVID-19 Antigen Test Cassette er en hurtig test til kvalitativ p\u00e5visning af SARS-CoV-2 nucleocapsid-antigen i anteriore n\u00e6sesvaberpr\u00f8ver. Den bruges til at hj\u00e6lpe med at diagnosticere SARS- CoV-2-infektion, der kan f\u00f8re til COVID-19-sygdom. Testen kan udf\u00f8res n\u00e5r som helst og er velegnet til personer med symptomer. Mindre\u00e5rige skal assisteres i testen af voksne Det anbefales kun at bruge denne test som et supplement til andre diagnostiske procedurer. Testen er designet til selvadministration af l\u00e6gfolk og kan udf\u00f8res uden for laboratoriet.<\/p>\n<p>\u3010Certifikat\u3011<\/p>\n<p>CE,ISO9001,ISO13485<\/p>","protected":false},"excerpt":{"rendered":"<p>COVID-19 antigen-test Kassette-selvtest \u7b80\u77ed\u63cf\u8ff0<\/p>","protected":false},"featured_media":682,"comment_status":"open","ping_status":"closed","template":"","meta":[],"product_brand":[],"product_cat":[20,26],"product_tag":[],"class_list":{"0":"post-749","1":"product","2":"type-product","3":"status-publish","4":"has-post-thumbnail","6":"product_cat-all-products","7":"product_cat-covid-19-sars-cov-2-rapid-test","8":"entry","10":"first","11":"instock","12":"shipping-taxable","13":"purchasable","14":"product-type-variable","15":"has-default-attributes"},"_links":{"self":[{"href":"https:\/\/www.testsealabs-kit.com\/da\/wp-json\/wp\/v2\/product\/749","targetHints":{"allow":["GET"]}}],"collection":[{"href":"https:\/\/www.testsealabs-kit.com\/da\/wp-json\/wp\/v2\/product"}],"about":[{"href":"https:\/\/www.testsealabs-kit.com\/da\/wp-json\/wp\/v2\/types\/product"}],"replies":[{"embeddable":true,"href":"https:\/\/www.testsealabs-kit.com\/da\/wp-json\/wp\/v2\/comments?post=749"}],"wp:featuredmedia":[{"embeddable":true,"href":"https:\/\/www.testsealabs-kit.com\/da\/wp-json\/wp\/v2\/media\/682"}],"wp:attachment":[{"href":"https:\/\/www.testsealabs-kit.com\/da\/wp-json\/wp\/v2\/media?parent=749"}],"wp:term":[{"taxonomy":"product_brand","embeddable":true,"href":"https:\/\/www.testsealabs-kit.com\/da\/wp-json\/wp\/v2\/product_brand?post=749"},{"taxonomy":"product_cat","embeddable":true,"href":"https:\/\/www.testsealabs-kit.com\/da\/wp-json\/wp\/v2\/product_cat?post=749"},{"taxonomy":"product_tag","embeddable":true,"href":"https:\/\/www.testsealabs-kit.com\/da\/wp-json\/wp\/v2\/product_tag?post=749"}],"curies":[{"name":"wp","href":"https:\/\/api.w.org\/{rel}","templated":true}]}}