{"id":945,"date":"2022-04-25T20:40:10","date_gmt":"2022-04-25T12:40:10","guid":{"rendered":"https:\/\/www.testsealabs-kit.com\/?post_type=product&#038;p=945"},"modified":"2022-05-10T23:01:59","modified_gmt":"2022-05-10T15:01:59","slug":"flu-a-b-covid-19-antigen-combo-test-cassette-professional-use","status":"publish","type":"product","link":"https:\/\/www.testsealabs-kit.com\/da\/vare\/flu-a-b-covid-19-antigen-combo-test-cassette-professional-use\/","title":{"rendered":"Flu A\/B + COVID-19 Antigen Combo Test Cassette-Professionel brug"},"content":{"rendered":"<p>\u3010T\u00e6nkt anvendelse\u3011<\/p>\n<p>Testen er beregnet til brug ved samtidig hurtig in vitro-p\u00e5visning og differentiering af<\/p>\n<p>influenza A-virus, influenza B-virus og COVID-19-virus nucleocapsid protein antigen , men g\u00f8r det ikke<\/p>\n<p>ikke skelne mellem SARS-CoV og COVID-19-vira og er ikke beregnet til at opdage<\/p>\n<p>influenza C-antigener. Egenskaberne kan variere i forhold til andre nye influenzaer<\/p>\n<p>virusser.<\/p>\n<p>Influenza A-, influenza B- og COVID-19-virusantigener kan generelt p\u00e5vises i pr\u00f8ver fra de \u00f8vre luftveje i den akutte infektionsfase. Positive resultater indikerer tilstedev\u00e6relsen af virale antigener, men klinisk korrelation med patientens historie og andre diagnostiske oplysninger er n\u00f8dvendig for at bestemme infektionsstatus.<\/p>\n<p>Positive resultater udelukker ikke bakteriel infektion eller co-infektion med andre vira. Agenten<\/p>\n<p>Det er ikke sikkert, at en p\u00e5vist sygdom er den egentlige \u00e5rsag.<\/p>\n<p>Negative COVID-19-resultater fra patienter med symptomdebut efter fem dage b\u00f8r v\u00e6re<\/p>\n<p>behandles som formodet og bekr\u00e6ftes med et molekyl\u00e6rt assay, hvis det er n\u00f8dvendigt, for patienten<\/p>\n<p>h\u00e5ndtering, kan udf\u00f8res. Negative resultater udelukker ikke COVID-19 og b\u00f8r ikke v\u00e6re<\/p>\n<p>bruges som eneste grundlag for beslutninger om behandling eller patienth\u00e5ndtering, herunder infektion<\/p>\n<p>beslutninger om kontrol. Negative resultater skal ses i sammenh\u00e6ng med en patients nylige<\/p>\n<p>eksponeringer, historie og tilstedev\u00e6relse af kliniske tegn og symptomer, der stemmer overens med COVID-19.<\/p>\n<p>Negative resultater udelukker ikke influenzavirusinfektioner og b\u00f8r ikke bruges som eneste<\/p>\n<p>grundlag for beslutninger om behandling eller anden patienth\u00e5ndtering.<\/p>\n<p>\u3010Certifikat\u3011<\/p>\n<p>CE,ISO9001,ISO13485<\/p>","protected":false},"excerpt":{"rendered":"<p>COVID-19 antigen-test Kassette-selvtest \u7b80\u77ed\u63cf\u8ff0<\/p>","protected":false},"featured_media":948,"comment_status":"open","ping_status":"closed","template":"","meta":[],"product_brand":[],"product_cat":[20,26],"product_tag":[],"class_list":{"0":"post-945","1":"product","2":"type-product","3":"status-publish","4":"has-post-thumbnail","6":"product_cat-all-products","7":"product_cat-covid-19-sars-cov-2-rapid-test","8":"entry","10":"first","11":"instock","12":"shipping-taxable","13":"purchasable","14":"product-type-variable","15":"has-default-attributes"},"_links":{"self":[{"href":"https:\/\/www.testsealabs-kit.com\/da\/wp-json\/wp\/v2\/product\/945","targetHints":{"allow":["GET"]}}],"collection":[{"href":"https:\/\/www.testsealabs-kit.com\/da\/wp-json\/wp\/v2\/product"}],"about":[{"href":"https:\/\/www.testsealabs-kit.com\/da\/wp-json\/wp\/v2\/types\/product"}],"replies":[{"embeddable":true,"href":"https:\/\/www.testsealabs-kit.com\/da\/wp-json\/wp\/v2\/comments?post=945"}],"wp:featuredmedia":[{"embeddable":true,"href":"https:\/\/www.testsealabs-kit.com\/da\/wp-json\/wp\/v2\/media\/948"}],"wp:attachment":[{"href":"https:\/\/www.testsealabs-kit.com\/da\/wp-json\/wp\/v2\/media?parent=945"}],"wp:term":[{"taxonomy":"product_brand","embeddable":true,"href":"https:\/\/www.testsealabs-kit.com\/da\/wp-json\/wp\/v2\/product_brand?post=945"},{"taxonomy":"product_cat","embeddable":true,"href":"https:\/\/www.testsealabs-kit.com\/da\/wp-json\/wp\/v2\/product_cat?post=945"},{"taxonomy":"product_tag","embeddable":true,"href":"https:\/\/www.testsealabs-kit.com\/da\/wp-json\/wp\/v2\/product_tag?post=945"}],"curies":[{"name":"wp","href":"https:\/\/api.w.org\/{rel}","templated":true}]}}