{"id":991,"date":"2022-04-25T21:15:23","date_gmt":"2022-04-25T13:15:23","guid":{"rendered":"https:\/\/www.testsealabs-kit.com\/?post_type=product&#038;p=991"},"modified":"2022-05-19T11:06:22","modified_gmt":"2022-05-19T03:06:22","slug":"canine-parvo-virus-antigen-test-cassettecpv-ag","status":"publish","type":"product","link":"https:\/\/www.testsealabs-kit.com\/da\/vare\/canine-parvo-virus-antigen-test-cassettecpv-ag\/","title":{"rendered":"Testkassette til antigen mod parvo-virus hos hunde (CPV AG)"},"content":{"rendered":"<p><span style=\"font-size: 14pt;\">1.F\u00e5 resultat inden for 15 minutter<\/span><\/p>\n<p><span style=\"font-size: 14pt;\">2.Let at indsamle pr\u00f8ver<\/span><\/p>\n<p><span style=\"font-size: 14pt;\">3.Resultaterne er tydeligt synlige<\/span><\/p>\n<p><span style=\"font-size: 14pt;\">4.Intet udstyr er p\u00e5kr\u00e6vet<\/span><\/p>\n<p><span style=\"font-size: 14pt;\">5.Velegnet til hurtig screening i stor skala<\/span><\/p>","protected":false},"excerpt":{"rendered":"<p>Produktet er et lateral flow immunokromatografisk assay til kvalitativ detektion af Canine Parvovirus-antigener (CPV Ag) i hundeaff\u00f8ring.<\/p>\n<p>&nbsp;<\/p>\n<p>Efter infektion med CPV vil CPV angribe cellerne i tarmepitelet og hjertemuskulaturen hos hunde, og de kliniske manifestationer er gastrointestinale sygdomme og myokarditis, hvalpene er for det meste myokarditis. Efter infektion vil hunden have en h\u00f8j forekomst og d\u00f8delighed. CPV forekommer ofte som en udbrudsepidemi, og hunde i forskellige aldre, k\u00f8n og racer kan blive smittet.<\/p>","protected":false},"featured_media":1216,"comment_status":"open","ping_status":"closed","template":"","meta":[],"product_brand":[],"product_cat":[20,47],"product_tag":[],"class_list":{"0":"post-991","1":"product","2":"type-product","3":"status-publish","4":"has-post-thumbnail","6":"product_cat-all-products","7":"product_cat-animals-diagnostic-rapid-test","8":"entry","10":"first","11":"instock","12":"shipping-taxable","13":"purchasable","14":"product-type-variable","15":"has-default-attributes"},"_links":{"self":[{"href":"https:\/\/www.testsealabs-kit.com\/da\/wp-json\/wp\/v2\/product\/991","targetHints":{"allow":["GET"]}}],"collection":[{"href":"https:\/\/www.testsealabs-kit.com\/da\/wp-json\/wp\/v2\/product"}],"about":[{"href":"https:\/\/www.testsealabs-kit.com\/da\/wp-json\/wp\/v2\/types\/product"}],"replies":[{"embeddable":true,"href":"https:\/\/www.testsealabs-kit.com\/da\/wp-json\/wp\/v2\/comments?post=991"}],"wp:featuredmedia":[{"embeddable":true,"href":"https:\/\/www.testsealabs-kit.com\/da\/wp-json\/wp\/v2\/media\/1216"}],"wp:attachment":[{"href":"https:\/\/www.testsealabs-kit.com\/da\/wp-json\/wp\/v2\/media?parent=991"}],"wp:term":[{"taxonomy":"product_brand","embeddable":true,"href":"https:\/\/www.testsealabs-kit.com\/da\/wp-json\/wp\/v2\/product_brand?post=991"},{"taxonomy":"product_cat","embeddable":true,"href":"https:\/\/www.testsealabs-kit.com\/da\/wp-json\/wp\/v2\/product_cat?post=991"},{"taxonomy":"product_tag","embeddable":true,"href":"https:\/\/www.testsealabs-kit.com\/da\/wp-json\/wp\/v2\/product_tag?post=991"}],"curies":[{"name":"wp","href":"https:\/\/api.w.org\/{rel}","templated":true}]}}