{"id":1217,"date":"2022-05-19T11:09:59","date_gmt":"2022-05-19T03:09:59","guid":{"rendered":"https:\/\/www.testsealabs-kit.com\/?post_type=product&#038;p=1217"},"modified":"2025-03-10T15:55:44","modified_gmt":"2025-03-10T07:55:44","slug":"canine-distemper-virus-antigen-testcdv-ag","status":"publish","type":"product","link":"https:\/\/www.testsealabs-kit.com\/de\/produkt\/canine-distemper-virus-antigen-testcdv-ag\/","title":{"rendered":"Hundestaupe-Virus-Antigentest (CDV Ag)"},"content":{"rendered":"<p><span style=\"font-size: 14pt;\">1. innerhalb von 15 Minuten ein Ergebnis erhalten<\/span><\/p>\n<p><span style=\"font-size: 14pt;\">2. leicht zu sammelnde Proben<\/span><\/p>\n<p><span style=\"font-size: 14pt;\">3. die Ergebnisse sind deutlich sichtbar<\/span><\/p>\n<p><span style=\"font-size: 14pt;\">4. keine Ausr\u00fcstung erforderlich<\/span><\/p>\n<p><span style=\"font-size: 14pt;\">5. geeignet f\u00fcr gro\u00df angelegte Schnellscreenings<\/span><\/p>","protected":false},"excerpt":{"rendered":"<p>Das Produkt ist ein immunchromatographischer Lateral-Flow-Assay zum qualitativen Nachweis von Antigen des Hundestaupe-Virus (CDV Ag) in Speichel-, Augen- und Bindehautsekretproben.<\/p>\n<p>&nbsp;<\/p>\n<p>Die Hundestaupe ist eine weltweit verbreitete akute und hoch ansteckende virale Infektionskrankheit. Der nat\u00fcrliche Infektionsweg von CDV verl\u00e4uft haupts\u00e4chlich \u00fcber die oberen Atemwege. Nach der Infektion mit CDV greift CDV die Zellen des Darmepithels und der Kardiomyozyten an. Die wichtigsten klinischen Manifestationen sind Magen-Darm-Erkrankungen und Myokarditis, wobei die meisten Welpen an Myokarditis erkranken. Die Hundestaupe ist eine Infektionskrankheit mit hoher Inzidenz, hoher Sterblichkeit und h\u00e4ufigem Ausbruch. Hunde unterschiedlichen Alters, Geschlechts und Rasse k\u00f6nnen infiziert werden.<\/p>","protected":false},"featured_media":1216,"comment_status":"open","ping_status":"closed","template":"","meta":[],"product_brand":[],"product_cat":[20,47],"product_tag":[],"class_list":{"0":"post-1217","1":"product","2":"type-product","3":"status-publish","4":"has-post-thumbnail","6":"product_cat-all-products","7":"product_cat-animals-diagnostic-rapid-test","8":"entry","10":"first","11":"instock","12":"shipping-taxable","13":"product-type-simple"},"_links":{"self":[{"href":"https:\/\/www.testsealabs-kit.com\/de\/wp-json\/wp\/v2\/product\/1217","targetHints":{"allow":["GET"]}}],"collection":[{"href":"https:\/\/www.testsealabs-kit.com\/de\/wp-json\/wp\/v2\/product"}],"about":[{"href":"https:\/\/www.testsealabs-kit.com\/de\/wp-json\/wp\/v2\/types\/product"}],"replies":[{"embeddable":true,"href":"https:\/\/www.testsealabs-kit.com\/de\/wp-json\/wp\/v2\/comments?post=1217"}],"wp:featuredmedia":[{"embeddable":true,"href":"https:\/\/www.testsealabs-kit.com\/de\/wp-json\/wp\/v2\/media\/1216"}],"wp:attachment":[{"href":"https:\/\/www.testsealabs-kit.com\/de\/wp-json\/wp\/v2\/media?parent=1217"}],"wp:term":[{"taxonomy":"product_brand","embeddable":true,"href":"https:\/\/www.testsealabs-kit.com\/de\/wp-json\/wp\/v2\/product_brand?post=1217"},{"taxonomy":"product_cat","embeddable":true,"href":"https:\/\/www.testsealabs-kit.com\/de\/wp-json\/wp\/v2\/product_cat?post=1217"},{"taxonomy":"product_tag","embeddable":true,"href":"https:\/\/www.testsealabs-kit.com\/de\/wp-json\/wp\/v2\/product_tag?post=1217"}],"curies":[{"name":"wp","href":"https:\/\/api.w.org\/{rel}","templated":true}]}}