{"id":1218,"date":"2022-05-19T11:12:44","date_gmt":"2022-05-19T03:12:44","guid":{"rendered":"https:\/\/www.testsealabs-kit.com\/?post_type=product&#038;p=1218"},"modified":"2022-05-19T11:12:44","modified_gmt":"2022-05-19T03:12:44","slug":"canine-coronavirus-antigen-testccv-ag","status":"publish","type":"product","link":"https:\/\/www.testsealabs-kit.com\/de\/produkt\/canine-coronavirus-antigen-testccv-ag\/","title":{"rendered":"Coronavirus-Antigen-Test f\u00fcr Hunde (CCV Ag)"},"content":{"rendered":"<p><span style=\"font-size: 14pt;\">1. innerhalb von 15 Minuten ein Ergebnis erhalten<\/span><br \/>\n<span style=\"font-size: 14pt;\">2. leicht zu sammelnde Proben<\/span><br \/>\n<span style=\"font-size: 14pt;\">3. die Ergebnisse sind deutlich sichtbar<\/span><br \/>\n<span style=\"font-size: 14pt;\">4. keine Ausr\u00fcstung erforderlich<\/span><br \/>\n<span style=\"font-size: 14pt;\">5. geeignet f\u00fcr gro\u00df angelegte Schnellscreenings<\/span><\/p>","protected":false},"excerpt":{"rendered":"<p>Das Produkt ist eine Testkassette zum Nachweis von Caninen Coronavirus-Antigenen in einer Hundekotprobe. Das Canine Coronavirus-Antigen kann mit diesem Schnelltest nachgewiesen werden.<\/p>\n<p>&nbsp;<\/p>\n<p>Das Produkt geh\u00f6rt zu den einzelstr\u00e4ngigen RNA-Viren, die Gastroenteritis unterschiedlichen Grades verursachen k\u00f6nnen, und die Sterblichkeitsrate von Welpen ist nach der Infektion h\u00f6her. Die Inkubationszeit von CCV betr\u00e4gt 1 bis 8 Tage, und die Infektion breitet sich bald auf die gesamte Population aus.  In der Regel sind canine Coronaviren und Parvoviren gemischt infiziert und verursachen epidemische Durchf\u00e4lle bei Hunden.<\/p>","protected":false},"featured_media":1216,"comment_status":"open","ping_status":"closed","template":"","meta":[],"product_brand":[],"product_cat":[20,47],"product_tag":[],"class_list":{"0":"post-1218","1":"product","2":"type-product","3":"status-publish","4":"has-post-thumbnail","6":"product_cat-all-products","7":"product_cat-animals-diagnostic-rapid-test","8":"entry","10":"first","11":"instock","12":"shipping-taxable","13":"product-type-simple"},"_links":{"self":[{"href":"https:\/\/www.testsealabs-kit.com\/de\/wp-json\/wp\/v2\/product\/1218","targetHints":{"allow":["GET"]}}],"collection":[{"href":"https:\/\/www.testsealabs-kit.com\/de\/wp-json\/wp\/v2\/product"}],"about":[{"href":"https:\/\/www.testsealabs-kit.com\/de\/wp-json\/wp\/v2\/types\/product"}],"replies":[{"embeddable":true,"href":"https:\/\/www.testsealabs-kit.com\/de\/wp-json\/wp\/v2\/comments?post=1218"}],"wp:featuredmedia":[{"embeddable":true,"href":"https:\/\/www.testsealabs-kit.com\/de\/wp-json\/wp\/v2\/media\/1216"}],"wp:attachment":[{"href":"https:\/\/www.testsealabs-kit.com\/de\/wp-json\/wp\/v2\/media?parent=1218"}],"wp:term":[{"taxonomy":"product_brand","embeddable":true,"href":"https:\/\/www.testsealabs-kit.com\/de\/wp-json\/wp\/v2\/product_brand?post=1218"},{"taxonomy":"product_cat","embeddable":true,"href":"https:\/\/www.testsealabs-kit.com\/de\/wp-json\/wp\/v2\/product_cat?post=1218"},{"taxonomy":"product_tag","embeddable":true,"href":"https:\/\/www.testsealabs-kit.com\/de\/wp-json\/wp\/v2\/product_tag?post=1218"}],"curies":[{"name":"wp","href":"https:\/\/api.w.org\/{rel}","templated":true}]}}