{"id":1220,"date":"2022-05-19T11:22:05","date_gmt":"2022-05-19T03:22:05","guid":{"rendered":"https:\/\/www.testsealabs-kit.com\/?post_type=product&#038;p=1220"},"modified":"2022-05-19T11:22:05","modified_gmt":"2022-05-19T03:22:05","slug":"feline-panleucopenia-antigen-testfpv-ag","status":"publish","type":"product","link":"https:\/\/www.testsealabs-kit.com\/de\/produkt\/feline-panleucopenia-antigen-testfpv-ag\/","title":{"rendered":"Feline Panleukopenie-Antigen-Test (FPV Ag)"},"content":{"rendered":"<p><span style=\"font-size: 14pt;\">1. innerhalb von 15 Minuten ein Ergebnis erhalten<\/span><br \/>\n<span style=\"font-size: 14pt;\">2. leicht zu sammelnde Proben<\/span><br \/>\n<span style=\"font-size: 14pt;\">3. die Ergebnisse sind deutlich sichtbar<\/span><br \/>\n<span style=\"font-size: 14pt;\">4. keine Ausr\u00fcstung erforderlich<\/span><br \/>\n<span style=\"font-size: 14pt;\">5. geeignet f\u00fcr gro\u00df angelegte Schnellscreenings<\/span><\/p>","protected":false},"excerpt":{"rendered":"<p>Das Produkt ist ein immunchromatographischer Lateral-Flow-Assay f\u00fcr den qualitativen Nachweis von felinem Parvovirus-Antigen (FPV Ag) in Katzenkotproben.<\/p>\n<p>&nbsp;<\/p>\n<p>FPV kann feline Leukozytopenie, auch bekannt als Katzenstaupe, verursachen und ist eine akute, hoch ansteckende Krankheit. FPV kann durch direkten oder indirekten Kontakt unter nat\u00fcrlichen Bedingungen \u00fcbertragen werden und kann w\u00e4hrend der Tr\u00e4chtigkeit vertikal \u00fcber die Plazenta auf den F\u00f6tus \u00fcbertragen werden. Katzenstaupe tritt h\u00e4ufiger im Winter und im Fr\u00fchjahr auf.<\/p>","protected":false},"featured_media":1216,"comment_status":"open","ping_status":"closed","template":"","meta":[],"product_brand":[],"product_cat":[20,47],"product_tag":[],"class_list":{"0":"post-1220","1":"product","2":"type-product","3":"status-publish","4":"has-post-thumbnail","6":"product_cat-all-products","7":"product_cat-animals-diagnostic-rapid-test","8":"entry","10":"first","11":"instock","12":"shipping-taxable","13":"product-type-simple"},"_links":{"self":[{"href":"https:\/\/www.testsealabs-kit.com\/de\/wp-json\/wp\/v2\/product\/1220","targetHints":{"allow":["GET"]}}],"collection":[{"href":"https:\/\/www.testsealabs-kit.com\/de\/wp-json\/wp\/v2\/product"}],"about":[{"href":"https:\/\/www.testsealabs-kit.com\/de\/wp-json\/wp\/v2\/types\/product"}],"replies":[{"embeddable":true,"href":"https:\/\/www.testsealabs-kit.com\/de\/wp-json\/wp\/v2\/comments?post=1220"}],"wp:featuredmedia":[{"embeddable":true,"href":"https:\/\/www.testsealabs-kit.com\/de\/wp-json\/wp\/v2\/media\/1216"}],"wp:attachment":[{"href":"https:\/\/www.testsealabs-kit.com\/de\/wp-json\/wp\/v2\/media?parent=1220"}],"wp:term":[{"taxonomy":"product_brand","embeddable":true,"href":"https:\/\/www.testsealabs-kit.com\/de\/wp-json\/wp\/v2\/product_brand?post=1220"},{"taxonomy":"product_cat","embeddable":true,"href":"https:\/\/www.testsealabs-kit.com\/de\/wp-json\/wp\/v2\/product_cat?post=1220"},{"taxonomy":"product_tag","embeddable":true,"href":"https:\/\/www.testsealabs-kit.com\/de\/wp-json\/wp\/v2\/product_tag?post=1220"}],"curies":[{"name":"wp","href":"https:\/\/api.w.org\/{rel}","templated":true}]}}