{"id":1222,"date":"2022-05-19T11:29:08","date_gmt":"2022-05-19T03:29:08","guid":{"rendered":"https:\/\/www.testsealabs-kit.com\/?post_type=product&#038;p=1222"},"modified":"2022-05-19T11:29:08","modified_gmt":"2022-05-19T03:29:08","slug":"pregnancy-relaxin-testrln","status":"publish","type":"product","link":"https:\/\/www.testsealabs-kit.com\/de\/produkt\/pregnancy-relaxin-testrln\/","title":{"rendered":"Schwangerschafts-Relaxin-Test(RLN)"},"content":{"rendered":"<p><span style=\"font-size: 14pt;\">1. innerhalb von 15 Minuten ein Ergebnis erhalten<\/span><br \/>\n<span style=\"font-size: 14pt;\">2. leicht zu sammelnde Proben<\/span><br \/>\n<span style=\"font-size: 14pt;\">3. die Ergebnisse sind deutlich sichtbar<\/span><br \/>\n<span style=\"font-size: 14pt;\">4. keine Ausr\u00fcstung erforderlich<\/span><br \/>\n<span style=\"font-size: 14pt;\">5. geeignet f\u00fcr gro\u00df angelegte Schnellscreenings<\/span><\/p>","protected":false},"excerpt":{"rendered":"<p>Bei dem Produkt handelt es sich um ein spezifisches Hormon, das haupts\u00e4chlich von der Plazenta gebildet wird. Es wird normalerweise als Indikator f\u00fcr den Tr\u00e4chtigkeitsstatus bei weiblichen Hunden verwendet. Bei tr\u00e4chtigen H\u00fcndinnen kann Relaxin ab 15 Tagen nach der Einnistung der befruchteten Eizelle in der Geb\u00e4rmutterwand nachgewiesen werden. Der Tr\u00e4chtigkeits-Relaxin-RLN-Test ist ein Schnelltest zum Nachweis von Relaxin bei H\u00fcndinnen, die m\u00f6glicherweise tr\u00e4chtig sind. Der empfohlene Nachweiszeitraum ist 22-30 Tage nach dem Deckakt. Ein zu fr\u00fcher Nachweis kann zu einem negativen Ergebnis f\u00fchren, wenn das Relaxin im Serum zu niedrig ist. Es wird empfohlen, den Test nach 1 Woche zu wiederholen, wenn ein negatives Ergebnis festgestellt wurde.<\/p>\n<p>Der Canine Pregnancy Relaxin Test ist ein chromatographischer Schnellimmunoassay zum qualitativen Nachweis von Realxin in Serumproben.<\/p>","protected":false},"featured_media":1216,"comment_status":"open","ping_status":"closed","template":"","meta":[],"product_brand":[],"product_cat":[20,47],"product_tag":[],"class_list":{"0":"post-1222","1":"product","2":"type-product","3":"status-publish","4":"has-post-thumbnail","6":"product_cat-all-products","7":"product_cat-animals-diagnostic-rapid-test","8":"entry","10":"first","11":"instock","12":"shipping-taxable","13":"product-type-simple"},"_links":{"self":[{"href":"https:\/\/www.testsealabs-kit.com\/de\/wp-json\/wp\/v2\/product\/1222","targetHints":{"allow":["GET"]}}],"collection":[{"href":"https:\/\/www.testsealabs-kit.com\/de\/wp-json\/wp\/v2\/product"}],"about":[{"href":"https:\/\/www.testsealabs-kit.com\/de\/wp-json\/wp\/v2\/types\/product"}],"replies":[{"embeddable":true,"href":"https:\/\/www.testsealabs-kit.com\/de\/wp-json\/wp\/v2\/comments?post=1222"}],"wp:featuredmedia":[{"embeddable":true,"href":"https:\/\/www.testsealabs-kit.com\/de\/wp-json\/wp\/v2\/media\/1216"}],"wp:attachment":[{"href":"https:\/\/www.testsealabs-kit.com\/de\/wp-json\/wp\/v2\/media?parent=1222"}],"wp:term":[{"taxonomy":"product_brand","embeddable":true,"href":"https:\/\/www.testsealabs-kit.com\/de\/wp-json\/wp\/v2\/product_brand?post=1222"},{"taxonomy":"product_cat","embeddable":true,"href":"https:\/\/www.testsealabs-kit.com\/de\/wp-json\/wp\/v2\/product_cat?post=1222"},{"taxonomy":"product_tag","embeddable":true,"href":"https:\/\/www.testsealabs-kit.com\/de\/wp-json\/wp\/v2\/product_tag?post=1222"}],"curies":[{"name":"wp","href":"https:\/\/api.w.org\/{rel}","templated":true}]}}