{"id":1235,"date":"2022-05-19T12:00:01","date_gmt":"2022-05-19T04:00:01","guid":{"rendered":"https:\/\/www.testsealabs-kit.com\/?post_type=product&#038;p=1235"},"modified":"2026-02-06T12:36:57","modified_gmt":"2026-02-06T04:36:57","slug":"rabies-antibody-testrabies-ab","status":"publish","type":"product","link":"https:\/\/www.testsealabs-kit.com\/de\/produkt\/rabies-antibody-testrabies-ab\/","title":{"rendered":"Tollwut-Antik\u00f6rper-Test (Tollwut-AB)"},"content":{"rendered":"<p><span style=\"font-size: 14pt;\">1. innerhalb von 15 Minuten ein Ergebnis erhalten<\/span><br \/>\n<span style=\"font-size: 14pt;\">2. leicht zu sammelnde Proben<\/span><br \/>\n<span style=\"font-size: 14pt;\">3. die Ergebnisse sind deutlich sichtbar<\/span><br \/>\n<span style=\"font-size: 14pt;\">4. keine Ausr\u00fcstung erforderlich<\/span><br \/>\n<span style=\"font-size: 14pt;\">5. geeignet f\u00fcr gro\u00df angelegte Schnellscreenings<\/span><\/p>","protected":false},"excerpt":{"rendered":"<p>Der Tollwut-Antik\u00f6rper-Test ist ein immunchromatographischer Lateral-Flow-Assay zum qualitativen Nachweis von Tollwutvirus-Antik\u00f6rpern (Rabies Ab) ab einem Wert von 0,5 IE\/ml in Vollblut\/Serum von Hunden.<\/p>\n<p>&nbsp;<\/p>\n<p>Das Produkt ist eine lebenswichtige Krankheit f\u00fcr Mensch und Tier. Hund oder Katze k\u00f6nnen Tr\u00e4ger sein, ohne klinische Symptome zu zeigen. Durch die Impfung konnte der Anteil der Tollwutvirustr\u00e4ger und -infektionen offenbar verringert werden. Aber auch nach der Impfung gibt es immer noch etwa 15% der Gesamtf\u00e4lle, die keine sch\u00fctzenden Antik\u00f6rper bilden k\u00f6nnen. Es wird vorgeschlagen, die Tollwut-Antik\u00f6rper bei Hunden nach der 45-t\u00e4gigen Impfung nachzuweisen.<\/p>","protected":false},"featured_media":1216,"comment_status":"open","ping_status":"closed","template":"","meta":[],"product_brand":[],"product_cat":[20,47],"product_tag":[],"class_list":{"0":"post-1235","1":"product","2":"type-product","3":"status-publish","4":"has-post-thumbnail","6":"product_cat-all-products","7":"product_cat-animals-diagnostic-rapid-test","8":"entry","10":"first","11":"instock","12":"shipping-taxable","13":"product-type-simple"},"_links":{"self":[{"href":"https:\/\/www.testsealabs-kit.com\/de\/wp-json\/wp\/v2\/product\/1235","targetHints":{"allow":["GET"]}}],"collection":[{"href":"https:\/\/www.testsealabs-kit.com\/de\/wp-json\/wp\/v2\/product"}],"about":[{"href":"https:\/\/www.testsealabs-kit.com\/de\/wp-json\/wp\/v2\/types\/product"}],"replies":[{"embeddable":true,"href":"https:\/\/www.testsealabs-kit.com\/de\/wp-json\/wp\/v2\/comments?post=1235"}],"wp:featuredmedia":[{"embeddable":true,"href":"https:\/\/www.testsealabs-kit.com\/de\/wp-json\/wp\/v2\/media\/1216"}],"wp:attachment":[{"href":"https:\/\/www.testsealabs-kit.com\/de\/wp-json\/wp\/v2\/media?parent=1235"}],"wp:term":[{"taxonomy":"product_brand","embeddable":true,"href":"https:\/\/www.testsealabs-kit.com\/de\/wp-json\/wp\/v2\/product_brand?post=1235"},{"taxonomy":"product_cat","embeddable":true,"href":"https:\/\/www.testsealabs-kit.com\/de\/wp-json\/wp\/v2\/product_cat?post=1235"},{"taxonomy":"product_tag","embeddable":true,"href":"https:\/\/www.testsealabs-kit.com\/de\/wp-json\/wp\/v2\/product_tag?post=1235"}],"curies":[{"name":"wp","href":"https:\/\/api.w.org\/{rel}","templated":true}]}}