{"id":912,"date":"2022-04-25T20:27:28","date_gmt":"2022-04-25T12:27:28","guid":{"rendered":"https:\/\/www.testsealabs-kit.com\/?post_type=product&#038;p=912"},"modified":"2026-03-25T14:11:57","modified_gmt":"2026-03-25T06:11:57","slug":"sars-cov-2-neutralizing-antibody-test-cassette-professional-use","status":"publish","type":"product","link":"https:\/\/www.testsealabs-kit.com\/de\/produkt\/sars-cov-2-neutralizing-antibody-test-cassette-professional-use\/","title":{"rendered":"SARS-CoV-2 Neutralisierende Antik\u00f6rper Testkassette - Professioneller Einsatz"},"content":{"rendered":"<p>\u3010Bestimmungsgem\u00e4\u00dfer Gebrauch\u3011<\/p>\n<p>Die Testkassette f\u00fcr neutralisierende SARS-CoV-2-Antik\u00f6rper ist ein chromatographischer Immunoassay zum schnellen Nachweis von<\/p>\n<p>semiquantitativer Nachweis neutralisierender Antik\u00f6rper gegen Coronaviren des Jahres 2019 in menschlichem Vollblut, Serum oder Plasma als Hilfsmittel f\u00fcr die Bewertung des Titers neutralisierender menschlicher Antik\u00f6rper gegen neue<\/p>\n<p>Coronaviren.<\/p>\n<p>\u3010Zertifikat\u3011<\/p>\n<p>CE,ISO9001,ISO13485<\/p>","protected":false},"excerpt":{"rendered":"<p>COVID-19 Antigen-Test Kassetten-Selbsttest \u7b80\u77ed\u63cf\u8ff0<\/p>","protected":false},"featured_media":929,"comment_status":"open","ping_status":"closed","template":"","meta":[],"product_brand":[],"product_cat":[20,26],"product_tag":[],"class_list":{"0":"post-912","1":"product","2":"type-product","3":"status-publish","4":"has-post-thumbnail","6":"product_cat-all-products","7":"product_cat-covid-19-sars-cov-2-rapid-test","8":"entry","10":"first","11":"instock","12":"shipping-taxable","13":"purchasable","14":"product-type-variable","15":"has-default-attributes"},"_links":{"self":[{"href":"https:\/\/www.testsealabs-kit.com\/de\/wp-json\/wp\/v2\/product\/912","targetHints":{"allow":["GET"]}}],"collection":[{"href":"https:\/\/www.testsealabs-kit.com\/de\/wp-json\/wp\/v2\/product"}],"about":[{"href":"https:\/\/www.testsealabs-kit.com\/de\/wp-json\/wp\/v2\/types\/product"}],"replies":[{"embeddable":true,"href":"https:\/\/www.testsealabs-kit.com\/de\/wp-json\/wp\/v2\/comments?post=912"}],"wp:featuredmedia":[{"embeddable":true,"href":"https:\/\/www.testsealabs-kit.com\/de\/wp-json\/wp\/v2\/media\/929"}],"wp:attachment":[{"href":"https:\/\/www.testsealabs-kit.com\/de\/wp-json\/wp\/v2\/media?parent=912"}],"wp:term":[{"taxonomy":"product_brand","embeddable":true,"href":"https:\/\/www.testsealabs-kit.com\/de\/wp-json\/wp\/v2\/product_brand?post=912"},{"taxonomy":"product_cat","embeddable":true,"href":"https:\/\/www.testsealabs-kit.com\/de\/wp-json\/wp\/v2\/product_cat?post=912"},{"taxonomy":"product_tag","embeddable":true,"href":"https:\/\/www.testsealabs-kit.com\/de\/wp-json\/wp\/v2\/product_tag?post=912"}],"curies":[{"name":"wp","href":"https:\/\/api.w.org\/{rel}","templated":true}]}}