{"id":932,"date":"2022-04-25T20:35:08","date_gmt":"2022-04-25T12:35:08","guid":{"rendered":"https:\/\/www.testsealabs-kit.com\/?post_type=product&#038;p=932"},"modified":"2022-04-29T22:50:01","modified_gmt":"2022-04-29T14:50:01","slug":"covid-19-antigen-test-cassette-professional-use-lollipop-style-saliva","status":"publish","type":"product","link":"https:\/\/www.testsealabs-kit.com\/de\/produkt\/covid-19-antigen-test-cassette-professional-use-lollipop-style-saliva\/","title":{"rendered":"COVID-19 Antigen-Testkassette - Professioneller Einsatz - Lollipop-Speichel"},"content":{"rendered":"<p>\u3010Bestimmungsgem\u00e4\u00dfer Gebrauch\u3011<\/p>\n<p>Die COVID-19-Antigen-Testkassette ist ein Schnelltest f\u00fcr den qualitativen Nachweis von SARS-CoV-2-Nukleokapsid-Antigen in Speichelproben. Er dient zur Unterst\u00fctzung der Diagnose einer SARS-CoV-2-Infektion, die zu einer COVID-19-Erkrankung f\u00fchren kann.<\/p>\n<p>Der Test kann jederzeit durchgef\u00fchrt werden und ist sowohl f\u00fcr symptomatische als auch f\u00fcr asymptomatische Personen geeignet. Minderj\u00e4hrige m\u00fcssen bei dem Test von Erwachsenen unterst\u00fctzt werden.<\/p>\n<p>Es wird empfohlen, diesen Test nur als Erg\u00e4nzung zu anderen diagnostischen Verfahren zu verwenden. Der Test ist f\u00fcr den professionellen Einsatz konzipiert.<\/p>\n<p>\u3010Zertifikat\u3011<\/p>\n<p>CE,ISO9001,ISO13485<\/p>","protected":false},"excerpt":{"rendered":"<p>COVID-19 Antigen-Test Kassetten-Selbsttest \u7b80\u77ed\u63cf\u8ff0<\/p>","protected":false},"featured_media":939,"comment_status":"open","ping_status":"closed","template":"","meta":[],"product_brand":[],"product_cat":[20,26],"product_tag":[],"class_list":{"0":"post-932","1":"product","2":"type-product","3":"status-publish","4":"has-post-thumbnail","6":"product_cat-all-products","7":"product_cat-covid-19-sars-cov-2-rapid-test","8":"entry","10":"first","11":"instock","12":"shipping-taxable","13":"purchasable","14":"product-type-variable","15":"has-default-attributes"},"_links":{"self":[{"href":"https:\/\/www.testsealabs-kit.com\/de\/wp-json\/wp\/v2\/product\/932","targetHints":{"allow":["GET"]}}],"collection":[{"href":"https:\/\/www.testsealabs-kit.com\/de\/wp-json\/wp\/v2\/product"}],"about":[{"href":"https:\/\/www.testsealabs-kit.com\/de\/wp-json\/wp\/v2\/types\/product"}],"replies":[{"embeddable":true,"href":"https:\/\/www.testsealabs-kit.com\/de\/wp-json\/wp\/v2\/comments?post=932"}],"wp:featuredmedia":[{"embeddable":true,"href":"https:\/\/www.testsealabs-kit.com\/de\/wp-json\/wp\/v2\/media\/939"}],"wp:attachment":[{"href":"https:\/\/www.testsealabs-kit.com\/de\/wp-json\/wp\/v2\/media?parent=932"}],"wp:term":[{"taxonomy":"product_brand","embeddable":true,"href":"https:\/\/www.testsealabs-kit.com\/de\/wp-json\/wp\/v2\/product_brand?post=932"},{"taxonomy":"product_cat","embeddable":true,"href":"https:\/\/www.testsealabs-kit.com\/de\/wp-json\/wp\/v2\/product_cat?post=932"},{"taxonomy":"product_tag","embeddable":true,"href":"https:\/\/www.testsealabs-kit.com\/de\/wp-json\/wp\/v2\/product_tag?post=932"}],"curies":[{"name":"wp","href":"https:\/\/api.w.org\/{rel}","templated":true}]}}