{"id":945,"date":"2022-04-25T20:40:10","date_gmt":"2022-04-25T12:40:10","guid":{"rendered":"https:\/\/www.testsealabs-kit.com\/?post_type=product&#038;p=945"},"modified":"2022-05-10T23:01:59","modified_gmt":"2022-05-10T15:01:59","slug":"flu-a-b-covid-19-antigen-combo-test-cassette-professional-use","status":"publish","type":"product","link":"https:\/\/www.testsealabs-kit.com\/de\/produkt\/flu-a-b-covid-19-antigen-combo-test-cassette-professional-use\/","title":{"rendered":"Grippe A\/B + COVID-19-Antigen-Kombinationstestkassette - f\u00fcr den professionellen Gebrauch"},"content":{"rendered":"<p>\u3010Bestimmungsgem\u00e4\u00dfer Gebrauch\u3011<\/p>\n<p>Der Test ist f\u00fcr den gleichzeitigen schnellen In-vitro-Nachweis und die Differenzierung von<\/p>\n<p>Influenza-A-Virus, Influenza-B-Virus und das Nukleokapsidprotein-Antigen des COVID-19-Virus, aber nicht<\/p>\n<p>nicht zwischen SARS-CoV und COVID-19-Viren unterscheiden und ist nicht zum Nachweis von<\/p>\n<p>Influenza-C-Antigene. Die Leistungsmerkmale k\u00f6nnen gegen andere neu auftretende Influenza<\/p>\n<p>Viren.<\/p>\n<p>Influenza-A-, Influenza-B- und COVID-19-Virusantigene sind in der akuten Phase der Infektion im Allgemeinen in Proben der oberen Atemwege nachweisbar. Positive Ergebnisse weisen auf das Vorhandensein viraler Antigene hin, doch ist eine klinische Korrelation mit der Krankengeschichte und anderen diagnostischen Informationen erforderlich, um den Infektionsstatus zu bestimmen.<\/p>\n<p>Positive Ergebnisse schlie\u00dfen eine bakterielle Infektion oder eine Koinfektion mit anderen Viren nicht aus. Der Erreger<\/p>\n<p>entdeckt werden, m\u00fcssen nicht unbedingt die Ursache der Krankheit sein.<\/p>\n<p>Negative COVID-19-Ergebnisse von Patienten, bei denen die Symptome erst nach f\u00fcnf Tagen auftreten, sollten<\/p>\n<p>als Verdachtsfall behandelt und gegebenenfalls mit einem molekularen Test f\u00fcr den Patienten best\u00e4tigt<\/p>\n<p>Management, kann durchgef\u00fchrt werden. Negative Ergebnisse schlie\u00dfen COVID-19 nicht aus und sollten nicht<\/p>\n<p>die als alleinige Grundlage f\u00fcr Entscheidungen \u00fcber die Behandlung oder das Management des Patienten dienen, einschlie\u00dflich Infektionen<\/p>\n<p>Kontrollentscheidungen. Negative Ergebnisse sollten im Zusammenhang mit den j\u00fcngsten Erfahrungen des Patienten betrachtet werden.<\/p>\n<p>Exposition, Vorgeschichte und das Vorhandensein klinischer Anzeichen und Symptome, die mit COVID-19 \u00fcbereinstimmen.<\/p>\n<p>Negative Ergebnisse schlie\u00dfen eine Infektion mit dem Influenzavirus nicht aus und sollten nicht als alleiniges Kriterium f\u00fcr eine Infektion herangezogen werden.<\/p>\n<p>Grundlage f\u00fcr Behandlungs- oder andere Managemententscheidungen des Patienten.<\/p>\n<p>\u3010Zertifikat\u3011<\/p>\n<p>CE,ISO9001,ISO13485<\/p>","protected":false},"excerpt":{"rendered":"<p>COVID-19 Antigen-Test Kassetten-Selbsttest \u7b80\u77ed\u63cf\u8ff0<\/p>","protected":false},"featured_media":948,"comment_status":"open","ping_status":"closed","template":"","meta":[],"product_brand":[],"product_cat":[20,26],"product_tag":[],"class_list":{"0":"post-945","1":"product","2":"type-product","3":"status-publish","4":"has-post-thumbnail","6":"product_cat-all-products","7":"product_cat-covid-19-sars-cov-2-rapid-test","8":"entry","10":"first","11":"instock","12":"shipping-taxable","13":"purchasable","14":"product-type-variable","15":"has-default-attributes"},"_links":{"self":[{"href":"https:\/\/www.testsealabs-kit.com\/de\/wp-json\/wp\/v2\/product\/945","targetHints":{"allow":["GET"]}}],"collection":[{"href":"https:\/\/www.testsealabs-kit.com\/de\/wp-json\/wp\/v2\/product"}],"about":[{"href":"https:\/\/www.testsealabs-kit.com\/de\/wp-json\/wp\/v2\/types\/product"}],"replies":[{"embeddable":true,"href":"https:\/\/www.testsealabs-kit.com\/de\/wp-json\/wp\/v2\/comments?post=945"}],"wp:featuredmedia":[{"embeddable":true,"href":"https:\/\/www.testsealabs-kit.com\/de\/wp-json\/wp\/v2\/media\/948"}],"wp:attachment":[{"href":"https:\/\/www.testsealabs-kit.com\/de\/wp-json\/wp\/v2\/media?parent=945"}],"wp:term":[{"taxonomy":"product_brand","embeddable":true,"href":"https:\/\/www.testsealabs-kit.com\/de\/wp-json\/wp\/v2\/product_brand?post=945"},{"taxonomy":"product_cat","embeddable":true,"href":"https:\/\/www.testsealabs-kit.com\/de\/wp-json\/wp\/v2\/product_cat?post=945"},{"taxonomy":"product_tag","embeddable":true,"href":"https:\/\/www.testsealabs-kit.com\/de\/wp-json\/wp\/v2\/product_tag?post=945"}],"curies":[{"name":"wp","href":"https:\/\/api.w.org\/{rel}","templated":true}]}}