{"id":138,"date":"2022-04-04T01:30:24","date_gmt":"2022-04-03T17:30:24","guid":{"rendered":"https:\/\/www.testsealabs-kit.com\/?page_id=138"},"modified":"2022-04-07T01:50:56","modified_gmt":"2022-04-06T17:50:56","slug":"certificate","status":"publish","type":"page","link":"https:\/\/www.testsealabs-kit.com\/es\/certificate\/","title":{"rendered":"Certificado"},"content":{"rendered":"<div data-elementor-type=\"wp-page\" data-elementor-id=\"138\" class=\"elementor elementor-138\">\n\t\t\t\t\t\t<section class=\"elementor-section elementor-top-section elementor-element elementor-element-2bbac06 elementor-section-boxed elementor-section-height-default elementor-section-height-default\" data-id=\"2bbac06\" data-element_type=\"section\" data-settings=\"{&quot;background_background&quot;:&quot;classic&quot;}\">\n\t\t\t\t\t\t<div class=\"elementor-container elementor-column-gap-default\">\n\t\t\t\t\t<div class=\"elementor-column elementor-col-100 elementor-top-column elementor-element elementor-element-22f939d\" data-id=\"22f939d\" data-element_type=\"column\">\n\t\t\t<div class=\"elementor-widget-wrap elementor-element-populated\">\n\t\t\t\t\t\t<div class=\"elementor-element elementor-element-e7b0e5d elementor-widget elementor-widget-woocommerce-breadcrumb\" data-id=\"e7b0e5d\" data-element_type=\"widget\" data-widget_type=\"woocommerce-breadcrumb.default\">\n\t\t\t\t<div class=\"elementor-widget-container\">\n\t\t\t\t\t<nav class=\"woocommerce-breadcrumb\" aria-label=\"Breadcrumb\" data-no-translation=\"\" data-trp-gettext=\"\">Inicio<\/nav>\t\t\t\t<\/div>\n\t\t\t\t<\/div>\n\t\t\t\t\t<\/div>\n\t\t<\/div>\n\t\t\t\t\t<\/div>\n\t\t<\/section>\n\t\t\t\t<section class=\"elementor-section elementor-top-section elementor-element elementor-element-7f821c6 elementor-section-boxed elementor-section-height-default elementor-section-height-default\" data-id=\"7f821c6\" data-element_type=\"section\">\n\t\t\t\t\t\t<div class=\"elementor-container elementor-column-gap-default\">\n\t\t\t\t\t<div class=\"elementor-column elementor-col-20 elementor-top-column elementor-element elementor-element-f336ce4\" data-id=\"f336ce4\" data-element_type=\"column\">\n\t\t\t<div class=\"elementor-widget-wrap\">\n\t\t\t\t\t\t\t<\/div>\n\t\t<\/div>\n\t\t\t\t<div class=\"elementor-column elementor-col-20 elementor-top-column elementor-element elementor-element-610df9d\" data-id=\"610df9d\" data-element_type=\"column\">\n\t\t\t<div class=\"elementor-widget-wrap elementor-element-populated\">\n\t\t\t\t\t\t<div class=\"elementor-element elementor-element-e452c0e elementor-align-center elementor-widget elementor-widget-button\" data-id=\"e452c0e\" data-element_type=\"widget\" data-widget_type=\"button.default\">\n\t\t\t\t<div class=\"elementor-widget-container\">\n\t\t\t\t\t\t\t\t\t<div class=\"elementor-button-wrapper\">\n\t\t\t\t\t<a class=\"elementor-button elementor-button-link elementor-size-sm\" href=\"https:\/\/www.testsealabs-kit.com\/es\/about-us\/\">\n\t\t\t\t\t\t<span class=\"elementor-button-content-wrapper\">\n\t\t\t\t\t\t\t\t\t<span class=\"elementor-button-text\">Qui\u00e9nes somos<\/span>\n\t\t\t\t\t<\/span>\n\t\t\t\t\t<\/a>\n\t\t\t\t<\/div>\n\t\t\t\t\t\t\t\t<\/div>\n\t\t\t\t<\/div>\n\t\t\t\t\t<\/div>\n\t\t<\/div>\n\t\t\t\t<div class=\"elementor-column elementor-col-20 elementor-top-column elementor-element elementor-element-8e73d81\" data-id=\"8e73d81\" data-element_type=\"column\">\n\t\t\t<div class=\"elementor-widget-wrap elementor-element-populated\">\n\t\t\t\t\t\t<div class=\"elementor-element elementor-element-da28b96 elementor-align-center elementor-widget elementor-widget-button\" data-id=\"da28b96\" data-element_type=\"widget\" data-widget_type=\"button.default\">\n\t\t\t\t<div class=\"elementor-widget-container\">\n\t\t\t\t\t\t\t\t\t<div class=\"elementor-button-wrapper\">\n\t\t\t\t\t<a class=\"elementor-button elementor-button-link elementor-size-sm\" href=\"https:\/\/www.testsealabs-kit.com\/es\/history\/\">\n\t\t\t\t\t\t<span class=\"elementor-button-content-wrapper\">\n\t\t\t\t\t\t\t\t\t<span class=\"elementor-button-text\">Historia<\/span>\n\t\t\t\t\t<\/span>\n\t\t\t\t\t<\/a>\n\t\t\t\t<\/div>\n\t\t\t\t\t\t\t\t<\/div>\n\t\t\t\t<\/div>\n\t\t\t\t\t<\/div>\n\t\t<\/div>\n\t\t\t\t<div class=\"elementor-column elementor-col-20 elementor-top-column elementor-element elementor-element-5737300\" data-id=\"5737300\" data-element_type=\"column\">\n\t\t\t<div class=\"elementor-widget-wrap elementor-element-populated\">\n\t\t\t\t\t\t<div class=\"elementor-element elementor-element-0e28390 elementor-align-center elementor-widget elementor-widget-button\" data-id=\"0e28390\" data-element_type=\"widget\" data-widget_type=\"button.default\">\n\t\t\t\t<div class=\"elementor-widget-container\">\n\t\t\t\t\t\t\t\t\t<div class=\"elementor-button-wrapper\">\n\t\t\t\t\t<a class=\"elementor-button elementor-button-link elementor-size-sm\" href=\"https:\/\/www.testsealabs-kit.com\/es\/certificate\/\">\n\t\t\t\t\t\t<span class=\"elementor-button-content-wrapper\">\n\t\t\t\t\t\t\t\t\t<span class=\"elementor-button-text\">Certificado<\/span>\n\t\t\t\t\t<\/span>\n\t\t\t\t\t<\/a>\n\t\t\t\t<\/div>\n\t\t\t\t\t\t\t\t<\/div>\n\t\t\t\t<\/div>\n\t\t\t\t\t<\/div>\n\t\t<\/div>\n\t\t\t\t<div class=\"elementor-column elementor-col-20 elementor-top-column elementor-element elementor-element-524dcc1\" data-id=\"524dcc1\" data-element_type=\"column\">\n\t\t\t<div class=\"elementor-widget-wrap\">\n\t\t\t\t\t\t\t<\/div>\n\t\t<\/div>\n\t\t\t\t\t<\/div>\n\t\t<\/section>\n\t\t\t\t<section class=\"elementor-section elementor-top-section elementor-element elementor-element-cd1f708 custom-img-box elementor-section-boxed elementor-section-height-default elementor-section-height-default\" data-id=\"cd1f708\" data-element_type=\"section\">\n\t\t\t\t\t\t<div class=\"elementor-container elementor-column-gap-default\">\n\t\t\t\t\t<div class=\"elementor-column elementor-col-25 elementor-top-column elementor-element elementor-element-779b398\" data-id=\"779b398\" data-element_type=\"column\">\n\t\t\t<div class=\"elementor-widget-wrap elementor-element-populated\">\n\t\t\t\t\t\t<div class=\"elementor-element elementor-element-ef5f27d elementor-widget elementor-widget-image\" data-id=\"ef5f27d\" data-element_type=\"widget\" data-widget_type=\"image.default\">\n\t\t\t\t<div class=\"elementor-widget-container\">\n\t\t\t\t\t\t\t\t\t\t\t\t<figure class=\"wp-caption\">\n\t\t\t\t\t\t\t\t\t\t<img fetchpriority=\"high\" decoding=\"async\" width=\"258\" height=\"376\" src=\"https:\/\/www.testsealabs-kit.com\/wp-content\/uploads\/2022\/04\/\u622a\u5c4f2022-04-06-22.38.30.png\" class=\"attachment-full size-full wp-image-613\" alt=\"\" srcset=\"https:\/\/www.testsealabs-kit.com\/wp-content\/uploads\/2022\/04\/\u622a\u5c4f2022-04-06-22.38.30.png 258w, https:\/\/www.testsealabs-kit.com\/wp-content\/uploads\/2022\/04\/\u622a\u5c4f2022-04-06-22.38.30-206x300.png 206w\" sizes=\"(max-width: 258px) 100vw, 258px\" style=\"width:100%;height:145.74%;max-width:258px\" \/>\t\t\t\t\t\t\t\t\t\t\t<figcaption class=\"widget-image-caption wp-caption-text\">BPF para medicamentos de uso animal<\/figcaption>\n\t\t\t\t\t\t\t\t\t\t<\/figure>\n\t\t\t\t\t\t\t\t\t<\/div>\n\t\t\t\t<\/div>\n\t\t\t\t\t<\/div>\n\t\t<\/div>\n\t\t\t\t<div class=\"elementor-column elementor-col-25 elementor-top-column elementor-element elementor-element-5558799\" data-id=\"5558799\" data-element_type=\"column\">\n\t\t\t<div class=\"elementor-widget-wrap elementor-element-populated\">\n\t\t\t\t\t\t<div class=\"elementor-element elementor-element-9a5f1ca elementor-widget elementor-widget-image\" data-id=\"9a5f1ca\" data-element_type=\"widget\" data-widget_type=\"image.default\">\n\t\t\t\t<div class=\"elementor-widget-container\">\n\t\t\t\t\t\t\t\t\t\t\t\t<figure class=\"wp-caption\">\n\t\t\t\t\t\t\t\t\t\t<img decoding=\"async\" width=\"777\" height=\"1086\" src=\"https:\/\/www.testsealabs-kit.com\/wp-content\/uploads\/2022\/04\/\u622a\u5c4f2022-04-06-22.14.46.png\" class=\"attachment-full size-full wp-image-597\" alt=\"\" srcset=\"https:\/\/www.testsealabs-kit.com\/wp-content\/uploads\/2022\/04\/\u622a\u5c4f2022-04-06-22.14.46.png 777w, https:\/\/www.testsealabs-kit.com\/wp-content\/uploads\/2022\/04\/\u622a\u5c4f2022-04-06-22.14.46-215x300.png 215w, https:\/\/www.testsealabs-kit.com\/wp-content\/uploads\/2022\/04\/\u622a\u5c4f2022-04-06-22.14.46-733x1024.png 733w, https:\/\/www.testsealabs-kit.com\/wp-content\/uploads\/2022\/04\/\u622a\u5c4f2022-04-06-22.14.46-768x1073.png 768w, https:\/\/www.testsealabs-kit.com\/wp-content\/uploads\/2022\/04\/\u622a\u5c4f2022-04-06-22.14.46-600x839.png 600w\" sizes=\"(max-width: 777px) 100vw, 777px\" style=\"width:100%;height:139.77%;max-width:777px\" \/>\t\t\t\t\t\t\t\t\t\t\t<figcaption class=\"widget-image-caption wp-caption-text\">ISO9001<\/figcaption>\n\t\t\t\t\t\t\t\t\t\t<\/figure>\n\t\t\t\t\t\t\t\t\t<\/div>\n\t\t\t\t<\/div>\n\t\t\t\t\t<\/div>\n\t\t<\/div>\n\t\t\t\t<div class=\"elementor-column elementor-col-25 elementor-top-column elementor-element elementor-element-7148b86\" data-id=\"7148b86\" data-element_type=\"column\">\n\t\t\t<div class=\"elementor-widget-wrap elementor-element-populated\">\n\t\t\t\t\t\t<div class=\"elementor-element elementor-element-0363d5b elementor-widget elementor-widget-image\" data-id=\"0363d5b\" data-element_type=\"widget\" data-widget_type=\"image.default\">\n\t\t\t\t<div class=\"elementor-widget-container\">\n\t\t\t\t\t\t\t\t\t\t\t\t<figure class=\"wp-caption\">\n\t\t\t\t\t\t\t\t\t\t<img decoding=\"async\" width=\"284\" height=\"404\" src=\"https:\/\/www.testsealabs-kit.com\/wp-content\/uploads\/2022\/04\/\u622a\u5c4f2022-04-06-22.35.15.png\" class=\"attachment-full size-full wp-image-612\" alt=\"\" srcset=\"https:\/\/www.testsealabs-kit.com\/wp-content\/uploads\/2022\/04\/\u622a\u5c4f2022-04-06-22.35.15.png 284w, https:\/\/www.testsealabs-kit.com\/wp-content\/uploads\/2022\/04\/\u622a\u5c4f2022-04-06-22.35.15-211x300.png 211w\" sizes=\"(max-width: 284px) 100vw, 284px\" style=\"width:100%;height:142.25%;max-width:284px\" \/>\t\t\t\t\t\t\t\t\t\t\t<figcaption class=\"widget-image-caption wp-caption-text\">ISO13485 ISO13485<\/figcaption>\n\t\t\t\t\t\t\t\t\t\t<\/figure>\n\t\t\t\t\t\t\t\t\t<\/div>\n\t\t\t\t<\/div>\n\t\t\t\t\t<\/div>\n\t\t<\/div>\n\t\t\t\t<div class=\"elementor-column elementor-col-25 elementor-top-column elementor-element elementor-element-2ff1f3a\" data-id=\"2ff1f3a\" data-element_type=\"column\">\n\t\t\t<div class=\"elementor-widget-wrap elementor-element-populated\">\n\t\t\t\t\t\t<div class=\"elementor-element elementor-element-eca85c6 elementor-widget elementor-widget-image\" data-id=\"eca85c6\" data-element_type=\"widget\" data-widget_type=\"image.default\">\n\t\t\t\t<div class=\"elementor-widget-container\">\n\t\t\t\t\t\t\t\t\t\t\t\t<figure class=\"wp-caption\">\n\t\t\t\t\t\t\t\t\t\t<img loading=\"lazy\" decoding=\"async\" width=\"354\" height=\"537\" src=\"https:\/\/www.testsealabs-kit.com\/wp-content\/uploads\/2022\/04\/Patent-certificate-Canine-Parvovirus-e1649254983316.png\" class=\"attachment-large size-large wp-image-606\" alt=\"\" srcset=\"https:\/\/www.testsealabs-kit.com\/wp-content\/uploads\/2022\/04\/Patent-certificate-Canine-Parvovirus-e1649254983316.png 354w, https:\/\/www.testsealabs-kit.com\/wp-content\/uploads\/2022\/04\/Patent-certificate-Canine-Parvovirus-e1649254983316-198x300.png 198w\" sizes=\"(max-width: 354px) 100vw, 354px\" style=\"width:100%;height:151.69%;max-width:354px\" \/>\t\t\t\t\t\t\t\t\t\t\t<figcaption class=\"widget-image-caption wp-caption-text\">Certificado de patente-Parvovirus canino<\/figcaption>\n\t\t\t\t\t\t\t\t\t\t<\/figure>\n\t\t\t\t\t\t\t\t\t<\/div>\n\t\t\t\t<\/div>\n\t\t\t\t\t<\/div>\n\t\t<\/div>\n\t\t\t\t\t<\/div>\n\t\t<\/section>\n\t\t\t\t<section class=\"elementor-section elementor-top-section elementor-element elementor-element-e934559 custom-img-box elementor-section-boxed elementor-section-height-default elementor-section-height-default\" data-id=\"e934559\" data-element_type=\"section\">\n\t\t\t\t\t\t<div class=\"elementor-container elementor-column-gap-default\">\n\t\t\t\t\t<div class=\"elementor-column elementor-col-25 elementor-top-column elementor-element elementor-element-98f4539\" data-id=\"98f4539\" data-element_type=\"column\">\n\t\t\t<div class=\"elementor-widget-wrap elementor-element-populated\">\n\t\t\t\t\t\t<div class=\"elementor-element elementor-element-ca460fe elementor-invisible elementor-widget elementor-widget-image\" data-id=\"ca460fe\" data-element_type=\"widget\" data-settings=\"{&quot;_animation&quot;:&quot;zoomIn&quot;}\" data-widget_type=\"image.default\">\n\t\t\t\t<div class=\"elementor-widget-container\">\n\t\t\t\t\t\t\t\t\t\t\t\t<figure class=\"wp-caption\">\n\t\t\t\t\t\t\t\t\t\t<img loading=\"lazy\" decoding=\"async\" width=\"378\" height=\"253\" src=\"https:\/\/www.testsealabs-kit.com\/wp-content\/uploads\/2022\/04\/\u622a\u5c4f2022-04-06-22.11.52.png\" class=\"attachment-large size-large wp-image-591\" alt=\"\" srcset=\"https:\/\/www.testsealabs-kit.com\/wp-content\/uploads\/2022\/04\/\u622a\u5c4f2022-04-06-22.11.52.png 378w, https:\/\/www.testsealabs-kit.com\/wp-content\/uploads\/2022\/04\/\u622a\u5c4f2022-04-06-22.11.52-300x201.png 300w\" sizes=\"(max-width: 378px) 100vw, 378px\" style=\"width:100%;height:66.93%;max-width:378px\" \/>\t\t\t\t\t\t\t\t\t\t\t<figcaption class=\"widget-image-caption wp-caption-text\">Licencia de fabricaci\u00f3n de ant\u00edgenos para medicamentos de uso animal<\/figcaption>\n\t\t\t\t\t\t\t\t\t\t<\/figure>\n\t\t\t\t\t\t\t\t\t<\/div>\n\t\t\t\t<\/div>\n\t\t\t\t\t<\/div>\n\t\t<\/div>\n\t\t\t\t<div class=\"elementor-column elementor-col-25 elementor-top-column elementor-element elementor-element-12d3f2d\" data-id=\"12d3f2d\" data-element_type=\"column\">\n\t\t\t<div class=\"elementor-widget-wrap elementor-element-populated\">\n\t\t\t\t\t\t<div class=\"elementor-element elementor-element-0b556f0 elementor-invisible elementor-widget elementor-widget-image\" data-id=\"0b556f0\" data-element_type=\"widget\" data-settings=\"{&quot;_animation&quot;:&quot;zoomIn&quot;}\" data-widget_type=\"image.default\">\n\t\t\t\t<div class=\"elementor-widget-container\">\n\t\t\t\t\t\t\t\t\t\t\t\t<figure class=\"wp-caption\">\n\t\t\t\t\t\t\t\t\t\t<img loading=\"lazy\" decoding=\"async\" width=\"750\" height=\"528\" src=\"https:\/\/www.testsealabs-kit.com\/wp-content\/uploads\/2022\/04\/\u622a\u5c4f2022-04-06-22.07.34-1024x721.png\" class=\"attachment-large size-large wp-image-588\" alt=\"\" srcset=\"https:\/\/www.testsealabs-kit.com\/wp-content\/uploads\/2022\/04\/\u622a\u5c4f2022-04-06-22.07.34-1024x721.png 1024w, https:\/\/www.testsealabs-kit.com\/wp-content\/uploads\/2022\/04\/\u622a\u5c4f2022-04-06-22.07.34-300x211.png 300w, https:\/\/www.testsealabs-kit.com\/wp-content\/uploads\/2022\/04\/\u622a\u5c4f2022-04-06-22.07.34-768x541.png 768w, https:\/\/www.testsealabs-kit.com\/wp-content\/uploads\/2022\/04\/\u622a\u5c4f2022-04-06-22.07.34-600x423.png 600w, https:\/\/www.testsealabs-kit.com\/wp-content\/uploads\/2022\/04\/\u622a\u5c4f2022-04-06-22.07.34.png 1255w\" sizes=\"(max-width: 750px) 100vw, 750px\" style=\"width:100%;height:70.44%;max-width:1255px\" \/>\t\t\t\t\t\t\t\t\t\t\t<figcaption class=\"widget-image-caption wp-caption-text\">\u00daltimo certificado de alta tecnolog\u00eda 2021\u00daltimo certificado de alta tecnolog\u00eda 2021\u00daltimo certificado de alta tecnolog\u00eda 2021<\/figcaption>\n\t\t\t\t\t\t\t\t\t\t<\/figure>\n\t\t\t\t\t\t\t\t\t<\/div>\n\t\t\t\t<\/div>\n\t\t\t\t\t<\/div>\n\t\t<\/div>\n\t\t\t\t<div class=\"elementor-column elementor-col-25 elementor-top-column elementor-element elementor-element-e74b637\" data-id=\"e74b637\" data-element_type=\"column\">\n\t\t\t<div class=\"elementor-widget-wrap elementor-element-populated\">\n\t\t\t\t\t\t<div class=\"elementor-element elementor-element-e708858 elementor-invisible elementor-widget elementor-widget-image\" data-id=\"e708858\" data-element_type=\"widget\" data-settings=\"{&quot;_animation&quot;:&quot;zoomIn&quot;}\" data-widget_type=\"image.default\">\n\t\t\t\t<div class=\"elementor-widget-container\">\n\t\t\t\t\t\t\t\t\t\t\t\t<figure class=\"wp-caption\">\n\t\t\t\t\t\t\t\t\t\t<img loading=\"lazy\" decoding=\"async\" width=\"750\" height=\"474\" src=\"https:\/\/www.testsealabs-kit.com\/wp-content\/uploads\/2022\/04\/Credit-Rating-Certificate.jpg\" class=\"attachment-large size-large wp-image-590\" alt=\"\" srcset=\"https:\/\/www.testsealabs-kit.com\/wp-content\/uploads\/2022\/04\/Credit-Rating-Certificate.jpg 960w, https:\/\/www.testsealabs-kit.com\/wp-content\/uploads\/2022\/04\/Credit-Rating-Certificate-300x190.jpg.webp 300w, https:\/\/www.testsealabs-kit.com\/wp-content\/uploads\/2022\/04\/Credit-Rating-Certificate-768x486.jpg.webp 768w, https:\/\/www.testsealabs-kit.com\/wp-content\/uploads\/2022\/04\/Credit-Rating-Certificate-600x379.jpg.webp 600w\" sizes=\"(max-width: 750px) 100vw, 750px\" style=\"width:100%;height:63.23%;max-width:960px\" \/>\t\t\t\t\t\t\t\t\t\t\t<figcaption class=\"widget-image-caption wp-caption-text\">Certificado de calificaci\u00f3n crediticia<\/figcaption>\n\t\t\t\t\t\t\t\t\t\t<\/figure>\n\t\t\t\t\t\t\t\t\t<\/div>\n\t\t\t\t<\/div>\n\t\t\t\t\t<\/div>\n\t\t<\/div>\n\t\t\t\t<div class=\"elementor-column elementor-col-25 elementor-top-column elementor-element elementor-element-a68a270\" data-id=\"a68a270\" data-element_type=\"column\">\n\t\t\t<div class=\"elementor-widget-wrap\">\n\t\t\t\t\t\t\t<\/div>\n\t\t<\/div>\n\t\t\t\t\t<\/div>\n\t\t<\/section>\n\t\t\t\t<\/div>","protected":false},"excerpt":{"rendered":"<p>Sobre nosotros Historia Certificado GMP para medicamentos de uso animal ISO9001 ISO13485 ISO13485 Certificado de patente-Ant\u00edgeno del Parvovirus Canino Licencia de fabricaci\u00f3n para medicamentos de uso animal \u00daltimo certificado de alta tecnolog\u00eda 2021\u00daltimo certificado de alta tecnolog\u00eda 2021\u00daltimo certificado de alta tecnolog\u00eda 2021 Certificado de calificaci\u00f3n crediticia<\/p>","protected":false},"author":1,"featured_media":0,"parent":0,"menu_order":0,"comment_status":"closed","ping_status":"closed","template":"elementor_header_footer","meta":{"footnotes":""},"class_list":["post-138","page","type-page","status-publish","hentry","entry"],"_links":{"self":[{"href":"https:\/\/www.testsealabs-kit.com\/es\/wp-json\/wp\/v2\/pages\/138","targetHints":{"allow":["GET"]}}],"collection":[{"href":"https:\/\/www.testsealabs-kit.com\/es\/wp-json\/wp\/v2\/pages"}],"about":[{"href":"https:\/\/www.testsealabs-kit.com\/es\/wp-json\/wp\/v2\/types\/page"}],"author":[{"embeddable":true,"href":"https:\/\/www.testsealabs-kit.com\/es\/wp-json\/wp\/v2\/users\/1"}],"replies":[{"embeddable":true,"href":"https:\/\/www.testsealabs-kit.com\/es\/wp-json\/wp\/v2\/comments?post=138"}],"version-history":[{"count":0,"href":"https:\/\/www.testsealabs-kit.com\/es\/wp-json\/wp\/v2\/pages\/138\/revisions"}],"wp:attachment":[{"href":"https:\/\/www.testsealabs-kit.com\/es\/wp-json\/wp\/v2\/media?parent=138"}],"curies":[{"name":"wp","href":"https:\/\/api.w.org\/{rel}","templated":true}]}}