{"id":1157,"date":"2022-05-10T22:33:56","date_gmt":"2022-05-10T14:33:56","guid":{"rendered":"https:\/\/www.testsealabs-kit.com\/?post_type=product&#038;p=1157"},"modified":"2022-05-19T10:47:17","modified_gmt":"2022-05-19T02:47:17","slug":"cea-carcinoembryonic-antigen-test","status":"publish","type":"product","link":"https:\/\/www.testsealabs-kit.com\/es\/producto\/cea-carcinoembryonic-antigen-test\/","title":{"rendered":"Prueba del ant\u00edgeno carcinoembrionario CEA"},"content":{"rendered":"<p><span style=\"font-size: 14pt;\">1.Obtenga resultados en 15 minutos<\/span><\/p>\n<p><span style=\"font-size: 14pt;\">2.Facilidad de recogida de muestras<\/span><\/p>\n<p><span style=\"font-size: 14pt;\">3.Los resultados son claramente visibles<\/span><\/p>\n<p><span style=\"font-size: 14pt;\">4.No necesita equipamiento<\/span><\/p>\n<p><span style=\"font-size: 14pt;\">5.Adecuado para el cribado r\u00e1pido a gran escala<\/span><\/p>","protected":false},"excerpt":{"rendered":"<p>El producto es una prueba de diagn\u00f3stico in vitro por inmunoensayo cromatogr\u00e1fico para la detecci\u00f3n cualitativa del ant\u00edgeno carcinoembrionario (CEA) en muestras de sangre total humana. Las pruebas de CEA se basan en el principio del inmunoensayo en s\u00e1ndwich para la determinaci\u00f3n de CEA en muestras de sangre total humana.<\/p>","protected":false},"featured_media":1166,"comment_status":"open","ping_status":"closed","template":"","meta":[],"product_brand":[],"product_cat":[20,46],"product_tag":[],"class_list":{"0":"post-1157","1":"product","2":"type-product","3":"status-publish","4":"has-post-thumbnail","6":"product_cat-all-products","7":"product_cat-tumor-markers-rapid-test","8":"entry","10":"first","11":"instock","12":"shipping-taxable","13":"purchasable","14":"product-type-variable","15":"has-default-attributes"},"_links":{"self":[{"href":"https:\/\/www.testsealabs-kit.com\/es\/wp-json\/wp\/v2\/product\/1157","targetHints":{"allow":["GET"]}}],"collection":[{"href":"https:\/\/www.testsealabs-kit.com\/es\/wp-json\/wp\/v2\/product"}],"about":[{"href":"https:\/\/www.testsealabs-kit.com\/es\/wp-json\/wp\/v2\/types\/product"}],"replies":[{"embeddable":true,"href":"https:\/\/www.testsealabs-kit.com\/es\/wp-json\/wp\/v2\/comments?post=1157"}],"wp:featuredmedia":[{"embeddable":true,"href":"https:\/\/www.testsealabs-kit.com\/es\/wp-json\/wp\/v2\/media\/1166"}],"wp:attachment":[{"href":"https:\/\/www.testsealabs-kit.com\/es\/wp-json\/wp\/v2\/media?parent=1157"}],"wp:term":[{"taxonomy":"product_brand","embeddable":true,"href":"https:\/\/www.testsealabs-kit.com\/es\/wp-json\/wp\/v2\/product_brand?post=1157"},{"taxonomy":"product_cat","embeddable":true,"href":"https:\/\/www.testsealabs-kit.com\/es\/wp-json\/wp\/v2\/product_cat?post=1157"},{"taxonomy":"product_tag","embeddable":true,"href":"https:\/\/www.testsealabs-kit.com\/es\/wp-json\/wp\/v2\/product_tag?post=1157"}],"curies":[{"name":"wp","href":"https:\/\/api.w.org\/{rel}","templated":true}]}}