{"id":1217,"date":"2022-05-19T11:09:59","date_gmt":"2022-05-19T03:09:59","guid":{"rendered":"https:\/\/www.testsealabs-kit.com\/?post_type=product&#038;p=1217"},"modified":"2025-03-10T15:55:44","modified_gmt":"2025-03-10T07:55:44","slug":"canine-distemper-virus-antigen-testcdv-ag","status":"publish","type":"product","link":"https:\/\/www.testsealabs-kit.com\/es\/producto\/canine-distemper-virus-antigen-testcdv-ag\/","title":{"rendered":"Prueba del ant\u00edgeno del virus del moquillo canino (CDV Ag)"},"content":{"rendered":"<p><span style=\"font-size: 14pt;\">1.Obtenga resultados en 15 minutos<\/span><\/p>\n<p><span style=\"font-size: 14pt;\">2.Facilidad de recogida de muestras<\/span><\/p>\n<p><span style=\"font-size: 14pt;\">3.Los resultados son claramente visibles<\/span><\/p>\n<p><span style=\"font-size: 14pt;\">4.No necesita equipamiento<\/span><\/p>\n<p><span style=\"font-size: 14pt;\">5.Adecuado para el cribado r\u00e1pido a gran escala<\/span><\/p>","protected":false},"excerpt":{"rendered":"<p>El producto es un ensayo inmunocromatogr\u00e1fico de flujo lateral para la detecci\u00f3n cualitativa del ant\u00edgeno del virus del moquillo canino (CDV Ag) en muestras de secreciones oculares y conjuntivales de saliva.<\/p>\n<p>&nbsp;<\/p>\n<p>El moquillo canino es una enfermedad infecciosa v\u00edrica aguda y altamente contagiosa que afecta a todo el mundo. La v\u00eda de infecci\u00f3n natural del CDV es principalmente el tracto respiratorio superior. Tras la infecci\u00f3n, el CDV ataca a las c\u00e9lulas del epitelio intestinal y a los cardiomiocitos. Las principales manifestaciones cl\u00ednicas son enfermedades gastrointestinales y miocarditis, y la mayor\u00eda de los cachorros sufren miocarditis. El moquillo canino es un tipo de enfermedad infecciosa con alta incidencia, elevada mortalidad y brotes frecuentes. Pueden infectarse perros de distintas edades, sexos y razas.<\/p>","protected":false},"featured_media":1216,"comment_status":"open","ping_status":"closed","template":"","meta":[],"product_brand":[],"product_cat":[20,47],"product_tag":[],"class_list":{"0":"post-1217","1":"product","2":"type-product","3":"status-publish","4":"has-post-thumbnail","6":"product_cat-all-products","7":"product_cat-animals-diagnostic-rapid-test","8":"entry","10":"first","11":"instock","12":"shipping-taxable","13":"product-type-simple"},"_links":{"self":[{"href":"https:\/\/www.testsealabs-kit.com\/es\/wp-json\/wp\/v2\/product\/1217","targetHints":{"allow":["GET"]}}],"collection":[{"href":"https:\/\/www.testsealabs-kit.com\/es\/wp-json\/wp\/v2\/product"}],"about":[{"href":"https:\/\/www.testsealabs-kit.com\/es\/wp-json\/wp\/v2\/types\/product"}],"replies":[{"embeddable":true,"href":"https:\/\/www.testsealabs-kit.com\/es\/wp-json\/wp\/v2\/comments?post=1217"}],"wp:featuredmedia":[{"embeddable":true,"href":"https:\/\/www.testsealabs-kit.com\/es\/wp-json\/wp\/v2\/media\/1216"}],"wp:attachment":[{"href":"https:\/\/www.testsealabs-kit.com\/es\/wp-json\/wp\/v2\/media?parent=1217"}],"wp:term":[{"taxonomy":"product_brand","embeddable":true,"href":"https:\/\/www.testsealabs-kit.com\/es\/wp-json\/wp\/v2\/product_brand?post=1217"},{"taxonomy":"product_cat","embeddable":true,"href":"https:\/\/www.testsealabs-kit.com\/es\/wp-json\/wp\/v2\/product_cat?post=1217"},{"taxonomy":"product_tag","embeddable":true,"href":"https:\/\/www.testsealabs-kit.com\/es\/wp-json\/wp\/v2\/product_tag?post=1217"}],"curies":[{"name":"wp","href":"https:\/\/api.w.org\/{rel}","templated":true}]}}