{"id":1227,"date":"2022-05-19T11:36:20","date_gmt":"2022-05-19T03:36:20","guid":{"rendered":"https:\/\/www.testsealabs-kit.com\/?post_type=product&#038;p=1227"},"modified":"2022-05-19T11:36:20","modified_gmt":"2022-05-19T03:36:20","slug":"feline-heartworm-antigen-testfhw-ag","status":"publish","type":"product","link":"https:\/\/www.testsealabs-kit.com\/es\/producto\/feline-heartworm-antigen-testfhw-ag\/","title":{"rendered":"Prueba del ant\u00edgeno del gusano del coraz\u00f3n felino (FHW Ag)"},"content":{"rendered":"<p><span style=\"font-size: 14pt;\">1.Obtenga resultados en 15 minutos<\/span><br \/>\n<span style=\"font-size: 14pt;\">2.Facilidad de recogida de muestras<\/span><br \/>\n<span style=\"font-size: 14pt;\">3.Los resultados son claramente visibles<\/span><br \/>\n<span style=\"font-size: 14pt;\">4.No necesita equipamiento<\/span><br \/>\n<span style=\"font-size: 14pt;\">5.Adecuado para el cribado r\u00e1pido a gran escala<\/span><\/p>","protected":false},"excerpt":{"rendered":"<p>El producto es un ensayo inmunocromatogr\u00e1fico de flujo lateral tipo sandwich para la detecci\u00f3n cualitativa del ant\u00edgeno del gusano del coraz\u00f3n felino (FHW Ag) en sangre total\/suero felino.<\/p>\n<p>&nbsp;<\/p>\n<p>La FHW es una enfermedad infecciosa que puede infectar a gatos de cualquier edad a trav\u00e9s de la picadura de mosquitos. Dado que la FHW vive en el coraz\u00f3n del felino, puede causar endocarditis cr\u00f3nica, hipertrofia cardiaca y dilataci\u00f3n del ventr\u00edculo derecho. Cuando la infecci\u00f3n es grave, la congesti\u00f3n venosa puede provocar ascitis y hepatomegalia.<\/p>","protected":false},"featured_media":1216,"comment_status":"open","ping_status":"closed","template":"","meta":[],"product_brand":[],"product_cat":[20,47],"product_tag":[],"class_list":{"0":"post-1227","1":"product","2":"type-product","3":"status-publish","4":"has-post-thumbnail","6":"product_cat-all-products","7":"product_cat-animals-diagnostic-rapid-test","8":"entry","10":"first","11":"instock","12":"shipping-taxable","13":"product-type-simple"},"_links":{"self":[{"href":"https:\/\/www.testsealabs-kit.com\/es\/wp-json\/wp\/v2\/product\/1227","targetHints":{"allow":["GET"]}}],"collection":[{"href":"https:\/\/www.testsealabs-kit.com\/es\/wp-json\/wp\/v2\/product"}],"about":[{"href":"https:\/\/www.testsealabs-kit.com\/es\/wp-json\/wp\/v2\/types\/product"}],"replies":[{"embeddable":true,"href":"https:\/\/www.testsealabs-kit.com\/es\/wp-json\/wp\/v2\/comments?post=1227"}],"wp:featuredmedia":[{"embeddable":true,"href":"https:\/\/www.testsealabs-kit.com\/es\/wp-json\/wp\/v2\/media\/1216"}],"wp:attachment":[{"href":"https:\/\/www.testsealabs-kit.com\/es\/wp-json\/wp\/v2\/media?parent=1227"}],"wp:term":[{"taxonomy":"product_brand","embeddable":true,"href":"https:\/\/www.testsealabs-kit.com\/es\/wp-json\/wp\/v2\/product_brand?post=1227"},{"taxonomy":"product_cat","embeddable":true,"href":"https:\/\/www.testsealabs-kit.com\/es\/wp-json\/wp\/v2\/product_cat?post=1227"},{"taxonomy":"product_tag","embeddable":true,"href":"https:\/\/www.testsealabs-kit.com\/es\/wp-json\/wp\/v2\/product_tag?post=1227"}],"curies":[{"name":"wp","href":"https:\/\/api.w.org\/{rel}","templated":true}]}}