{"id":932,"date":"2022-04-25T20:35:08","date_gmt":"2022-04-25T12:35:08","guid":{"rendered":"https:\/\/www.testsealabs-kit.com\/?post_type=product&#038;p=932"},"modified":"2022-04-29T22:50:01","modified_gmt":"2022-04-29T14:50:01","slug":"covid-19-antigen-test-cassette-professional-use-lollipop-style-saliva","status":"publish","type":"product","link":"https:\/\/www.testsealabs-kit.com\/es\/producto\/covid-19-antigen-test-cassette-professional-use-lollipop-style-saliva\/","title":{"rendered":"COVID-19 Antigen Test Cassette-Uso profesional-Lollipop style Saliva"},"content":{"rendered":"<p>\u3010Uso previsto\u3011<\/p>\n<p>El casete de prueba de ant\u00edgeno COVID-19 es una prueba r\u00e1pida para la detecci\u00f3n cualitativa del ant\u00edgeno de la nucleoc\u00e1pside del SARS-CoV-2 en muestras de saliva. Se utiliza para ayudar en el diagn\u00f3stico de la infecci\u00f3n por SARS-CoV-2 que puede conducir a la enfermedad COVID-19.<\/p>\n<p>La prueba puede realizarse en cualquier momento y es adecuada tanto para personas sintom\u00e1ticas como asintom\u00e1ticas. Los menores deben ser asistidos en la prueba por Adultos.<\/p>\n<p>Se recomienda utilizar esta prueba \u00fanicamente como complemento de otros procedimientos de diagn\u00f3stico. La prueba est\u00e1 dise\u00f1ada para uso profesional.<\/p>\n<p>\u3010Certificado\u3011<\/p>\n<p>CE,ISO9001,ISO13485<\/p>","protected":false},"excerpt":{"rendered":"<p>Prueba del ant\u00edgeno COVID-19 Prueba del casete \u7b80\u77ed\u63cf\u8ff0<\/p>","protected":false},"featured_media":939,"comment_status":"open","ping_status":"closed","template":"","meta":[],"product_brand":[],"product_cat":[20,26],"product_tag":[],"class_list":{"0":"post-932","1":"product","2":"type-product","3":"status-publish","4":"has-post-thumbnail","6":"product_cat-all-products","7":"product_cat-covid-19-sars-cov-2-rapid-test","8":"entry","10":"first","11":"instock","12":"shipping-taxable","13":"purchasable","14":"product-type-variable","15":"has-default-attributes"},"_links":{"self":[{"href":"https:\/\/www.testsealabs-kit.com\/es\/wp-json\/wp\/v2\/product\/932","targetHints":{"allow":["GET"]}}],"collection":[{"href":"https:\/\/www.testsealabs-kit.com\/es\/wp-json\/wp\/v2\/product"}],"about":[{"href":"https:\/\/www.testsealabs-kit.com\/es\/wp-json\/wp\/v2\/types\/product"}],"replies":[{"embeddable":true,"href":"https:\/\/www.testsealabs-kit.com\/es\/wp-json\/wp\/v2\/comments?post=932"}],"wp:featuredmedia":[{"embeddable":true,"href":"https:\/\/www.testsealabs-kit.com\/es\/wp-json\/wp\/v2\/media\/939"}],"wp:attachment":[{"href":"https:\/\/www.testsealabs-kit.com\/es\/wp-json\/wp\/v2\/media?parent=932"}],"wp:term":[{"taxonomy":"product_brand","embeddable":true,"href":"https:\/\/www.testsealabs-kit.com\/es\/wp-json\/wp\/v2\/product_brand?post=932"},{"taxonomy":"product_cat","embeddable":true,"href":"https:\/\/www.testsealabs-kit.com\/es\/wp-json\/wp\/v2\/product_cat?post=932"},{"taxonomy":"product_tag","embeddable":true,"href":"https:\/\/www.testsealabs-kit.com\/es\/wp-json\/wp\/v2\/product_tag?post=932"}],"curies":[{"name":"wp","href":"https:\/\/api.w.org\/{rel}","templated":true}]}}