{"id":945,"date":"2022-04-25T20:40:10","date_gmt":"2022-04-25T12:40:10","guid":{"rendered":"https:\/\/www.testsealabs-kit.com\/?post_type=product&#038;p=945"},"modified":"2022-05-10T23:01:59","modified_gmt":"2022-05-10T15:01:59","slug":"flu-a-b-covid-19-antigen-combo-test-cassette-professional-use","status":"publish","type":"product","link":"https:\/\/www.testsealabs-kit.com\/es\/producto\/flu-a-b-covid-19-antigen-combo-test-cassette-professional-use\/","title":{"rendered":"Flu A\/B + COVID-19 Antigen Combo Test Cassette-Uso profesional"},"content":{"rendered":"<p>\u3010Uso previsto\u3011<\/p>\n<p>La prueba est\u00e1 destinada a la detecci\u00f3n r\u00e1pida simult\u00e1nea in vitro y a la diferenciaci\u00f3n de<\/p>\n<p>virus de la gripe A, virus de la gripe B y ant\u00edgeno de la prote\u00edna de la nucleoc\u00e1pside del virus COVID-19 , pero no<\/p>\n<p>no distingue entre los virus SARS-CoV y COVID-19 y no est\u00e1 destinado a detectar<\/p>\n<p>ant\u00edgenos de la gripe C. Las caracter\u00edsticas de rendimiento pueden variar frente a otras gripes emergentes<\/p>\n<p>virus.<\/p>\n<p>Los ant\u00edgenos virales de la gripe A, la gripe B y el COVID-19 suelen ser detectables en muestras de las v\u00edas respiratorias superiores durante la fase aguda de la infecci\u00f3n. Los resultados positivos indican la presencia de ant\u00edgenos v\u00edricos, pero para determinar el estado de la infecci\u00f3n es necesaria la correlaci\u00f3n cl\u00ednica con el historial del paciente y otra informaci\u00f3n diagn\u00f3stica.<\/p>\n<p>Los resultados positivos no descartan una infecci\u00f3n bacteriana o una coinfecci\u00f3n con otros virus. El agente<\/p>\n<p>detectado puede no ser la causa definitiva de la enfermedad.<\/p>\n<p>Los resultados negativos de COVID-19, de pacientes con inicio de s\u00edntomas m\u00e1s all\u00e1 de cinco d\u00edas, deben ser<\/p>\n<p>tratado como presuntivo y confirmaci\u00f3n con un ensayo molecular, si es necesario, para el paciente<\/p>\n<p>puede llevarse a cabo. Los resultados negativos no descartan COVID-19 y no deben ser<\/p>\n<p>utilizados como \u00fanica base para el tratamiento o las decisiones de gesti\u00f3n del paciente, incluida la infecci\u00f3n<\/p>\n<p>decisiones de control. Los resultados negativos deben considerarse en el contexto de la historia reciente del paciente.<\/p>\n<p>exposiciones, antecedentes y presencia de signos y s\u00edntomas cl\u00ednicos compatibles con COVID-19.<\/p>\n<p>Los resultados negativos no excluyen las infecciones por el virus de la gripe y no deben utilizarse como \u00fanico m\u00e9todo de diagn\u00f3stico.<\/p>\n<p>base para el tratamiento u otras decisiones de gesti\u00f3n del paciente.<\/p>\n<p>\u3010Certificado\u3011<\/p>\n<p>CE,ISO9001,ISO13485<\/p>","protected":false},"excerpt":{"rendered":"<p>Prueba del ant\u00edgeno COVID-19 Prueba del casete \u7b80\u77ed\u63cf\u8ff0<\/p>","protected":false},"featured_media":948,"comment_status":"open","ping_status":"closed","template":"","meta":[],"product_brand":[],"product_cat":[20,26],"product_tag":[],"class_list":{"0":"post-945","1":"product","2":"type-product","3":"status-publish","4":"has-post-thumbnail","6":"product_cat-all-products","7":"product_cat-covid-19-sars-cov-2-rapid-test","8":"entry","10":"first","11":"instock","12":"shipping-taxable","13":"purchasable","14":"product-type-variable","15":"has-default-attributes"},"_links":{"self":[{"href":"https:\/\/www.testsealabs-kit.com\/es\/wp-json\/wp\/v2\/product\/945","targetHints":{"allow":["GET"]}}],"collection":[{"href":"https:\/\/www.testsealabs-kit.com\/es\/wp-json\/wp\/v2\/product"}],"about":[{"href":"https:\/\/www.testsealabs-kit.com\/es\/wp-json\/wp\/v2\/types\/product"}],"replies":[{"embeddable":true,"href":"https:\/\/www.testsealabs-kit.com\/es\/wp-json\/wp\/v2\/comments?post=945"}],"wp:featuredmedia":[{"embeddable":true,"href":"https:\/\/www.testsealabs-kit.com\/es\/wp-json\/wp\/v2\/media\/948"}],"wp:attachment":[{"href":"https:\/\/www.testsealabs-kit.com\/es\/wp-json\/wp\/v2\/media?parent=945"}],"wp:term":[{"taxonomy":"product_brand","embeddable":true,"href":"https:\/\/www.testsealabs-kit.com\/es\/wp-json\/wp\/v2\/product_brand?post=945"},{"taxonomy":"product_cat","embeddable":true,"href":"https:\/\/www.testsealabs-kit.com\/es\/wp-json\/wp\/v2\/product_cat?post=945"},{"taxonomy":"product_tag","embeddable":true,"href":"https:\/\/www.testsealabs-kit.com\/es\/wp-json\/wp\/v2\/product_tag?post=945"}],"curies":[{"name":"wp","href":"https:\/\/api.w.org\/{rel}","templated":true}]}}