{"id":991,"date":"2022-04-25T21:15:23","date_gmt":"2022-04-25T13:15:23","guid":{"rendered":"https:\/\/www.testsealabs-kit.com\/?post_type=product&#038;p=991"},"modified":"2022-05-19T11:06:22","modified_gmt":"2022-05-19T03:06:22","slug":"canine-parvo-virus-antigen-test-cassettecpv-ag","status":"publish","type":"product","link":"https:\/\/www.testsealabs-kit.com\/es\/producto\/canine-parvo-virus-antigen-test-cassettecpv-ag\/","title":{"rendered":"Casete de prueba del ant\u00edgeno del virus del parvo canino (CPV AG)"},"content":{"rendered":"<p><span style=\"font-size: 14pt;\">1.Obtenga resultados en 15 minutos<\/span><\/p>\n<p><span style=\"font-size: 14pt;\">2.Facilidad de recogida de muestras<\/span><\/p>\n<p><span style=\"font-size: 14pt;\">3.Los resultados son claramente visibles<\/span><\/p>\n<p><span style=\"font-size: 14pt;\">4.No necesita equipamiento<\/span><\/p>\n<p><span style=\"font-size: 14pt;\">5.Adecuado para el cribado r\u00e1pido a gran escala<\/span><\/p>","protected":false},"excerpt":{"rendered":"<p>El producto es un ensayo inmunocromatogr\u00e1fico de flujo lateral para la detecci\u00f3n cualitativa de ant\u00edgenos de Parvovirus Canino (CPV Ag) en heces de perro.<\/p>\n<p>&nbsp;<\/p>\n<p>Despu\u00e9s de infectarse con CPV, el CPV atacar\u00e1 las c\u00e9lulas del epitelio intestinal y el m\u00fasculo card\u00edaco en caninos, y las anifestaciones cl\u00ednicas son enfermedades gastrointestinales y miocarditis, los cachorros son principalmente miocarditis. Despu\u00e9s de la infecci\u00f3n, el canino tendr\u00e1 una alta incidencia y mortalidad. El CPV suele presentar un brote epid\u00e9mico, pudiendo infectarse caninos de diferentes edades, sexos y razas.<\/p>","protected":false},"featured_media":1216,"comment_status":"open","ping_status":"closed","template":"","meta":[],"product_brand":[],"product_cat":[20,47],"product_tag":[],"class_list":{"0":"post-991","1":"product","2":"type-product","3":"status-publish","4":"has-post-thumbnail","6":"product_cat-all-products","7":"product_cat-animals-diagnostic-rapid-test","8":"entry","10":"first","11":"instock","12":"shipping-taxable","13":"purchasable","14":"product-type-variable","15":"has-default-attributes"},"_links":{"self":[{"href":"https:\/\/www.testsealabs-kit.com\/es\/wp-json\/wp\/v2\/product\/991","targetHints":{"allow":["GET"]}}],"collection":[{"href":"https:\/\/www.testsealabs-kit.com\/es\/wp-json\/wp\/v2\/product"}],"about":[{"href":"https:\/\/www.testsealabs-kit.com\/es\/wp-json\/wp\/v2\/types\/product"}],"replies":[{"embeddable":true,"href":"https:\/\/www.testsealabs-kit.com\/es\/wp-json\/wp\/v2\/comments?post=991"}],"wp:featuredmedia":[{"embeddable":true,"href":"https:\/\/www.testsealabs-kit.com\/es\/wp-json\/wp\/v2\/media\/1216"}],"wp:attachment":[{"href":"https:\/\/www.testsealabs-kit.com\/es\/wp-json\/wp\/v2\/media?parent=991"}],"wp:term":[{"taxonomy":"product_brand","embeddable":true,"href":"https:\/\/www.testsealabs-kit.com\/es\/wp-json\/wp\/v2\/product_brand?post=991"},{"taxonomy":"product_cat","embeddable":true,"href":"https:\/\/www.testsealabs-kit.com\/es\/wp-json\/wp\/v2\/product_cat?post=991"},{"taxonomy":"product_tag","embeddable":true,"href":"https:\/\/www.testsealabs-kit.com\/es\/wp-json\/wp\/v2\/product_tag?post=991"}],"curies":[{"name":"wp","href":"https:\/\/api.w.org\/{rel}","templated":true}]}}