{"id":32,"date":"2022-04-01T00:53:09","date_gmt":"2022-03-31T16:53:09","guid":{"rendered":"https:\/\/www.testsealabs-kit.com\/?page_id=32"},"modified":"2022-04-13T18:51:26","modified_gmt":"2022-04-13T10:51:26","slug":"news","status":"publish","type":"page","link":"https:\/\/www.testsealabs-kit.com\/et\/news\/","title":{"rendered":"Uudised"},"content":{"rendered":"<div data-elementor-type=\"wp-page\" data-elementor-id=\"32\" class=\"elementor elementor-32\">\n\t\t\t\t\t\t<section class=\"elementor-section elementor-top-section elementor-element elementor-element-0d8dd62 elementor-section-boxed elementor-section-height-default elementor-section-height-default\" data-id=\"0d8dd62\" data-element_type=\"section\" data-settings=\"{&quot;background_background&quot;:&quot;classic&quot;}\">\n\t\t\t\t\t\t<div class=\"elementor-container elementor-column-gap-default\">\n\t\t\t\t\t<div class=\"elementor-column elementor-col-100 elementor-top-column elementor-element elementor-element-d6d968f\" data-id=\"d6d968f\" data-element_type=\"column\">\n\t\t\t<div class=\"elementor-widget-wrap elementor-element-populated\">\n\t\t\t\t\t\t<div class=\"elementor-element elementor-element-2856afe elementor-widget elementor-widget-woocommerce-breadcrumb\" data-id=\"2856afe\" data-element_type=\"widget\" data-widget_type=\"woocommerce-breadcrumb.default\">\n\t\t\t\t<div class=\"elementor-widget-container\">\n\t\t\t\t\t<nav class=\"woocommerce-breadcrumb\" aria-label=\"Breadcrumb\" data-no-translation=\"\" data-trp-gettext=\"\">Esileht<\/nav>\t\t\t\t<\/div>\n\t\t\t\t<\/div>\n\t\t\t\t\t<\/div>\n\t\t<\/div>\n\t\t\t\t\t<\/div>\n\t\t<\/section>\n\t\t\t\t<section class=\"elementor-section elementor-top-section elementor-element elementor-element-560385d elementor-section-boxed elementor-section-height-default elementor-section-height-default\" data-id=\"560385d\" data-element_type=\"section\">\n\t\t\t\t\t\t<div class=\"elementor-container elementor-column-gap-default\">\n\t\t\t\t\t<div class=\"elementor-column elementor-col-20 elementor-top-column elementor-element elementor-element-eef23e5\" data-id=\"eef23e5\" data-element_type=\"column\">\n\t\t\t<div class=\"elementor-widget-wrap\">\n\t\t\t\t\t\t\t<\/div>\n\t\t<\/div>\n\t\t\t\t<div class=\"elementor-column elementor-col-20 elementor-top-column elementor-element elementor-element-2ad3bd2\" data-id=\"2ad3bd2\" data-element_type=\"column\">\n\t\t\t<div class=\"elementor-widget-wrap elementor-element-populated\">\n\t\t\t\t\t\t<div class=\"elementor-element elementor-element-0accfd9 elementor-align-center elementor-widget elementor-widget-button\" data-id=\"0accfd9\" data-element_type=\"widget\" data-widget_type=\"button.default\">\n\t\t\t\t<div class=\"elementor-widget-container\">\n\t\t\t\t\t\t\t\t\t<div class=\"elementor-button-wrapper\">\n\t\t\t\t\t<a class=\"elementor-button elementor-button-link elementor-size-sm\" href=\"https:\/\/www.testsealabs-kit.com\/et\/category\/company-news\/\">\n\t\t\t\t\t\t<span class=\"elementor-button-content-wrapper\">\n\t\t\t\t\t\t\t\t\t<span class=\"elementor-button-text\">Ettev\u00f5tte uudised<\/span>\n\t\t\t\t\t<\/span>\n\t\t\t\t\t<\/a>\n\t\t\t\t<\/div>\n\t\t\t\t\t\t\t\t<\/div>\n\t\t\t\t<\/div>\n\t\t\t\t\t<\/div>\n\t\t<\/div>\n\t\t\t\t<div class=\"elementor-column elementor-col-20 elementor-top-column elementor-element elementor-element-398fa43\" data-id=\"398fa43\" data-element_type=\"column\">\n\t\t\t<div class=\"elementor-widget-wrap elementor-element-populated\">\n\t\t\t\t\t\t<div class=\"elementor-element elementor-element-6bab9cb elementor-align-center elementor-widget elementor-widget-button\" data-id=\"6bab9cb\" data-element_type=\"widget\" data-widget_type=\"button.default\">\n\t\t\t\t<div class=\"elementor-widget-container\">\n\t\t\t\t\t\t\t\t\t<div class=\"elementor-button-wrapper\">\n\t\t\t\t\t<a class=\"elementor-button elementor-button-link elementor-size-sm\" href=\"https:\/\/www.testsealabs-kit.com\/et\/category\/industry-news\/\">\n\t\t\t\t\t\t<span class=\"elementor-button-content-wrapper\">\n\t\t\t\t\t\t\t\t\t<span class=\"elementor-button-text\">T\u00f6\u00f6stuse uudised<\/span>\n\t\t\t\t\t<\/span>\n\t\t\t\t\t<\/a>\n\t\t\t\t<\/div>\n\t\t\t\t\t\t\t\t<\/div>\n\t\t\t\t<\/div>\n\t\t\t\t\t<\/div>\n\t\t<\/div>\n\t\t\t\t<div class=\"elementor-column elementor-col-20 elementor-top-column elementor-element elementor-element-05d8a8a\" data-id=\"05d8a8a\" data-element_type=\"column\">\n\t\t\t<div class=\"elementor-widget-wrap elementor-element-populated\">\n\t\t\t\t\t\t<div class=\"elementor-element elementor-element-668c3a1 elementor-align-center elementor-widget elementor-widget-button\" data-id=\"668c3a1\" data-element_type=\"widget\" data-widget_type=\"button.default\">\n\t\t\t\t<div class=\"elementor-widget-container\">\n\t\t\t\t\t\t\t\t\t<div class=\"elementor-button-wrapper\">\n\t\t\t\t\t<a class=\"elementor-button elementor-button-link elementor-size-sm\" href=\"https:\/\/www.testsealabs-kit.com\/et\/category\/exhibition\/\">\n\t\t\t\t\t\t<span class=\"elementor-button-content-wrapper\">\n\t\t\t\t\t\t\t\t\t<span class=\"elementor-button-text\">N\u00e4itus<\/span>\n\t\t\t\t\t<\/span>\n\t\t\t\t\t<\/a>\n\t\t\t\t<\/div>\n\t\t\t\t\t\t\t\t<\/div>\n\t\t\t\t<\/div>\n\t\t\t\t\t<\/div>\n\t\t<\/div>\n\t\t\t\t<div class=\"elementor-column elementor-col-20 elementor-top-column elementor-element elementor-element-f365a72\" data-id=\"f365a72\" data-element_type=\"column\">\n\t\t\t<div class=\"elementor-widget-wrap\">\n\t\t\t\t\t\t\t<\/div>\n\t\t<\/div>\n\t\t\t\t\t<\/div>\n\t\t<\/section>\n\t\t\t\t<section class=\"elementor-section elementor-top-section elementor-element elementor-element-42a39ac liebiaoaaa elementor-section-boxed elementor-section-height-default elementor-section-height-default\" data-id=\"42a39ac\" data-element_type=\"section\">\n\t\t\t\t\t\t<div class=\"elementor-container elementor-column-gap-default\">\n\t\t\t\t\t<div class=\"elementor-column elementor-col-100 elementor-top-column elementor-element elementor-element-47dfe85\" data-id=\"47dfe85\" data-element_type=\"column\">\n\t\t\t<div class=\"elementor-widget-wrap elementor-element-populated\">\n\t\t\t\t\t\t<div class=\"elementor-element elementor-element-e65e2dc elementor-grid-1 custom-news elementor-grid-tablet-2 elementor-grid-mobile-1 elementor-posts--thumbnail-top elementor-widget elementor-widget-posts\" data-id=\"e65e2dc\" data-element_type=\"widget\" data-settings=\"{&quot;classic_columns&quot;:&quot;1&quot;,&quot;pagination_type&quot;:&quot;numbers&quot;,&quot;classic_columns_tablet&quot;:&quot;2&quot;,&quot;classic_columns_mobile&quot;:&quot;1&quot;,&quot;classic_row_gap&quot;:{&quot;unit&quot;:&quot;px&quot;,&quot;size&quot;:35,&quot;sizes&quot;:[]},&quot;classic_row_gap_tablet&quot;:{&quot;unit&quot;:&quot;px&quot;,&quot;size&quot;:&quot;&quot;,&quot;sizes&quot;:[]},&quot;classic_row_gap_mobile&quot;:{&quot;unit&quot;:&quot;px&quot;,&quot;size&quot;:&quot;&quot;,&quot;sizes&quot;:[]}}\" data-widget_type=\"posts.classic\">\n\t\t\t\t<div class=\"elementor-widget-container\">\n\t\t\t\t\t\t\t<div class=\"elementor-posts-container elementor-posts elementor-posts--skin-classic elementor-grid\">\n\t\t\t\t<article class=\"elementor-post elementor-grid-item post-711 post type-post status-publish format-standard has-post-thumbnail hentry category-exhibition entry\">\n\t\t\t\t<a class=\"elementor-post__thumbnail__link\" href=\"https:\/\/www.testsealabs-kit.com\/et\/711\/\" >\n\t\t\t<div class=\"elementor-post__thumbnail\"><img fetchpriority=\"high\" decoding=\"async\" width=\"640\" height=\"456\" src=\"https:\/\/www.testsealabs-kit.com\/wp-content\/uploads\/2022\/04\/image005.jpg\" class=\"attachment-full size-full wp-image-713\" alt=\"\" style=\"width:100%;height:71.25%;max-width:640px\" srcset=\"https:\/\/www.testsealabs-kit.com\/wp-content\/uploads\/2022\/04\/image005.jpg 640w, https:\/\/www.testsealabs-kit.com\/wp-content\/uploads\/2022\/04\/image005-300x214.jpg 300w, https:\/\/www.testsealabs-kit.com\/wp-content\/uploads\/2022\/04\/image005-600x428.jpg 600w\" sizes=\"(max-width: 640px) 100vw, 640px\" \/><\/div>\n\t\t<\/a>\n\t\t\t\t<div class=\"elementor-post__text\">\n\t\t\t\t<h3 class=\"elementor-post__title\">\n\t\t\t<a href=\"https:\/\/www.testsealabs-kit.com\/et\/711\/\" >\n\t\t\t\tExpomed Eurasia 2022\t\t\t<\/a>\n\t\t<\/h3>\n\t\t\t\t<div class=\"elementor-post__meta-data\">\n\t\t\t\t\t<span class=\"elementor-post-date\">\n\t\t\t2022-03-17\t\t<\/span>\n\t\t\t\t<span class=\"elementor-post-avatar\">\n\t\t\tKommentaare pole\t\t<\/span>\n\t\t\t\t<\/div>\n\t\t\t\t<div class=\"elementor-post__excerpt\">\n\t\t\t<p>Peaaegu 30 aasta jooksul on Expomed Eurasia muutunud juhtivaks meditsiinimessiks mitte ainult T\u00fcrgis, vaid ka Euraasia piirkonnas. Messil kasutatakse n\u00fc\u00fcd k\u00f5ige paremini \u00e4ra tipptasemel digitaalsed lahendused ja see l\u00e4heb kaugemale kui n\u00e4ost-n\u00e4kku v\u00f5rgustike loomine. Expomed Eurasia 29. v\u00e4ljaanne toimus 17.-19. m\u00e4rtsil 2022 Istanbulis. Rohkem kui 600 eksponenti T\u00fcrgist ja v\u00e4lismaalt ning 19000 k\u00fclastajat ainult T\u00fcrgist ja 5000 rahvusvahelist k\u00fclastajat, Expomed Eurasia on olnud tervishoiut\u00f6\u00f6stuse jaoks v\u00e4ga edukas.   N\u00e4itus: Expomed Eurasia Stendi nr: 524B Asukoht: T\u00fcyap Fair and Congress Center, Istanbul, T\u00fcrgi Aeg: 2022.03.17-2022.03.19 Eksponent\uff1aHangzhou Testsea Biotechnology Co., Ltd.<\/p>\n\t\t<\/div>\n\t\t\t\t\t<a class=\"elementor-post__read-more\" href=\"https:\/\/www.testsealabs-kit.com\/et\/711\/\" >\n\t\t\t\tLoe edasi\t\t\t<\/a>\n\t\t\t\t<\/div>\n\t\t\t\t<\/article>\n\t\t\t\t<article class=\"elementor-post elementor-grid-item post-708 post type-post status-publish format-standard hentry category-industry-news entry\">\n\t\t\t\t<div class=\"elementor-post__text\">\n\t\t\t\t<h3 class=\"elementor-post__title\">\n\t\t\t<a href=\"https:\/\/www.testsealabs-kit.com\/et\/what-is-the-difference-between-antigen-detection-and-nucleic-acid-detection\/\" >\n\t\t\t\tMis vahe on antigeeni ja nukleiinhappe tuvastamisel?\t\t\t<\/a>\n\t\t<\/h3>\n\t\t\t\t<div class=\"elementor-post__meta-data\">\n\t\t\t\t\t<span class=\"elementor-post-date\">\n\t\t\t2022-03-15\t\t<\/span>\n\t\t\t\t<span class=\"elementor-post-avatar\">\n\t\t\tKommentaare pole\t\t<\/span>\n\t\t\t\t<\/div>\n\t\t\t\t<div class=\"elementor-post__excerpt\">\n\t\t\t<p>Hiljuti on m\u00fc\u00fcgiloa saanud mitmed uued kroonantigeeni enesetestimise tooted, mis on \u00e4ratanud t\u00e4helepanu.   Mis on antigeenitest ja milles seisneb erinevus tuntud nukleiinhappe testist? Miks lisada see uus tuvastamismeetod? Milline on tuvastamise t\u00e4psus? Mida on vaja teha? Kas sellega kaasnevad riskid? Selle uue tuvastamisviisi suhtes tekivad kahtlused.   Mis on t\u00e4pselt antigeenitest? Mille poolest erineb see nukleiinhappe testimisest?   Antigeenid on nagu \"riided\", mida viirus v\u00e4ljastpoolt kannab, ja nukleiinhapped on geenid viiruse sees.   Need kaks testi on veidi erinevad. Antigeenitest on meetod, mis algab antikehadest, et m\u00f5\u00f5ta \"riideid\", ja p\u00e4rast igak\u00fclgset spetsiifilisust saab viiruse<\/p>\n\t\t<\/div>\n\t\t\t\t\t<a class=\"elementor-post__read-more\" href=\"https:\/\/www.testsealabs-kit.com\/et\/what-is-the-difference-between-antigen-detection-and-nucleic-acid-detection\/\" >\n\t\t\t\tLoe edasi\t\t\t<\/a>\n\t\t\t\t<\/div>\n\t\t\t\t<\/article>\n\t\t\t\t<article class=\"elementor-post elementor-grid-item post-209 post type-post status-publish format-standard has-post-thumbnail hentry category-company-news entry\">\n\t\t\t\t<a class=\"elementor-post__thumbnail__link\" href=\"https:\/\/www.testsealabs-kit.com\/et\/goldsite-obtains-ce-self-testing-certificate-for-the-sars-cov-2-nasal-antigen-self-test\/\" >\n\t\t\t<div class=\"elementor-post__thumbnail\"><img decoding=\"async\" width=\"500\" height=\"301\" src=\"https:\/\/www.testsealabs-kit.com\/wp-content\/uploads\/2022\/04\/image002-1.png\" class=\"attachment-full size-full wp-image-706\" alt=\"\" style=\"width:100%;height:60.2%;max-width:500px\" srcset=\"https:\/\/www.testsealabs-kit.com\/wp-content\/uploads\/2022\/04\/image002-1.png 500w, https:\/\/www.testsealabs-kit.com\/wp-content\/uploads\/2022\/04\/image002-1-300x181.png 300w\" sizes=\"(max-width: 500px) 100vw, 500px\" \/><\/div>\n\t\t<\/a>\n\t\t\t\t<div class=\"elementor-post__text\">\n\t\t\t\t<h3 class=\"elementor-post__title\">\n\t\t\t<a href=\"https:\/\/www.testsealabs-kit.com\/et\/goldsite-obtains-ce-self-testing-certificate-for-the-sars-cov-2-nasal-antigen-self-test\/\" >\n\t\t\t\tTestsealabs COVID-19 antigeeni kiirtest v\u00f5ib t\u00f5husalt katta koronaviiruse Omicron (B.1.1529) t\u00fcvevarianti.\t\t\t<\/a>\n\t\t<\/h3>\n\t\t\t\t<div class=\"elementor-post__meta-data\">\n\t\t\t\t\t<span class=\"elementor-post-date\">\n\t\t\t2021-11-29\t\t<\/span>\n\t\t\t\t<span class=\"elementor-post-avatar\">\n\t\t\tKommentaare pole\t\t<\/span>\n\t\t\t\t<\/div>\n\t\t\t\t<div class=\"elementor-post__excerpt\">\n\t\t\t<p>Praegu viib meie ettev\u00f5te l\u00e4bi \u00fcksikasjalikku v\u00f5rdlust ja anal\u00fc\u00fcsi, mis p\u00f5hineb GISAIDi andmebaasis avaldatud Omicroni mutatsioonikoha mutatsioonikoha nukleiinhappej\u00e4rjestusel ja meie koronaviiruse antigeeni kiirtestides kasutatavate spetsiifiliste N-valgu antikehade tuvastamise epitoopidel. Anal\u00fc\u00fcsi tulemused n\u00e4itasid, et Omicroni mutatsioonikoht ei m\u00f5juta meie ettev\u00f5tte poolt v\u00e4lja t\u00f6\u00f6tatud, toodetud ja m\u00fc\u00fcdud koronaviiruse antigeeni kiirteavastusreaktiivi antigeeni tuvastamist. Meie ettev\u00f5tte Testsealabs COVID-19 antigeeni kiirtest suudab t\u00f5husalt katta uue koronaviiruse Omicron (B.1.1529) mutandit\u00fcve. Kuna aga praegu on v\u00f5imatu saada proovid verifitseerimiseks, on vaja j\u00e4rgnevaid verifikatsiooniteste laboris. Meie ettev\u00f5te on kontrollinud meie poolt v\u00e4lja t\u00f6\u00f6tatud koronaviiruse antigeeni kiirtesti tuvastamise tulemuslikkust.<\/p>\n\t\t<\/div>\n\t\t\t\t\t<a class=\"elementor-post__read-more\" href=\"https:\/\/www.testsealabs-kit.com\/et\/goldsite-obtains-ce-self-testing-certificate-for-the-sars-cov-2-nasal-antigen-self-test\/\" >\n\t\t\t\tLoe edasi\t\t\t<\/a>\n\t\t\t\t<\/div>\n\t\t\t\t<\/article>\n\t\t\t\t<\/div>\n\n\n\t\t\n\t\t\t\t\t\t<\/div>\n\t\t\t\t<\/div>\n\t\t\t\t\t<\/div>\n\t\t<\/div>\n\t\t\t\t\t<\/div>\n\t\t<\/section>\n\t\t\t\t<\/div>","protected":false},"excerpt":{"rendered":"<p>Company News Industry News Exhibition<\/p>","protected":false},"author":1,"featured_media":0,"parent":0,"menu_order":0,"comment_status":"closed","ping_status":"closed","template":"elementor_header_footer","meta":{"footnotes":""},"class_list":["post-32","page","type-page","status-publish","hentry","entry"],"_links":{"self":[{"href":"https:\/\/www.testsealabs-kit.com\/et\/wp-json\/wp\/v2\/pages\/32","targetHints":{"allow":["GET"]}}],"collection":[{"href":"https:\/\/www.testsealabs-kit.com\/et\/wp-json\/wp\/v2\/pages"}],"about":[{"href":"https:\/\/www.testsealabs-kit.com\/et\/wp-json\/wp\/v2\/types\/page"}],"author":[{"embeddable":true,"href":"https:\/\/www.testsealabs-kit.com\/et\/wp-json\/wp\/v2\/users\/1"}],"replies":[{"embeddable":true,"href":"https:\/\/www.testsealabs-kit.com\/et\/wp-json\/wp\/v2\/comments?post=32"}],"version-history":[{"count":0,"href":"https:\/\/www.testsealabs-kit.com\/et\/wp-json\/wp\/v2\/pages\/32\/revisions"}],"wp:attachment":[{"href":"https:\/\/www.testsealabs-kit.com\/et\/wp-json\/wp\/v2\/media?parent=32"}],"curies":[{"name":"wp","href":"https:\/\/api.w.org\/{rel}","templated":true}]}}