{"id":1217,"date":"2022-05-19T11:09:59","date_gmt":"2022-05-19T03:09:59","guid":{"rendered":"https:\/\/www.testsealabs-kit.com\/?post_type=product&#038;p=1217"},"modified":"2025-03-10T15:55:44","modified_gmt":"2025-03-10T07:55:44","slug":"canine-distemper-virus-antigen-testcdv-ag","status":"publish","type":"product","link":"https:\/\/www.testsealabs-kit.com\/et\/toode\/canine-distemper-virus-antigen-testcdv-ag\/","title":{"rendered":"Koerte katku viiruse antigeeni test (CDV Ag)"},"content":{"rendered":"<p><span style=\"font-size: 14pt;\">1.Get tulemus 15 minuti jooksul<\/span><\/p>\n<p><span style=\"font-size: 14pt;\">2.Easy koguda proove<\/span><\/p>\n<p><span style=\"font-size: 14pt;\">3.Tulemused on selgelt n\u00e4htavad<\/span><\/p>\n<p><span style=\"font-size: 14pt;\">4.Ei n\u00f5uta seadmeid<\/span><\/p>\n<p><span style=\"font-size: 14pt;\">5.Sobib laiaulatuslikuks kiirs\u00f5elumiseks<\/span><\/p>","protected":false},"excerpt":{"rendered":"<p>Toode on k\u00fclgvooluline immunokromatograafiline test koerte katku viiruse antigeeni (CDV Ag) kvalitatiivseks avastamiseks silma- ja konjunktivaalsekreedi s\u00fcljeproovidest.<\/p>\n<p>&nbsp;<\/p>\n<p>Koerte katku on \u00fclemaailmne \u00e4ge ja v\u00e4ga nakkav viiruslik nakkushaigus. CDV loomulik nakatumisviis on peamiselt \u00fclemiste hingamisteede kaudu. P\u00e4rast CDV-ga nakatumist r\u00fcndab CDV soole epiteeli ja kardiom\u00fcots\u00fc\u00fctide rakke. Peamised kliinilised ilmingud on seedetrakti haigused ja m\u00fcokardiit ning enamikul kutsikatest on m\u00fcokardiit. Koerte katku on suure esinemissageduse, suure suremuse ja sagedaste haiguspuhangutega nakkushaigus. Nakatuda v\u00f5ivad eri vanuses, eri soost ja eri t\u00f5ugu koerad.<\/p>","protected":false},"featured_media":1216,"comment_status":"open","ping_status":"closed","template":"","meta":[],"product_brand":[],"product_cat":[20,47],"product_tag":[],"class_list":{"0":"post-1217","1":"product","2":"type-product","3":"status-publish","4":"has-post-thumbnail","6":"product_cat-all-products","7":"product_cat-animals-diagnostic-rapid-test","8":"entry","10":"first","11":"instock","12":"shipping-taxable","13":"product-type-simple"},"_links":{"self":[{"href":"https:\/\/www.testsealabs-kit.com\/et\/wp-json\/wp\/v2\/product\/1217","targetHints":{"allow":["GET"]}}],"collection":[{"href":"https:\/\/www.testsealabs-kit.com\/et\/wp-json\/wp\/v2\/product"}],"about":[{"href":"https:\/\/www.testsealabs-kit.com\/et\/wp-json\/wp\/v2\/types\/product"}],"replies":[{"embeddable":true,"href":"https:\/\/www.testsealabs-kit.com\/et\/wp-json\/wp\/v2\/comments?post=1217"}],"wp:featuredmedia":[{"embeddable":true,"href":"https:\/\/www.testsealabs-kit.com\/et\/wp-json\/wp\/v2\/media\/1216"}],"wp:attachment":[{"href":"https:\/\/www.testsealabs-kit.com\/et\/wp-json\/wp\/v2\/media?parent=1217"}],"wp:term":[{"taxonomy":"product_brand","embeddable":true,"href":"https:\/\/www.testsealabs-kit.com\/et\/wp-json\/wp\/v2\/product_brand?post=1217"},{"taxonomy":"product_cat","embeddable":true,"href":"https:\/\/www.testsealabs-kit.com\/et\/wp-json\/wp\/v2\/product_cat?post=1217"},{"taxonomy":"product_tag","embeddable":true,"href":"https:\/\/www.testsealabs-kit.com\/et\/wp-json\/wp\/v2\/product_tag?post=1217"}],"curies":[{"name":"wp","href":"https:\/\/api.w.org\/{rel}","templated":true}]}}