{"id":1220,"date":"2022-05-19T11:22:05","date_gmt":"2022-05-19T03:22:05","guid":{"rendered":"https:\/\/www.testsealabs-kit.com\/?post_type=product&#038;p=1220"},"modified":"2022-05-19T11:22:05","modified_gmt":"2022-05-19T03:22:05","slug":"feline-panleucopenia-antigen-testfpv-ag","status":"publish","type":"product","link":"https:\/\/www.testsealabs-kit.com\/et\/toode\/feline-panleucopenia-antigen-testfpv-ag\/","title":{"rendered":"Feline Panleucopenia Antigen Test (FPV Ag)"},"content":{"rendered":"<p><span style=\"font-size: 14pt;\">1.Get tulemus 15 minuti jooksul<\/span><br \/>\n<span style=\"font-size: 14pt;\">2.Easy koguda proove<\/span><br \/>\n<span style=\"font-size: 14pt;\">3.Tulemused on selgelt n\u00e4htavad<\/span><br \/>\n<span style=\"font-size: 14pt;\">4.Ei n\u00f5uta seadmeid<\/span><br \/>\n<span style=\"font-size: 14pt;\">5.Sobib laiaulatuslikuks kiirs\u00f5elumiseks<\/span><\/p>","protected":false},"excerpt":{"rendered":"<p>Toode on k\u00fclgvooluline immunokromatograafiline test kasside parvoviiruse antigeeni (FPV Ag) kvalitatiivseks avastamiseks kasside v\u00e4ljaheiteproovis.<\/p>\n<p>&nbsp;<\/p>\n<p>FPV v\u00f5ib p\u00f5hjustada kasside leukots\u00fctopeeniat, mida tuntakse ka kasside katku nime all, ja see on \u00e4ge v\u00e4ga nakkav haigus. FPV v\u00f5ib nakatuda otsese v\u00f5i kaudse kontakti kaudu looduslikes tingimustes ning v\u00f5ib tiinuse ajal kanduda vertikaalselt lootele platsenta kaudu. Kasside katku esineb sagedamini talvel ja kevadel.<\/p>","protected":false},"featured_media":1216,"comment_status":"open","ping_status":"closed","template":"","meta":[],"product_brand":[],"product_cat":[20,47],"product_tag":[],"class_list":{"0":"post-1220","1":"product","2":"type-product","3":"status-publish","4":"has-post-thumbnail","6":"product_cat-all-products","7":"product_cat-animals-diagnostic-rapid-test","8":"entry","10":"first","11":"instock","12":"shipping-taxable","13":"product-type-simple"},"_links":{"self":[{"href":"https:\/\/www.testsealabs-kit.com\/et\/wp-json\/wp\/v2\/product\/1220","targetHints":{"allow":["GET"]}}],"collection":[{"href":"https:\/\/www.testsealabs-kit.com\/et\/wp-json\/wp\/v2\/product"}],"about":[{"href":"https:\/\/www.testsealabs-kit.com\/et\/wp-json\/wp\/v2\/types\/product"}],"replies":[{"embeddable":true,"href":"https:\/\/www.testsealabs-kit.com\/et\/wp-json\/wp\/v2\/comments?post=1220"}],"wp:featuredmedia":[{"embeddable":true,"href":"https:\/\/www.testsealabs-kit.com\/et\/wp-json\/wp\/v2\/media\/1216"}],"wp:attachment":[{"href":"https:\/\/www.testsealabs-kit.com\/et\/wp-json\/wp\/v2\/media?parent=1220"}],"wp:term":[{"taxonomy":"product_brand","embeddable":true,"href":"https:\/\/www.testsealabs-kit.com\/et\/wp-json\/wp\/v2\/product_brand?post=1220"},{"taxonomy":"product_cat","embeddable":true,"href":"https:\/\/www.testsealabs-kit.com\/et\/wp-json\/wp\/v2\/product_cat?post=1220"},{"taxonomy":"product_tag","embeddable":true,"href":"https:\/\/www.testsealabs-kit.com\/et\/wp-json\/wp\/v2\/product_tag?post=1220"}],"curies":[{"name":"wp","href":"https:\/\/api.w.org\/{rel}","templated":true}]}}