{"id":1225,"date":"2022-05-19T11:32:42","date_gmt":"2022-05-19T03:32:42","guid":{"rendered":"https:\/\/www.testsealabs-kit.com\/?post_type=product&#038;p=1225"},"modified":"2022-05-19T11:32:42","modified_gmt":"2022-05-19T03:32:42","slug":"canine-heartworm-antigen-testchw-ag","status":"publish","type":"product","link":"https:\/\/www.testsealabs-kit.com\/et\/toode\/canine-heartworm-antigen-testchw-ag\/","title":{"rendered":"Koerte s\u00fcdamerakke antigeeni test (CHW Ag)"},"content":{"rendered":"<p><span style=\"font-size: 14pt;\">1.Get tulemus 15 minuti jooksul<\/span><br \/>\n<span style=\"font-size: 14pt;\">2.Easy koguda proove<\/span><br \/>\n<span style=\"font-size: 14pt;\">3.Tulemused on selgelt n\u00e4htavad<\/span><br \/>\n<span style=\"font-size: 14pt;\">4.Ei n\u00f5uta seadmeid<\/span><br \/>\n<span style=\"font-size: 14pt;\">5.Sobib laiaulatuslikuks kiirs\u00f5elumiseks<\/span><\/p>","protected":false},"excerpt":{"rendered":"<p>Toode on immunokromatograafiline k\u00fclgvoolu-anal\u00fc\u00fcs koerte s\u00fcdamerakkuse antigeeni (CHW Ag) kvalitatiivseks avastamiseks koerte t\u00e4isveres\/seerumis.<\/p>\n<p>&nbsp;<\/p>\n<p>CHW on nakkushaigus, mis v\u00f5ib s\u00e4\u00e4sehammustuse kaudu nakatada igas vanuses koeri. Kuna CHW elab koerte s\u00fcdames, v\u00f5ib see p\u00f5hjustada kroonilist endokardiiti, s\u00fcdame h\u00fcpertroofiat ja parema vatsakese laienemist. Kui nakkus on raske, v\u00f5ib venoosne ummikseisund p\u00f5hjustada astsiiti ja hepatomegaaliat.<\/p>","protected":false},"featured_media":1216,"comment_status":"open","ping_status":"closed","template":"","meta":[],"product_brand":[],"product_cat":[20,47],"product_tag":[],"class_list":{"0":"post-1225","1":"product","2":"type-product","3":"status-publish","4":"has-post-thumbnail","6":"product_cat-all-products","7":"product_cat-animals-diagnostic-rapid-test","8":"entry","10":"first","11":"instock","12":"shipping-taxable","13":"product-type-simple"},"_links":{"self":[{"href":"https:\/\/www.testsealabs-kit.com\/et\/wp-json\/wp\/v2\/product\/1225","targetHints":{"allow":["GET"]}}],"collection":[{"href":"https:\/\/www.testsealabs-kit.com\/et\/wp-json\/wp\/v2\/product"}],"about":[{"href":"https:\/\/www.testsealabs-kit.com\/et\/wp-json\/wp\/v2\/types\/product"}],"replies":[{"embeddable":true,"href":"https:\/\/www.testsealabs-kit.com\/et\/wp-json\/wp\/v2\/comments?post=1225"}],"wp:featuredmedia":[{"embeddable":true,"href":"https:\/\/www.testsealabs-kit.com\/et\/wp-json\/wp\/v2\/media\/1216"}],"wp:attachment":[{"href":"https:\/\/www.testsealabs-kit.com\/et\/wp-json\/wp\/v2\/media?parent=1225"}],"wp:term":[{"taxonomy":"product_brand","embeddable":true,"href":"https:\/\/www.testsealabs-kit.com\/et\/wp-json\/wp\/v2\/product_brand?post=1225"},{"taxonomy":"product_cat","embeddable":true,"href":"https:\/\/www.testsealabs-kit.com\/et\/wp-json\/wp\/v2\/product_cat?post=1225"},{"taxonomy":"product_tag","embeddable":true,"href":"https:\/\/www.testsealabs-kit.com\/et\/wp-json\/wp\/v2\/product_tag?post=1225"}],"curies":[{"name":"wp","href":"https:\/\/api.w.org\/{rel}","templated":true}]}}