{"id":1232,"date":"2022-05-19T11:54:52","date_gmt":"2022-05-19T03:54:52","guid":{"rendered":"https:\/\/www.testsealabs-kit.com\/?post_type=product&#038;p=1232"},"modified":"2025-10-23T10:22:03","modified_gmt":"2025-10-23T02:22:03","slug":"feline-toxoplasma-antibody-testf-toxo-ab","status":"publish","type":"product","link":"https:\/\/www.testsealabs-kit.com\/et\/toode\/feline-toxoplasma-antibody-testf-toxo-ab\/","title":{"rendered":"Kassiloomade toksoplasma antikehade test (F.TOXO Ab)"},"content":{"rendered":"<p><span style=\"font-size: 14pt;\">1.Get tulemus 15 minuti jooksul<\/span><br \/>\n<span style=\"font-size: 14pt;\">2.Easy koguda proove<\/span><br \/>\n<span style=\"font-size: 14pt;\">3.Tulemused on selgelt n\u00e4htavad<\/span><br \/>\n<span style=\"font-size: 14pt;\">4.Ei n\u00f5uta seadmeid<\/span><br \/>\n<span style=\"font-size: 14pt;\">5.Sobib laiaulatuslikuks kiirs\u00f5elumiseks<\/span><\/p>","protected":false},"excerpt":{"rendered":"<p>Toode on kvalitatiivne kolloidkullal p\u00f5hinev k\u00fclgvoolu-immuunkromatograafiline anal\u00fc\u00fcs toksoplasma antikeha avastamiseks.<\/p>\n<p>&nbsp;<\/p>\n<p>Toksoplasmoos on Toxoplasma gondii p\u00f5hjustatud zoonoos, mis on levinud kogu maailmas ja ohustab t\u00f5siselt inimeste tervist. Toxoplasma gondii v\u00f5ib nakatada igasuguseid kariloomi ja metsloomi, kuid k\u00f5ige vastuv\u00f5tlikumad on noored loomad. Peamine nakatumisviis on suukaudne. Kui terve kass neelab Toxoplasma gondii sporaadots\u00fcsti alla, v\u00e4ljub see soolestikust ja siseneb vereringega organismi kudedesse, tungib seej\u00e4rel rakkudesse ja paljuneb seal kiiresti ning muutub rakusiseseks pseudots\u00fcstiks, p\u00f5hjustades kliinilisi s\u00fcmptomeid.<\/p>","protected":false},"featured_media":1216,"comment_status":"open","ping_status":"closed","template":"","meta":[],"product_brand":[],"product_cat":[20,47],"product_tag":[],"class_list":{"0":"post-1232","1":"product","2":"type-product","3":"status-publish","4":"has-post-thumbnail","6":"product_cat-all-products","7":"product_cat-animals-diagnostic-rapid-test","8":"entry","10":"first","11":"instock","12":"shipping-taxable","13":"product-type-simple"},"_links":{"self":[{"href":"https:\/\/www.testsealabs-kit.com\/et\/wp-json\/wp\/v2\/product\/1232","targetHints":{"allow":["GET"]}}],"collection":[{"href":"https:\/\/www.testsealabs-kit.com\/et\/wp-json\/wp\/v2\/product"}],"about":[{"href":"https:\/\/www.testsealabs-kit.com\/et\/wp-json\/wp\/v2\/types\/product"}],"replies":[{"embeddable":true,"href":"https:\/\/www.testsealabs-kit.com\/et\/wp-json\/wp\/v2\/comments?post=1232"}],"wp:featuredmedia":[{"embeddable":true,"href":"https:\/\/www.testsealabs-kit.com\/et\/wp-json\/wp\/v2\/media\/1216"}],"wp:attachment":[{"href":"https:\/\/www.testsealabs-kit.com\/et\/wp-json\/wp\/v2\/media?parent=1232"}],"wp:term":[{"taxonomy":"product_brand","embeddable":true,"href":"https:\/\/www.testsealabs-kit.com\/et\/wp-json\/wp\/v2\/product_brand?post=1232"},{"taxonomy":"product_cat","embeddable":true,"href":"https:\/\/www.testsealabs-kit.com\/et\/wp-json\/wp\/v2\/product_cat?post=1232"},{"taxonomy":"product_tag","embeddable":true,"href":"https:\/\/www.testsealabs-kit.com\/et\/wp-json\/wp\/v2\/product_tag?post=1232"}],"curies":[{"name":"wp","href":"https:\/\/api.w.org\/{rel}","templated":true}]}}