{"id":1235,"date":"2022-05-19T12:00:01","date_gmt":"2022-05-19T04:00:01","guid":{"rendered":"https:\/\/www.testsealabs-kit.com\/?post_type=product&#038;p=1235"},"modified":"2026-02-06T12:36:57","modified_gmt":"2026-02-06T04:36:57","slug":"rabies-antibody-testrabies-ab","status":"publish","type":"product","link":"https:\/\/www.testsealabs-kit.com\/et\/toode\/rabies-antibody-testrabies-ab\/","title":{"rendered":"Marutaudi antikehade test (Rabies Ab)"},"content":{"rendered":"<p><span style=\"font-size: 14pt;\">1.Get tulemus 15 minuti jooksul<\/span><br \/>\n<span style=\"font-size: 14pt;\">2.Easy koguda proove<\/span><br \/>\n<span style=\"font-size: 14pt;\">3.Tulemused on selgelt n\u00e4htavad<\/span><br \/>\n<span style=\"font-size: 14pt;\">4.Ei n\u00f5uta seadmeid<\/span><br \/>\n<span style=\"font-size: 14pt;\">5.Sobib laiaulatuslikuks kiirs\u00f5elumiseks<\/span><\/p>","protected":false},"excerpt":{"rendered":"<p>Marutaudi antikehade test on k\u00fclgvooluline immunokromatograafiline test marutaudiviiruse antikehade (Rabies Ab) kvalitatiivseks avastamiseks \u00fcle 0,5IU\/ml koera t\u00e4isveres\/seerumis.<\/p>\n<p>&nbsp;<\/p>\n<p>Toode on elut\u00e4htis haigus nii loomadele kui ka inimestele. Koer v\u00f5i kass v\u00f5ib olla kandja ilma kliiniliste s\u00fcmptomiteta. Vaktsineerimine v\u00f5ib ilmselt v\u00e4hendada marutaudiviiruse kandjate ja nakatumise m\u00e4\u00e4ra. Kuid isegi p\u00e4rast vaktsineerimist on veel umbes 15% juhtudest, mis ei suuda tekitada kaitsvaid antikehi. Soovitatav on tuvastada marutaudi antikehad koertel p\u00e4rast 45p\u00e4evast vaktsineerimist.<\/p>","protected":false},"featured_media":1216,"comment_status":"open","ping_status":"closed","template":"","meta":[],"product_brand":[],"product_cat":[20,47],"product_tag":[],"class_list":{"0":"post-1235","1":"product","2":"type-product","3":"status-publish","4":"has-post-thumbnail","6":"product_cat-all-products","7":"product_cat-animals-diagnostic-rapid-test","8":"entry","10":"first","11":"instock","12":"shipping-taxable","13":"product-type-simple"},"_links":{"self":[{"href":"https:\/\/www.testsealabs-kit.com\/et\/wp-json\/wp\/v2\/product\/1235","targetHints":{"allow":["GET"]}}],"collection":[{"href":"https:\/\/www.testsealabs-kit.com\/et\/wp-json\/wp\/v2\/product"}],"about":[{"href":"https:\/\/www.testsealabs-kit.com\/et\/wp-json\/wp\/v2\/types\/product"}],"replies":[{"embeddable":true,"href":"https:\/\/www.testsealabs-kit.com\/et\/wp-json\/wp\/v2\/comments?post=1235"}],"wp:featuredmedia":[{"embeddable":true,"href":"https:\/\/www.testsealabs-kit.com\/et\/wp-json\/wp\/v2\/media\/1216"}],"wp:attachment":[{"href":"https:\/\/www.testsealabs-kit.com\/et\/wp-json\/wp\/v2\/media?parent=1235"}],"wp:term":[{"taxonomy":"product_brand","embeddable":true,"href":"https:\/\/www.testsealabs-kit.com\/et\/wp-json\/wp\/v2\/product_brand?post=1235"},{"taxonomy":"product_cat","embeddable":true,"href":"https:\/\/www.testsealabs-kit.com\/et\/wp-json\/wp\/v2\/product_cat?post=1235"},{"taxonomy":"product_tag","embeddable":true,"href":"https:\/\/www.testsealabs-kit.com\/et\/wp-json\/wp\/v2\/product_tag?post=1235"}],"curies":[{"name":"wp","href":"https:\/\/api.w.org\/{rel}","templated":true}]}}