{"id":945,"date":"2022-04-25T20:40:10","date_gmt":"2022-04-25T12:40:10","guid":{"rendered":"https:\/\/www.testsealabs-kit.com\/?post_type=product&#038;p=945"},"modified":"2022-05-10T23:01:59","modified_gmt":"2022-05-10T15:01:59","slug":"flu-a-b-covid-19-antigen-combo-test-cassette-professional-use","status":"publish","type":"product","link":"https:\/\/www.testsealabs-kit.com\/et\/toode\/flu-a-b-covid-19-antigen-combo-test-cassette-professional-use\/","title":{"rendered":"Gripi A\/B + COVID-19 antigeeni kombineeritud testkassett - professionaalseks kasutamiseks"},"content":{"rendered":"<p>\u3010Kasutamise eesm\u00e4rk\u3011<\/p>\n<p>Test on ette n\u00e4htud kasutamiseks samaaegseks kiireks in vitro tuvastamiseks ja eristamiseks j\u00e4rgmistel juhtudel<\/p>\n<p>A-gripiviiruse, B-gripiviiruse ja COVID-19 viiruse nukleokapsiidvalgu antigeeni , kuid ei ole<\/p>\n<p>ei tee vahet SARS-CoV ja COVID-19 viiruste vahel ning ei ole ette n\u00e4htud SARS-CoV ja COVID-19 viiruste avastamiseks.<\/p>\n<p>gripi C antigeenid. Tulemusn\u00e4itajad v\u00f5ivad erineda teiste uute gripiviiruste suhtes<\/p>\n<p>viirused.<\/p>\n<p>Gripi A, gripi B ja COVID-19 viiruse antigeenid on \u00fcldiselt tuvastatavad \u00fclemiste hingamisteede proovides nakkuse \u00e4gedas faasis. Positiivsed tulemused viitavad viiruse antigeenide olemasolule, kuid kliiniline korrelatsioon patsiendi anamneesi ja muude diagnostiliste andmetega on vajalik nakkusstaatuse m\u00e4\u00e4ramiseks.<\/p>\n<p>Positiivsed tulemused ei v\u00e4lista bakteriaalset nakatumist v\u00f5i kaasnevat nakatumist teiste viirustega. Haigustekitaja<\/p>\n<p>tuvastatud ei pruugi olla kindel haiguse p\u00f5hjus.<\/p>\n<p>Negatiivsed COVID-19 tulemused patsientidelt, kelle s\u00fcmptomid on ilmnenud p\u00e4rast viie p\u00e4eva m\u00f6\u00f6dumist, peaksid olema<\/p>\n<p>k\u00e4sitatakse eeldatavalt ja vajaduse korral kinnitatakse molekulaaranal\u00fc\u00fcsiga patsiendi jaoks.<\/p>\n<p>juhtimine, v\u00f5ib teostada. Negatiivsed tulemused ei v\u00e4lista COVID-19 esinemist ja neid ei tohiks kasutada<\/p>\n<p>mida kasutatakse ainsa alusena ravi v\u00f5i patsiendi raviotsuste tegemisel, sealhulgas infektsiooni puhul.<\/p>\n<p>kontrolliotsused. Negatiivseid tulemusi tuleb vaadelda patsiendi hiljutiste uuringute kontekstis.<\/p>\n<p>kokkupuude, anamneesis ja kliiniliste tunnuste ja s\u00fcmptomite esinemine, mis vastavad COVID-19-le.<\/p>\n<p>Negatiivsed tulemused ei v\u00e4lista gripiviiruse nakatumist ja neid ei tohiks kasutada ainsana<\/p>\n<p>ravi v\u00f5i muude patsiendi raviotsuste aluseks.<\/p>\n<p>\u3010Sertifikaat\u3011<\/p>\n<p>CE,ISO9001,ISO13485<\/p>","protected":false},"excerpt":{"rendered":"<p>COVID-19 antigeeni test Kassett-eksperimentaalne test \u7b80\u77ed\u63cf\u8ff0<\/p>","protected":false},"featured_media":948,"comment_status":"open","ping_status":"closed","template":"","meta":[],"product_brand":[],"product_cat":[20,26],"product_tag":[],"class_list":{"0":"post-945","1":"product","2":"type-product","3":"status-publish","4":"has-post-thumbnail","6":"product_cat-all-products","7":"product_cat-covid-19-sars-cov-2-rapid-test","8":"entry","10":"first","11":"instock","12":"shipping-taxable","13":"purchasable","14":"product-type-variable","15":"has-default-attributes"},"_links":{"self":[{"href":"https:\/\/www.testsealabs-kit.com\/et\/wp-json\/wp\/v2\/product\/945","targetHints":{"allow":["GET"]}}],"collection":[{"href":"https:\/\/www.testsealabs-kit.com\/et\/wp-json\/wp\/v2\/product"}],"about":[{"href":"https:\/\/www.testsealabs-kit.com\/et\/wp-json\/wp\/v2\/types\/product"}],"replies":[{"embeddable":true,"href":"https:\/\/www.testsealabs-kit.com\/et\/wp-json\/wp\/v2\/comments?post=945"}],"wp:featuredmedia":[{"embeddable":true,"href":"https:\/\/www.testsealabs-kit.com\/et\/wp-json\/wp\/v2\/media\/948"}],"wp:attachment":[{"href":"https:\/\/www.testsealabs-kit.com\/et\/wp-json\/wp\/v2\/media?parent=945"}],"wp:term":[{"taxonomy":"product_brand","embeddable":true,"href":"https:\/\/www.testsealabs-kit.com\/et\/wp-json\/wp\/v2\/product_brand?post=945"},{"taxonomy":"product_cat","embeddable":true,"href":"https:\/\/www.testsealabs-kit.com\/et\/wp-json\/wp\/v2\/product_cat?post=945"},{"taxonomy":"product_tag","embeddable":true,"href":"https:\/\/www.testsealabs-kit.com\/et\/wp-json\/wp\/v2\/product_tag?post=945"}],"curies":[{"name":"wp","href":"https:\/\/api.w.org\/{rel}","templated":true}]}}