{"id":991,"date":"2022-04-25T21:15:23","date_gmt":"2022-04-25T13:15:23","guid":{"rendered":"https:\/\/www.testsealabs-kit.com\/?post_type=product&#038;p=991"},"modified":"2022-05-19T11:06:22","modified_gmt":"2022-05-19T03:06:22","slug":"canine-parvo-virus-antigen-test-cassettecpv-ag","status":"publish","type":"product","link":"https:\/\/www.testsealabs-kit.com\/et\/toode\/canine-parvo-virus-antigen-test-cassettecpv-ag\/","title":{"rendered":"Canine Parvo viiruse antigeeni testkassett (CPV AG)"},"content":{"rendered":"<p><span style=\"font-size: 14pt;\">1.Get tulemus 15 minuti jooksul<\/span><\/p>\n<p><span style=\"font-size: 14pt;\">2.Easy koguda proove<\/span><\/p>\n<p><span style=\"font-size: 14pt;\">3.Tulemused on selgelt n\u00e4htavad<\/span><\/p>\n<p><span style=\"font-size: 14pt;\">4.Ei n\u00f5uta seadmeid<\/span><\/p>\n<p><span style=\"font-size: 14pt;\">5.Sobib laiaulatuslikuks kiirs\u00f5elumiseks<\/span><\/p>","protected":false},"excerpt":{"rendered":"<p>Toode on k\u00fclgvooluline immunokromatograafiline test koerte parvoviiruse antigeenide (CPV Ag) kvalitatiivseks avastamiseks koerte v\u00e4ljaheites.<\/p>\n<p>&nbsp;<\/p>\n<p>P\u00e4rast CPV-ga nakatumist r\u00fcndab CPV koerte soolestiku epiteeli ja s\u00fcdamelihase rakke ning kliinilised anifestatsioonid on seedetrakti haigused ja m\u00fcokardiit, kutsikatel on enamasti m\u00fcokardiit. P\u00e4rast nakatumist on koeral k\u00f5rge haigestumus ja suremus. CPV esineb sageli epideemiana ning nakatuda v\u00f5ivad eri vanuses, soost ja t\u00f5ust koerad.<\/p>","protected":false},"featured_media":1216,"comment_status":"open","ping_status":"closed","template":"","meta":[],"product_brand":[],"product_cat":[20,47],"product_tag":[],"class_list":{"0":"post-991","1":"product","2":"type-product","3":"status-publish","4":"has-post-thumbnail","6":"product_cat-all-products","7":"product_cat-animals-diagnostic-rapid-test","8":"entry","10":"first","11":"instock","12":"shipping-taxable","13":"purchasable","14":"product-type-variable","15":"has-default-attributes"},"_links":{"self":[{"href":"https:\/\/www.testsealabs-kit.com\/et\/wp-json\/wp\/v2\/product\/991","targetHints":{"allow":["GET"]}}],"collection":[{"href":"https:\/\/www.testsealabs-kit.com\/et\/wp-json\/wp\/v2\/product"}],"about":[{"href":"https:\/\/www.testsealabs-kit.com\/et\/wp-json\/wp\/v2\/types\/product"}],"replies":[{"embeddable":true,"href":"https:\/\/www.testsealabs-kit.com\/et\/wp-json\/wp\/v2\/comments?post=991"}],"wp:featuredmedia":[{"embeddable":true,"href":"https:\/\/www.testsealabs-kit.com\/et\/wp-json\/wp\/v2\/media\/1216"}],"wp:attachment":[{"href":"https:\/\/www.testsealabs-kit.com\/et\/wp-json\/wp\/v2\/media?parent=991"}],"wp:term":[{"taxonomy":"product_brand","embeddable":true,"href":"https:\/\/www.testsealabs-kit.com\/et\/wp-json\/wp\/v2\/product_brand?post=991"},{"taxonomy":"product_cat","embeddable":true,"href":"https:\/\/www.testsealabs-kit.com\/et\/wp-json\/wp\/v2\/product_cat?post=991"},{"taxonomy":"product_tag","embeddable":true,"href":"https:\/\/www.testsealabs-kit.com\/et\/wp-json\/wp\/v2\/product_tag?post=991"}],"curies":[{"name":"wp","href":"https:\/\/api.w.org\/{rel}","templated":true}]}}