{"id":22,"date":"2022-04-01T00:45:49","date_gmt":"2022-03-31T16:45:49","guid":{"rendered":"https:\/\/www.testsealabs-kit.com\/?page_id=22"},"modified":"2022-05-07T16:15:44","modified_gmt":"2022-05-07T08:15:44","slug":"about-us","status":"publish","type":"page","link":"https:\/\/www.testsealabs-kit.com\/fi\/about-us\/","title":{"rendered":"Tietoa meist\u00e4"},"content":{"rendered":"<div data-elementor-type=\"wp-page\" data-elementor-id=\"22\" class=\"elementor elementor-22\">\n\t\t\t\t\t\t<section class=\"elementor-section elementor-top-section elementor-element elementor-element-81668c3 elementor-section-boxed elementor-section-height-default elementor-section-height-default\" data-id=\"81668c3\" data-element_type=\"section\" data-settings=\"{&quot;background_background&quot;:&quot;classic&quot;}\">\n\t\t\t\t\t\t<div class=\"elementor-container elementor-column-gap-default\">\n\t\t\t\t\t<div class=\"elementor-column elementor-col-100 elementor-top-column elementor-element elementor-element-f474c6e\" data-id=\"f474c6e\" data-element_type=\"column\">\n\t\t\t<div class=\"elementor-widget-wrap elementor-element-populated\">\n\t\t\t\t\t\t<div class=\"elementor-element elementor-element-6904ea3 elementor-widget elementor-widget-woocommerce-breadcrumb\" data-id=\"6904ea3\" data-element_type=\"widget\" data-widget_type=\"woocommerce-breadcrumb.default\">\n\t\t\t\t<div class=\"elementor-widget-container\">\n\t\t\t\t\t<nav class=\"woocommerce-breadcrumb\" aria-label=\"Breadcrumb\" data-no-translation=\"\" data-trp-gettext=\"\">Etusivu<\/nav>\t\t\t\t<\/div>\n\t\t\t\t<\/div>\n\t\t\t\t\t<\/div>\n\t\t<\/div>\n\t\t\t\t\t<\/div>\n\t\t<\/section>\n\t\t\t\t<section class=\"elementor-section elementor-top-section elementor-element elementor-element-2b42288 elementor-section-boxed elementor-section-height-default elementor-section-height-default\" data-id=\"2b42288\" data-element_type=\"section\">\n\t\t\t\t\t\t<div class=\"elementor-container elementor-column-gap-default\">\n\t\t\t\t\t<div class=\"elementor-column elementor-col-20 elementor-top-column elementor-element elementor-element-1979bdd\" data-id=\"1979bdd\" data-element_type=\"column\">\n\t\t\t<div class=\"elementor-widget-wrap\">\n\t\t\t\t\t\t\t<\/div>\n\t\t<\/div>\n\t\t\t\t<div class=\"elementor-column elementor-col-20 elementor-top-column elementor-element elementor-element-56c7f3f\" data-id=\"56c7f3f\" data-element_type=\"column\">\n\t\t\t<div class=\"elementor-widget-wrap elementor-element-populated\">\n\t\t\t\t\t\t<div class=\"elementor-element elementor-element-708057f elementor-align-center elementor-widget elementor-widget-button\" data-id=\"708057f\" data-element_type=\"widget\" data-widget_type=\"button.default\">\n\t\t\t\t<div class=\"elementor-widget-container\">\n\t\t\t\t\t\t\t\t\t<div class=\"elementor-button-wrapper\">\n\t\t\t\t\t<a class=\"elementor-button elementor-size-sm\" role=\"button\">\n\t\t\t\t\t\t<span class=\"elementor-button-content-wrapper\">\n\t\t\t\t\t\t\t\t\t<span class=\"elementor-button-text\">Yrityksen profiili<\/span>\n\t\t\t\t\t<\/span>\n\t\t\t\t\t<\/a>\n\t\t\t\t<\/div>\n\t\t\t\t\t\t\t\t<\/div>\n\t\t\t\t<\/div>\n\t\t\t\t\t<\/div>\n\t\t<\/div>\n\t\t\t\t<div class=\"elementor-column elementor-col-20 elementor-top-column elementor-element elementor-element-ce4894c\" data-id=\"ce4894c\" data-element_type=\"column\">\n\t\t\t<div class=\"elementor-widget-wrap elementor-element-populated\">\n\t\t\t\t\t\t<div class=\"elementor-element elementor-element-8917bfa elementor-align-center elementor-widget elementor-widget-button\" data-id=\"8917bfa\" data-element_type=\"widget\" data-widget_type=\"button.default\">\n\t\t\t\t<div class=\"elementor-widget-container\">\n\t\t\t\t\t\t\t\t\t<div class=\"elementor-button-wrapper\">\n\t\t\t\t\t<a class=\"elementor-button elementor-button-link elementor-size-sm\" href=\"https:\/\/www.testsealabs-kit.com\/fi\/history\/\">\n\t\t\t\t\t\t<span class=\"elementor-button-content-wrapper\">\n\t\t\t\t\t\t\t\t\t<span class=\"elementor-button-text\">Historia<\/span>\n\t\t\t\t\t<\/span>\n\t\t\t\t\t<\/a>\n\t\t\t\t<\/div>\n\t\t\t\t\t\t\t\t<\/div>\n\t\t\t\t<\/div>\n\t\t\t\t\t<\/div>\n\t\t<\/div>\n\t\t\t\t<div class=\"elementor-column elementor-col-20 elementor-top-column elementor-element elementor-element-0a65eda\" data-id=\"0a65eda\" data-element_type=\"column\">\n\t\t\t<div class=\"elementor-widget-wrap elementor-element-populated\">\n\t\t\t\t\t\t<div class=\"elementor-element elementor-element-b90bc9c elementor-align-center elementor-widget elementor-widget-button\" data-id=\"b90bc9c\" data-element_type=\"widget\" data-widget_type=\"button.default\">\n\t\t\t\t<div class=\"elementor-widget-container\">\n\t\t\t\t\t\t\t\t\t<div class=\"elementor-button-wrapper\">\n\t\t\t\t\t<a class=\"elementor-button elementor-button-link elementor-size-sm\" href=\"https:\/\/www.testsealabs-kit.com\/fi\/certificate\/\">\n\t\t\t\t\t\t<span class=\"elementor-button-content-wrapper\">\n\t\t\t\t\t\t\t\t\t<span class=\"elementor-button-text\">Todistus<\/span>\n\t\t\t\t\t<\/span>\n\t\t\t\t\t<\/a>\n\t\t\t\t<\/div>\n\t\t\t\t\t\t\t\t<\/div>\n\t\t\t\t<\/div>\n\t\t\t\t\t<\/div>\n\t\t<\/div>\n\t\t\t\t<div class=\"elementor-column elementor-col-20 elementor-top-column elementor-element elementor-element-eb468d9\" data-id=\"eb468d9\" data-element_type=\"column\">\n\t\t\t<div class=\"elementor-widget-wrap\">\n\t\t\t\t\t\t\t<\/div>\n\t\t<\/div>\n\t\t\t\t\t<\/div>\n\t\t<\/section>\n\t\t\t\t<section class=\"elementor-section elementor-top-section elementor-element elementor-element-e8295b7 elementor-section-boxed elementor-section-height-default elementor-section-height-default\" data-id=\"e8295b7\" data-element_type=\"section\">\n\t\t\t\t\t\t<div class=\"elementor-container elementor-column-gap-default\">\n\t\t\t\t\t<div class=\"elementor-column elementor-col-50 elementor-top-column elementor-element elementor-element-5b5f901\" data-id=\"5b5f901\" data-element_type=\"column\">\n\t\t\t<div class=\"elementor-widget-wrap elementor-element-populated\">\n\t\t\t\t\t\t<section class=\"elementor-section elementor-inner-section elementor-element elementor-element-1051925 elementor-section-boxed elementor-section-height-default elementor-section-height-default\" data-id=\"1051925\" data-element_type=\"section\">\n\t\t\t\t\t\t<div class=\"elementor-container elementor-column-gap-default\">\n\t\t\t\t\t<div class=\"elementor-column elementor-col-50 elementor-inner-column elementor-element elementor-element-ee0bb33\" data-id=\"ee0bb33\" data-element_type=\"column\">\n\t\t\t<div class=\"elementor-widget-wrap elementor-element-populated\">\n\t\t\t\t\t\t<div class=\"elementor-element elementor-element-ab0165f elementor-widget elementor-widget-image\" data-id=\"ab0165f\" data-element_type=\"widget\" data-widget_type=\"image.default\">\n\t\t\t\t<div class=\"elementor-widget-container\">\n\t\t\t\t\t\t\t\t\t\t\t\t\t\t\t<img decoding=\"async\" width=\"40\" height=\"40\" src=\"https:\/\/www.testsealabs-kit.com\/wp-content\/uploads\/2022\/04\/yinhaoshang.webp\" class=\"attachment-large size-large wp-image-141\" alt=\"\" style=\"width:100%;height:100%;max-width:40px\" \/>\t\t\t\t\t\t\t\t\t\t\t\t\t\t\t<\/div>\n\t\t\t\t<\/div>\n\t\t\t\t\t<\/div>\n\t\t<\/div>\n\t\t\t\t<div class=\"elementor-column elementor-col-50 elementor-inner-column elementor-element elementor-element-15d73bd\" data-id=\"15d73bd\" data-element_type=\"column\">\n\t\t\t<div class=\"elementor-widget-wrap elementor-element-populated\">\n\t\t\t\t\t\t<div class=\"elementor-element elementor-element-27be986 elementor-widget elementor-widget-heading\" data-id=\"27be986\" data-element_type=\"widget\" data-widget_type=\"heading.default\">\n\t\t\t\t<div class=\"elementor-widget-container\">\n\t\t\t\t\t<h2 class=\"elementor-heading-title elementor-size-default\">Yrityksen profiili<\/h2>\t\t\t\t<\/div>\n\t\t\t\t<\/div>\n\t\t\t\t\t<\/div>\n\t\t<\/div>\n\t\t\t\t\t<\/div>\n\t\t<\/section>\n\t\t\t\t<div class=\"elementor-element elementor-element-568343f elementor-widget elementor-widget-text-editor\" data-id=\"568343f\" data-element_type=\"widget\" data-widget_type=\"text-editor.default\">\n\t\t\t\t<div class=\"elementor-widget-container\">\n\t\t\t\t\t\t\t\t\tHangzhou Testsea Biotechnology Co., Ltd. on kansallinen korkean teknologian yritys, joka sijaitsee Hangzhoussa. Testsea on paljon tutkija ja ty\u00f6ntekij\u00e4, joka on valmistunut zhejiangin yliopistosta ja ulkomailta. Testsea on erikoistunut l\u00e4\u00e4ketieteellisen diagnoosin ja elintarviketurvallisuustestauksen raaka-aineiden tutkimukseen, kehitt\u00e4miseen, tuotantoon ja myyntiin. olemme hakeneet 28 erilaista patenttia, jotka kattavat l\u00e4\u00e4ketieteellisen diagnoosin, elintarviketurvallisuuden pikatestauksen, elintarvike-entsymaattisen immunom\u00e4\u00e4rityksen ja uuden entsyymivalmisteen. Testsea tarjoaa t\u00e4ydellisi\u00e4 raaka-aineratkaisuja tieteellisille tutkimuslaitoksille, yrityksille, tutkimuslaitoksille ja muille laitoksille maailmanlaajuisesti. Testsean kokonaisliiketoiminta-alue on yli 5600 neli\u00f6metri\u00e4, mukaan lukien 8000 neli\u00f6metri\u00e4 GMP 100 000 -tason puhdistusverstasta, yrityksemme noudattaa tiukasti S013485- ja IS09001-laadunhallintaj\u00e4rjestelm\u00e4n toimintaa tutkimuksen, tuotannon, laadunvalvonnan, rahoituksen, kotimaisen myynnin ja kansainv\u00e4lisen myynnin jne. kanssa. Tuotteemme ovat hyvin hyv\u00e4ksyneet monet k\u00e4ytt\u00e4j\u00e4t kotimaassa ja ulkomailla. Lis\u00e4ksi luomme hyv\u00e4t liikesuhteet monien kotimaisten yliopistojen ja in vitro -diagnostiikan tuotantoyritysten kanssa, jopa Kaakkois-Aasian, Euroopan, Afrikan, Latinalaisen Amerikan ja muiden maiden kanssa.\t\t\t\t\t\t\t\t<\/div>\n\t\t\t\t<\/div>\n\t\t\t\t\t<\/div>\n\t\t<\/div>\n\t\t\t\t<div class=\"elementor-column elementor-col-50 elementor-top-column elementor-element elementor-element-da97193\" data-id=\"da97193\" data-element_type=\"column\">\n\t\t\t<div class=\"elementor-widget-wrap elementor-element-populated\">\n\t\t\t\t\t\t<div class=\"elementor-element elementor-element-ff0c68a elementor--h-position-center elementor--v-position-middle elementor-pagination-position-inside elementor-widget elementor-widget-slides\" data-id=\"ff0c68a\" data-element_type=\"widget\" data-settings=\"{&quot;navigation&quot;:&quot;dots&quot;,&quot;autoplay&quot;:&quot;yes&quot;,&quot;pause_on_hover&quot;:&quot;yes&quot;,&quot;pause_on_interaction&quot;:&quot;yes&quot;,&quot;autoplay_speed&quot;:5000,&quot;infinite&quot;:&quot;yes&quot;,&quot;transition&quot;:&quot;slide&quot;,&quot;transition_speed&quot;:500}\" data-widget_type=\"slides.default\">\n\t\t\t\t<div class=\"elementor-widget-container\">\n\t\t\t\t\t\t\t<div class=\"elementor-swiper\">\n\t\t\t<div class=\"elementor-slides-wrapper elementor-main-swiper swiper-container\" dir=\"ltr\" data-animation=\"fadeInUp\">\n\t\t\t\t<div class=\"swiper-wrapper elementor-slides\">\n\t\t\t\t\t\t\t\t\t\t<div class=\"elementor-repeater-item-b6b3769 swiper-slide\"><div class=\"swiper-slide-bg\"><\/div><div class=\"swiper-slide-inner\" ><div class=\"swiper-slide-contents\"><\/div><\/div><\/div>\t\t\t\t<\/div>\n\t\t\t\t\t\t\t<\/div>\n\t\t<\/div>\n\t\t\t\t\t\t<\/div>\n\t\t\t\t<\/div>\n\t\t\t\t\t<\/div>\n\t\t<\/div>\n\t\t\t\t\t<\/div>\n\t\t<\/section>\n\t\t\t\t<section class=\"elementor-section elementor-top-section elementor-element elementor-element-23e5b78 elementor-section-boxed elementor-section-height-default elementor-section-height-default\" data-id=\"23e5b78\" data-element_type=\"section\">\n\t\t\t\t\t\t<div class=\"elementor-container elementor-column-gap-default\">\n\t\t\t\t\t<div class=\"elementor-column elementor-col-100 elementor-top-column elementor-element elementor-element-648c9c5\" data-id=\"648c9c5\" data-element_type=\"column\">\n\t\t\t<div class=\"elementor-widget-wrap elementor-element-populated\">\n\t\t\t\t\t\t<div class=\"elementor-element elementor-element-8a80652 elementor-widget elementor-widget-text-editor\" data-id=\"8a80652\" data-element_type=\"widget\" data-widget_type=\"text-editor.default\">\n\t\t\t\t<div class=\"elementor-widget-container\">\n\t\t\t\t\t\t\t\t\tTestsealla on l\u00e4\u00e4k\u00e4reiden ja mestareiden johtama tutkimus- ja kehitystiimi, jolla on ammattitaitoisia ty\u00f6ntekij\u00f6it\u00e4 ja hyvin varusteltu laitos. Rekombinanttiantigeenin tuotantokapasiteetti on saavuttanut 18 g\/kk.\nTestsea jatkaa \"eheys, laatu, vastuu\" -konseptia ja noudattaa laatua, yhteiskunnan palvelemisen tarkoitusta ja kehitt\u00e4\u00e4 jatkuvasti uusia korkealaatuisia diagnostisia materiaaleja vaivalloisesti.\n\t\t\t\t\t\t\t\t<\/div>\n\t\t\t\t<\/div>\n\t\t\t\t\t<\/div>\n\t\t<\/div>\n\t\t\t\t\t<\/div>\n\t\t<\/section>\n\t\t\t\t<\/div>","protected":false},"excerpt":{"rendered":"<p>Yritysprofiili Historia Sertifikaatti Yritysprofiili Hangzhou Testsea Biotechnology Co., Ltd. on kansallinen korkean teknologian yritys, joka sijaitsee Hangzhoussa. Testsea on paljon tutkija ja ty\u00f6ntekij\u00e4, joka on valmistunut zhejiangin yliopistosta ja ulkomailta.Testsea on erikoistunut l\u00e4\u00e4ketieteellisen diagnoosin ja elintarviketurvallisuuden testauksen raaka-aineiden tutkimukseen, kehitt\u00e4miseen, tuotantoon ja myyntiin. olemme soveltaneet... <a class=\"more-link\" href=\"https:\/\/www.testsealabs-kit.com\/fi\/about-us\/\">Jatka lukemista <span class=\"screen-reader-text\">Tietoa meist\u00e4<\/span><\/a><\/p>","protected":false},"author":1,"featured_media":0,"parent":0,"menu_order":0,"comment_status":"closed","ping_status":"closed","template":"elementor_header_footer","meta":{"footnotes":""},"class_list":["post-22","page","type-page","status-publish","hentry","entry"],"_links":{"self":[{"href":"https:\/\/www.testsealabs-kit.com\/fi\/wp-json\/wp\/v2\/pages\/22","targetHints":{"allow":["GET"]}}],"collection":[{"href":"https:\/\/www.testsealabs-kit.com\/fi\/wp-json\/wp\/v2\/pages"}],"about":[{"href":"https:\/\/www.testsealabs-kit.com\/fi\/wp-json\/wp\/v2\/types\/page"}],"author":[{"embeddable":true,"href":"https:\/\/www.testsealabs-kit.com\/fi\/wp-json\/wp\/v2\/users\/1"}],"replies":[{"embeddable":true,"href":"https:\/\/www.testsealabs-kit.com\/fi\/wp-json\/wp\/v2\/comments?post=22"}],"version-history":[{"count":0,"href":"https:\/\/www.testsealabs-kit.com\/fi\/wp-json\/wp\/v2\/pages\/22\/revisions"}],"wp:attachment":[{"href":"https:\/\/www.testsealabs-kit.com\/fi\/wp-json\/wp\/v2\/media?parent=22"}],"curies":[{"name":"wp","href":"https:\/\/api.w.org\/{rel}","templated":true}]}}