{"id":32,"date":"2022-04-01T00:53:09","date_gmt":"2022-03-31T16:53:09","guid":{"rendered":"https:\/\/www.testsealabs-kit.com\/?page_id=32"},"modified":"2022-04-13T18:51:26","modified_gmt":"2022-04-13T10:51:26","slug":"news","status":"publish","type":"page","link":"https:\/\/www.testsealabs-kit.com\/fi\/news\/","title":{"rendered":"Uutiset"},"content":{"rendered":"<div data-elementor-type=\"wp-page\" data-elementor-id=\"32\" class=\"elementor elementor-32\">\n\t\t\t\t\t\t<section class=\"elementor-section elementor-top-section elementor-element elementor-element-0d8dd62 elementor-section-boxed elementor-section-height-default elementor-section-height-default\" data-id=\"0d8dd62\" data-element_type=\"section\" data-settings=\"{&quot;background_background&quot;:&quot;classic&quot;}\">\n\t\t\t\t\t\t<div class=\"elementor-container elementor-column-gap-default\">\n\t\t\t\t\t<div class=\"elementor-column elementor-col-100 elementor-top-column elementor-element elementor-element-d6d968f\" data-id=\"d6d968f\" data-element_type=\"column\">\n\t\t\t<div class=\"elementor-widget-wrap elementor-element-populated\">\n\t\t\t\t\t\t<div class=\"elementor-element elementor-element-2856afe elementor-widget elementor-widget-woocommerce-breadcrumb\" data-id=\"2856afe\" data-element_type=\"widget\" data-widget_type=\"woocommerce-breadcrumb.default\">\n\t\t\t\t<div class=\"elementor-widget-container\">\n\t\t\t\t\t<nav class=\"woocommerce-breadcrumb\" aria-label=\"Breadcrumb\" data-no-translation=\"\" data-trp-gettext=\"\">Etusivu<\/nav>\t\t\t\t<\/div>\n\t\t\t\t<\/div>\n\t\t\t\t\t<\/div>\n\t\t<\/div>\n\t\t\t\t\t<\/div>\n\t\t<\/section>\n\t\t\t\t<section class=\"elementor-section elementor-top-section elementor-element elementor-element-560385d elementor-section-boxed elementor-section-height-default elementor-section-height-default\" data-id=\"560385d\" data-element_type=\"section\">\n\t\t\t\t\t\t<div class=\"elementor-container elementor-column-gap-default\">\n\t\t\t\t\t<div class=\"elementor-column elementor-col-20 elementor-top-column elementor-element elementor-element-eef23e5\" data-id=\"eef23e5\" data-element_type=\"column\">\n\t\t\t<div class=\"elementor-widget-wrap\">\n\t\t\t\t\t\t\t<\/div>\n\t\t<\/div>\n\t\t\t\t<div class=\"elementor-column elementor-col-20 elementor-top-column elementor-element elementor-element-2ad3bd2\" data-id=\"2ad3bd2\" data-element_type=\"column\">\n\t\t\t<div class=\"elementor-widget-wrap elementor-element-populated\">\n\t\t\t\t\t\t<div class=\"elementor-element elementor-element-0accfd9 elementor-align-center elementor-widget elementor-widget-button\" data-id=\"0accfd9\" data-element_type=\"widget\" data-widget_type=\"button.default\">\n\t\t\t\t<div class=\"elementor-widget-container\">\n\t\t\t\t\t\t\t\t\t<div class=\"elementor-button-wrapper\">\n\t\t\t\t\t<a class=\"elementor-button elementor-button-link elementor-size-sm\" href=\"https:\/\/www.testsealabs-kit.com\/fi\/category\/company-news\/\">\n\t\t\t\t\t\t<span class=\"elementor-button-content-wrapper\">\n\t\t\t\t\t\t\t\t\t<span class=\"elementor-button-text\">Yrityksen uutiset<\/span>\n\t\t\t\t\t<\/span>\n\t\t\t\t\t<\/a>\n\t\t\t\t<\/div>\n\t\t\t\t\t\t\t\t<\/div>\n\t\t\t\t<\/div>\n\t\t\t\t\t<\/div>\n\t\t<\/div>\n\t\t\t\t<div class=\"elementor-column elementor-col-20 elementor-top-column elementor-element elementor-element-398fa43\" data-id=\"398fa43\" data-element_type=\"column\">\n\t\t\t<div class=\"elementor-widget-wrap elementor-element-populated\">\n\t\t\t\t\t\t<div class=\"elementor-element elementor-element-6bab9cb elementor-align-center elementor-widget elementor-widget-button\" data-id=\"6bab9cb\" data-element_type=\"widget\" data-widget_type=\"button.default\">\n\t\t\t\t<div class=\"elementor-widget-container\">\n\t\t\t\t\t\t\t\t\t<div class=\"elementor-button-wrapper\">\n\t\t\t\t\t<a class=\"elementor-button elementor-button-link elementor-size-sm\" href=\"https:\/\/www.testsealabs-kit.com\/fi\/category\/industry-news\/\">\n\t\t\t\t\t\t<span class=\"elementor-button-content-wrapper\">\n\t\t\t\t\t\t\t\t\t<span class=\"elementor-button-text\">Teollisuuden uutiset<\/span>\n\t\t\t\t\t<\/span>\n\t\t\t\t\t<\/a>\n\t\t\t\t<\/div>\n\t\t\t\t\t\t\t\t<\/div>\n\t\t\t\t<\/div>\n\t\t\t\t\t<\/div>\n\t\t<\/div>\n\t\t\t\t<div class=\"elementor-column elementor-col-20 elementor-top-column elementor-element elementor-element-05d8a8a\" data-id=\"05d8a8a\" data-element_type=\"column\">\n\t\t\t<div class=\"elementor-widget-wrap elementor-element-populated\">\n\t\t\t\t\t\t<div class=\"elementor-element elementor-element-668c3a1 elementor-align-center elementor-widget elementor-widget-button\" data-id=\"668c3a1\" data-element_type=\"widget\" data-widget_type=\"button.default\">\n\t\t\t\t<div class=\"elementor-widget-container\">\n\t\t\t\t\t\t\t\t\t<div class=\"elementor-button-wrapper\">\n\t\t\t\t\t<a class=\"elementor-button elementor-button-link elementor-size-sm\" href=\"https:\/\/www.testsealabs-kit.com\/fi\/category\/exhibition\/\">\n\t\t\t\t\t\t<span class=\"elementor-button-content-wrapper\">\n\t\t\t\t\t\t\t\t\t<span class=\"elementor-button-text\">N\u00e4yttely<\/span>\n\t\t\t\t\t<\/span>\n\t\t\t\t\t<\/a>\n\t\t\t\t<\/div>\n\t\t\t\t\t\t\t\t<\/div>\n\t\t\t\t<\/div>\n\t\t\t\t\t<\/div>\n\t\t<\/div>\n\t\t\t\t<div class=\"elementor-column elementor-col-20 elementor-top-column elementor-element elementor-element-f365a72\" data-id=\"f365a72\" data-element_type=\"column\">\n\t\t\t<div class=\"elementor-widget-wrap\">\n\t\t\t\t\t\t\t<\/div>\n\t\t<\/div>\n\t\t\t\t\t<\/div>\n\t\t<\/section>\n\t\t\t\t<section class=\"elementor-section elementor-top-section elementor-element elementor-element-42a39ac liebiaoaaa elementor-section-boxed elementor-section-height-default elementor-section-height-default\" data-id=\"42a39ac\" data-element_type=\"section\">\n\t\t\t\t\t\t<div class=\"elementor-container elementor-column-gap-default\">\n\t\t\t\t\t<div class=\"elementor-column elementor-col-100 elementor-top-column elementor-element elementor-element-47dfe85\" data-id=\"47dfe85\" data-element_type=\"column\">\n\t\t\t<div class=\"elementor-widget-wrap elementor-element-populated\">\n\t\t\t\t\t\t<div class=\"elementor-element elementor-element-e65e2dc elementor-grid-1 custom-news elementor-grid-tablet-2 elementor-grid-mobile-1 elementor-posts--thumbnail-top elementor-widget elementor-widget-posts\" data-id=\"e65e2dc\" data-element_type=\"widget\" data-settings=\"{&quot;classic_columns&quot;:&quot;1&quot;,&quot;pagination_type&quot;:&quot;numbers&quot;,&quot;classic_columns_tablet&quot;:&quot;2&quot;,&quot;classic_columns_mobile&quot;:&quot;1&quot;,&quot;classic_row_gap&quot;:{&quot;unit&quot;:&quot;px&quot;,&quot;size&quot;:35,&quot;sizes&quot;:[]},&quot;classic_row_gap_tablet&quot;:{&quot;unit&quot;:&quot;px&quot;,&quot;size&quot;:&quot;&quot;,&quot;sizes&quot;:[]},&quot;classic_row_gap_mobile&quot;:{&quot;unit&quot;:&quot;px&quot;,&quot;size&quot;:&quot;&quot;,&quot;sizes&quot;:[]}}\" data-widget_type=\"posts.classic\">\n\t\t\t\t<div class=\"elementor-widget-container\">\n\t\t\t\t\t\t\t<div class=\"elementor-posts-container elementor-posts elementor-posts--skin-classic elementor-grid\">\n\t\t\t\t<article class=\"elementor-post elementor-grid-item post-711 post type-post status-publish format-standard has-post-thumbnail hentry category-exhibition entry\">\n\t\t\t\t<a class=\"elementor-post__thumbnail__link\" href=\"https:\/\/www.testsealabs-kit.com\/fi\/711\/\" >\n\t\t\t<div class=\"elementor-post__thumbnail\"><img fetchpriority=\"high\" decoding=\"async\" width=\"640\" height=\"456\" src=\"https:\/\/www.testsealabs-kit.com\/wp-content\/uploads\/2022\/04\/image005.jpg\" class=\"attachment-full size-full wp-image-713\" alt=\"\" style=\"width:100%;height:71.25%;max-width:640px\" srcset=\"https:\/\/www.testsealabs-kit.com\/wp-content\/uploads\/2022\/04\/image005.jpg 640w, https:\/\/www.testsealabs-kit.com\/wp-content\/uploads\/2022\/04\/image005-300x214.jpg 300w, https:\/\/www.testsealabs-kit.com\/wp-content\/uploads\/2022\/04\/image005-600x428.jpg 600w\" sizes=\"(max-width: 640px) 100vw, 640px\" \/><\/div>\n\t\t<\/a>\n\t\t\t\t<div class=\"elementor-post__text\">\n\t\t\t\t<h3 class=\"elementor-post__title\">\n\t\t\t<a href=\"https:\/\/www.testsealabs-kit.com\/fi\/711\/\" >\n\t\t\t\tExpomed Eurasia 2022\t\t\t<\/a>\n\t\t<\/h3>\n\t\t\t\t<div class=\"elementor-post__meta-data\">\n\t\t\t\t\t<span class=\"elementor-post-date\">\n\t\t\t2022-03-17\t\t<\/span>\n\t\t\t\t<span class=\"elementor-post-avatar\">\n\t\t\tEi kommentteja\t\t<\/span>\n\t\t\t\t<\/div>\n\t\t\t\t<div class=\"elementor-post__excerpt\">\n\t\t\t<p>L\u00e4hes 30 vuoden ajan Expomed Eurasiasta on tullut johtava l\u00e4\u00e4ketieteellinen messutapahtuma paitsi Turkissa my\u00f6s laajemmalla Euraasian alueella. Nyt messu hy\u00f6dynt\u00e4\u00e4 huippuluokan digitaalisia ratkaisuja ja ylitt\u00e4\u00e4 kasvokkain tapahtuvan verkostoitumisen. Expomed Eurasian 29. painos j\u00e4rjestettiin 17.-19. maaliskuuta 2022 Istanbulissa. Yli 600 n\u00e4ytteilleasettajaa Turkista ja ulkomailta ja 19000 k\u00e4vij\u00e4\u00e4 vain Turkista ja 5000 kansainv\u00e4list\u00e4 k\u00e4vij\u00e4\u00e4, Expomed Eurasia on ollut suuri menestys terveydenhuoltoalalle.   N\u00e4yttely: Expomed Eurasia Booth nro: 524B Sijainti: T\u00fcyap Fair and Congress Center, Istanbul, Turkki Aika: 2022.03.17-2022.03.19 N\u00e4ytteilleasettaja\uff1aHangzhou Testsea Biotechnology Co, Ltd., Ltd.<\/p>\n\t\t<\/div>\n\t\t\t\t\t<a class=\"elementor-post__read-more\" href=\"https:\/\/www.testsealabs-kit.com\/fi\/711\/\" >\n\t\t\t\tLue lis\u00e4\u00e4\t\t\t<\/a>\n\t\t\t\t<\/div>\n\t\t\t\t<\/article>\n\t\t\t\t<article class=\"elementor-post elementor-grid-item post-708 post type-post status-publish format-standard hentry category-industry-news entry\">\n\t\t\t\t<div class=\"elementor-post__text\">\n\t\t\t\t<h3 class=\"elementor-post__title\">\n\t\t\t<a href=\"https:\/\/www.testsealabs-kit.com\/fi\/what-is-the-difference-between-antigen-detection-and-nucleic-acid-detection\/\" >\n\t\t\t\tMit\u00e4 eroa on antigeenin ja nukleiinihapon havaitsemisella?\t\t\t<\/a>\n\t\t<\/h3>\n\t\t\t\t<div class=\"elementor-post__meta-data\">\n\t\t\t\t\t<span class=\"elementor-post-date\">\n\t\t\t2022-03-15\t\t<\/span>\n\t\t\t\t<span class=\"elementor-post-avatar\">\n\t\t\tEi kommentteja\t\t<\/span>\n\t\t\t\t<\/div>\n\t\t\t\t<div class=\"elementor-post__excerpt\">\n\t\t\t<p>Viime aikoina on hyv\u00e4ksytty markkinoille useita uusia kruunuantigeenin itsetestituotteita, mik\u00e4 on her\u00e4tt\u00e4nyt huomiota.   Mik\u00e4 on antigeenitesti, ja mik\u00e4 on ero tunnettuun nukleiinihappotestiin? Miksi lis\u00e4t\u00e4 t\u00e4m\u00e4 uusi havaitsemismenetelm\u00e4? Mik\u00e4 on havaintotarkkuus? Mit\u00e4 on teht\u00e4v\u00e4? Onko siihen liittyvi\u00e4 riskej\u00e4? T\u00e4st\u00e4 uudesta toteamismuodosta her\u00e4\u00e4 ep\u00e4ilyksi\u00e4.   Mit\u00e4 antigeenitesti tarkalleen ottaen on? Miten se eroaa nukleiinihappotestauksesta?   Antigeenit ovat ik\u00e4\u00e4n kuin \"vaatteita\", joita viruksella on p\u00e4\u00e4ll\u00e4\u00e4n, ja nukleiinihapot ovat viruksen sis\u00e4ll\u00e4 olevia geenej\u00e4.   N\u00e4m\u00e4 kaksi testi\u00e4 ovat hieman erilaisia. Antigeenitesti on menetelm\u00e4, joka alkaa vasta-aineesta \"vaatteiden\" mittaamiseksi, ja kattavan spesifisyyden j\u00e4lkeen virus voidaan<\/p>\n\t\t<\/div>\n\t\t\t\t\t<a class=\"elementor-post__read-more\" href=\"https:\/\/www.testsealabs-kit.com\/fi\/what-is-the-difference-between-antigen-detection-and-nucleic-acid-detection\/\" >\n\t\t\t\tLue lis\u00e4\u00e4\t\t\t<\/a>\n\t\t\t\t<\/div>\n\t\t\t\t<\/article>\n\t\t\t\t<article class=\"elementor-post elementor-grid-item post-209 post type-post status-publish format-standard has-post-thumbnail hentry category-company-news entry\">\n\t\t\t\t<a class=\"elementor-post__thumbnail__link\" href=\"https:\/\/www.testsealabs-kit.com\/fi\/goldsite-obtains-ce-self-testing-certificate-for-the-sars-cov-2-nasal-antigen-self-test\/\" >\n\t\t\t<div class=\"elementor-post__thumbnail\"><img decoding=\"async\" width=\"500\" height=\"301\" src=\"https:\/\/www.testsealabs-kit.com\/wp-content\/uploads\/2022\/04\/image002-1.png\" class=\"attachment-full size-full wp-image-706\" alt=\"\" style=\"width:100%;height:60.2%;max-width:500px\" srcset=\"https:\/\/www.testsealabs-kit.com\/wp-content\/uploads\/2022\/04\/image002-1.png 500w, https:\/\/www.testsealabs-kit.com\/wp-content\/uploads\/2022\/04\/image002-1-300x181.png 300w\" sizes=\"(max-width: 500px) 100vw, 500px\" \/><\/div>\n\t\t<\/a>\n\t\t\t\t<div class=\"elementor-post__text\">\n\t\t\t\t<h3 class=\"elementor-post__title\">\n\t\t\t<a href=\"https:\/\/www.testsealabs-kit.com\/fi\/goldsite-obtains-ce-self-testing-certificate-for-the-sars-cov-2-nasal-antigen-self-test\/\" >\n\t\t\t\tTestsealabs COVID-19 antigeenipikatesti voi tehokkaasti kattaa koronaviruksen Omicron (B.1.1529) muunnoskannan.\t\t\t<\/a>\n\t\t<\/h3>\n\t\t\t\t<div class=\"elementor-post__meta-data\">\n\t\t\t\t\t<span class=\"elementor-post-date\">\n\t\t\t2021-11-29\t\t<\/span>\n\t\t\t\t<span class=\"elementor-post-avatar\">\n\t\t\tEi kommentteja\t\t<\/span>\n\t\t\t\t<\/div>\n\t\t\t\t<div class=\"elementor-post__excerpt\">\n\t\t\t<p>T\u00e4ll\u00e4 hetkell\u00e4 yrityksemme tekee yksityiskohtaista vertailua ja analyysi\u00e4, joka perustuu GISAID-tietokannassa julkaistun Omicron-mutaatiokannan mutaatiokohdan nukleiinihapposekvenssiin ja koronaviruksen antigeenin pikatestituotteissamme k\u00e4ytett\u00e4v\u00e4n N-proteiinivasta-aineen tunnistusepitooppiin. Analyysitulokset osoittivat, ett\u00e4 Omicron-mutaatiokannan mutaatiokohta ei vaikuttanut yrityksemme kehitt\u00e4m\u00e4n, tuottaman ja myym\u00e4n koronaviruksen antigeenin pikapaljastinreagenssin antigeenin havaitsemiseen. Yrityksemme Testsealabs COVID-19 -antigeenipikatesti voi tehokkaasti kattaa uuden koronaviruksen Omicron (B.1.1529) mutanttikannan. Koska n\u00e4ytteit\u00e4 on kuitenkin t\u00e4ll\u00e4 hetkell\u00e4 mahdotonta saada todentamista varten, tarvitaan my\u00f6hempi\u00e4 todentamistestej\u00e4 laboratoriossa. Yrityksemme on todennut, ett\u00e4 meid\u00e4n kehitt\u00e4m\u00e4n koronavirusantigeenin pikatestin havaitsemistehokkuus on hyv\u00e4.<\/p>\n\t\t<\/div>\n\t\t\t\t\t<a class=\"elementor-post__read-more\" href=\"https:\/\/www.testsealabs-kit.com\/fi\/goldsite-obtains-ce-self-testing-certificate-for-the-sars-cov-2-nasal-antigen-self-test\/\" >\n\t\t\t\tLue lis\u00e4\u00e4\t\t\t<\/a>\n\t\t\t\t<\/div>\n\t\t\t\t<\/article>\n\t\t\t\t<\/div>\n\n\n\t\t\n\t\t\t\t\t\t<\/div>\n\t\t\t\t<\/div>\n\t\t\t\t\t<\/div>\n\t\t<\/div>\n\t\t\t\t\t<\/div>\n\t\t<\/section>\n\t\t\t\t<\/div>","protected":false},"excerpt":{"rendered":"<p>Company News Industry News Exhibition<\/p>","protected":false},"author":1,"featured_media":0,"parent":0,"menu_order":0,"comment_status":"closed","ping_status":"closed","template":"elementor_header_footer","meta":{"footnotes":""},"class_list":["post-32","page","type-page","status-publish","hentry","entry"],"_links":{"self":[{"href":"https:\/\/www.testsealabs-kit.com\/fi\/wp-json\/wp\/v2\/pages\/32","targetHints":{"allow":["GET"]}}],"collection":[{"href":"https:\/\/www.testsealabs-kit.com\/fi\/wp-json\/wp\/v2\/pages"}],"about":[{"href":"https:\/\/www.testsealabs-kit.com\/fi\/wp-json\/wp\/v2\/types\/page"}],"author":[{"embeddable":true,"href":"https:\/\/www.testsealabs-kit.com\/fi\/wp-json\/wp\/v2\/users\/1"}],"replies":[{"embeddable":true,"href":"https:\/\/www.testsealabs-kit.com\/fi\/wp-json\/wp\/v2\/comments?post=32"}],"version-history":[{"count":0,"href":"https:\/\/www.testsealabs-kit.com\/fi\/wp-json\/wp\/v2\/pages\/32\/revisions"}],"wp:attachment":[{"href":"https:\/\/www.testsealabs-kit.com\/fi\/wp-json\/wp\/v2\/media?parent=32"}],"curies":[{"name":"wp","href":"https:\/\/api.w.org\/{rel}","templated":true}]}}