{"id":1217,"date":"2022-05-19T11:09:59","date_gmt":"2022-05-19T03:09:59","guid":{"rendered":"https:\/\/www.testsealabs-kit.com\/?post_type=product&#038;p=1217"},"modified":"2025-03-10T15:55:44","modified_gmt":"2025-03-10T07:55:44","slug":"canine-distemper-virus-antigen-testcdv-ag","status":"publish","type":"product","link":"https:\/\/www.testsealabs-kit.com\/fi\/tuote\/canine-distemper-virus-antigen-testcdv-ag\/","title":{"rendered":"Koiran penikkatautiviruksen antigeenitesti (CDV Ag)"},"content":{"rendered":"<p><span style=\"font-size: 14pt;\">1.Get tulos 15 minuutissa<\/span><\/p>\n<p><span style=\"font-size: 14pt;\">2.Helppo ker\u00e4t\u00e4 n\u00e4ytteit\u00e4<\/span><\/p>\n<p><span style=\"font-size: 14pt;\">3.Results ovat selv\u00e4sti n\u00e4kyviss\u00e4<\/span><\/p>\n<p><span style=\"font-size: 14pt;\">4.Ei tarvita laitteita<\/span><\/p>\n<p><span style=\"font-size: 14pt;\">5.Sopii laajamittaiseen nopeaan seulontaan<\/span><\/p>","protected":false},"excerpt":{"rendered":"<p>Tuote on lateraalivirtausimmunokromatografinen m\u00e4\u00e4ritys koiran penikkatautiviruksen antigeenin (CDV Ag) kvalitatiiviseen havaitsemiseen sylki-, silm\u00e4- ja sidekalvon\u00e4ytteiden eritteist\u00e4.<\/p>\n<p>&nbsp;<\/p>\n<p>Koiran penikkatauti on maailmanlaajuinen akuutti ja eritt\u00e4in tarttuva virusper\u00e4inen tartuntatauti. CDV:n luonnollinen tartuntareitti kulkee p\u00e4\u00e4asiassa yl\u00e4hengitysteiden kautta. CDV-tartunnan j\u00e4lkeen CDV hy\u00f6kk\u00e4\u00e4 suoliston epiteelin ja syd\u00e4nlihassolujen soluihin. T\u00e4rkeimm\u00e4t kliiniset ilmenemismuodot ovat ruoansulatuskanavan sairaudet ja syd\u00e4nlihastulehdus, ja suurin osa pennuista saa syd\u00e4nlihastulehduksen. Koiran penikkatauti on er\u00e4\u00e4nlainen tartuntatauti, jolla on suuri esiintyvyys, korkea kuolleisuus ja usein puhkeavat taudit. Eri-ik\u00e4iset, eri sukupuolta ja eri rotuiset koirat voivat saada tartunnan.<\/p>","protected":false},"featured_media":1216,"comment_status":"open","ping_status":"closed","template":"","meta":[],"product_brand":[],"product_cat":[20,47],"product_tag":[],"class_list":{"0":"post-1217","1":"product","2":"type-product","3":"status-publish","4":"has-post-thumbnail","6":"product_cat-all-products","7":"product_cat-animals-diagnostic-rapid-test","8":"entry","10":"first","11":"instock","12":"shipping-taxable","13":"product-type-simple"},"_links":{"self":[{"href":"https:\/\/www.testsealabs-kit.com\/fi\/wp-json\/wp\/v2\/product\/1217","targetHints":{"allow":["GET"]}}],"collection":[{"href":"https:\/\/www.testsealabs-kit.com\/fi\/wp-json\/wp\/v2\/product"}],"about":[{"href":"https:\/\/www.testsealabs-kit.com\/fi\/wp-json\/wp\/v2\/types\/product"}],"replies":[{"embeddable":true,"href":"https:\/\/www.testsealabs-kit.com\/fi\/wp-json\/wp\/v2\/comments?post=1217"}],"wp:featuredmedia":[{"embeddable":true,"href":"https:\/\/www.testsealabs-kit.com\/fi\/wp-json\/wp\/v2\/media\/1216"}],"wp:attachment":[{"href":"https:\/\/www.testsealabs-kit.com\/fi\/wp-json\/wp\/v2\/media?parent=1217"}],"wp:term":[{"taxonomy":"product_brand","embeddable":true,"href":"https:\/\/www.testsealabs-kit.com\/fi\/wp-json\/wp\/v2\/product_brand?post=1217"},{"taxonomy":"product_cat","embeddable":true,"href":"https:\/\/www.testsealabs-kit.com\/fi\/wp-json\/wp\/v2\/product_cat?post=1217"},{"taxonomy":"product_tag","embeddable":true,"href":"https:\/\/www.testsealabs-kit.com\/fi\/wp-json\/wp\/v2\/product_tag?post=1217"}],"curies":[{"name":"wp","href":"https:\/\/api.w.org\/{rel}","templated":true}]}}