{"id":1220,"date":"2022-05-19T11:22:05","date_gmt":"2022-05-19T03:22:05","guid":{"rendered":"https:\/\/www.testsealabs-kit.com\/?post_type=product&#038;p=1220"},"modified":"2022-05-19T11:22:05","modified_gmt":"2022-05-19T03:22:05","slug":"feline-panleucopenia-antigen-testfpv-ag","status":"publish","type":"product","link":"https:\/\/www.testsealabs-kit.com\/fi\/tuote\/feline-panleucopenia-antigen-testfpv-ag\/","title":{"rendered":"Kissan panleukopenia-antigeenitesti (FPV Ag)"},"content":{"rendered":"<p><span style=\"font-size: 14pt;\">1.Get tulos 15 minuutissa<\/span><br \/>\n<span style=\"font-size: 14pt;\">2.Helppo ker\u00e4t\u00e4 n\u00e4ytteit\u00e4<\/span><br \/>\n<span style=\"font-size: 14pt;\">3.Results ovat selv\u00e4sti n\u00e4kyviss\u00e4<\/span><br \/>\n<span style=\"font-size: 14pt;\">4.Ei tarvita laitteita<\/span><br \/>\n<span style=\"font-size: 14pt;\">5.Sopii laajamittaiseen nopeaan seulontaan<\/span><\/p>","protected":false},"excerpt":{"rendered":"<p>Tuote on lateraalivirtausimmunokromatografinen m\u00e4\u00e4ritys kissan parvovirusantigeenin (FPV Ag) kvalitatiiviseen osoittamiseen kissan ulosten\u00e4ytteest\u00e4.<\/p>\n<p>&nbsp;<\/p>\n<p>FPV voi aiheuttaa kissan leukosytopeniaa, joka tunnetaan my\u00f6s nimell\u00e4 kissan penikkatauti, ja se on akuutti, eritt\u00e4in tarttuva tauti. FPV voi tarttua suoran tai ep\u00e4suoran kosketuksen kautta luonnollisissa olosuhteissa, ja se voi tarttua siki\u00f6\u00f6n vertikaalisesti istukan kautta raskauden aikana. Kissan penikkatautia esiintyy useammin talvella ja kev\u00e4\u00e4ll\u00e4.<\/p>","protected":false},"featured_media":1216,"comment_status":"open","ping_status":"closed","template":"","meta":[],"product_brand":[],"product_cat":[20,47],"product_tag":[],"class_list":{"0":"post-1220","1":"product","2":"type-product","3":"status-publish","4":"has-post-thumbnail","6":"product_cat-all-products","7":"product_cat-animals-diagnostic-rapid-test","8":"entry","10":"first","11":"instock","12":"shipping-taxable","13":"product-type-simple"},"_links":{"self":[{"href":"https:\/\/www.testsealabs-kit.com\/fi\/wp-json\/wp\/v2\/product\/1220","targetHints":{"allow":["GET"]}}],"collection":[{"href":"https:\/\/www.testsealabs-kit.com\/fi\/wp-json\/wp\/v2\/product"}],"about":[{"href":"https:\/\/www.testsealabs-kit.com\/fi\/wp-json\/wp\/v2\/types\/product"}],"replies":[{"embeddable":true,"href":"https:\/\/www.testsealabs-kit.com\/fi\/wp-json\/wp\/v2\/comments?post=1220"}],"wp:featuredmedia":[{"embeddable":true,"href":"https:\/\/www.testsealabs-kit.com\/fi\/wp-json\/wp\/v2\/media\/1216"}],"wp:attachment":[{"href":"https:\/\/www.testsealabs-kit.com\/fi\/wp-json\/wp\/v2\/media?parent=1220"}],"wp:term":[{"taxonomy":"product_brand","embeddable":true,"href":"https:\/\/www.testsealabs-kit.com\/fi\/wp-json\/wp\/v2\/product_brand?post=1220"},{"taxonomy":"product_cat","embeddable":true,"href":"https:\/\/www.testsealabs-kit.com\/fi\/wp-json\/wp\/v2\/product_cat?post=1220"},{"taxonomy":"product_tag","embeddable":true,"href":"https:\/\/www.testsealabs-kit.com\/fi\/wp-json\/wp\/v2\/product_tag?post=1220"}],"curies":[{"name":"wp","href":"https:\/\/api.w.org\/{rel}","templated":true}]}}