{"id":1227,"date":"2022-05-19T11:36:20","date_gmt":"2022-05-19T03:36:20","guid":{"rendered":"https:\/\/www.testsealabs-kit.com\/?post_type=product&#038;p=1227"},"modified":"2022-05-19T11:36:20","modified_gmt":"2022-05-19T03:36:20","slug":"feline-heartworm-antigen-testfhw-ag","status":"publish","type":"product","link":"https:\/\/www.testsealabs-kit.com\/fi\/tuote\/feline-heartworm-antigen-testfhw-ag\/","title":{"rendered":"Kissan syd\u00e4nmatoantigeenitesti (FHW Ag)"},"content":{"rendered":"<p><span style=\"font-size: 14pt;\">1.Get tulos 15 minuutissa<\/span><br \/>\n<span style=\"font-size: 14pt;\">2.Helppo ker\u00e4t\u00e4 n\u00e4ytteit\u00e4<\/span><br \/>\n<span style=\"font-size: 14pt;\">3.Results ovat selv\u00e4sti n\u00e4kyviss\u00e4<\/span><br \/>\n<span style=\"font-size: 14pt;\">4.Ei tarvita laitteita<\/span><br \/>\n<span style=\"font-size: 14pt;\">5.Sopii laajamittaiseen nopeaan seulontaan<\/span><\/p>","protected":false},"excerpt":{"rendered":"<p>Tuote on sandwich-muotoinen lateraalivirtausimmunokromatografinen m\u00e4\u00e4ritys kissan syd\u00e4nmatoantigeenin (FHW Ag) kvalitatiiviseen havaitsemiseen kissan kokoverest\u00e4\/seerumista.<\/p>\n<p>&nbsp;<\/p>\n<p>FHW on tartuntatauti, joka voi tarttua kaikenik\u00e4isiin kissoihin hyttysen pureman v\u00e4lityksell\u00e4. Koska FHW el\u00e4\u00e4 kissan syd\u00e4mess\u00e4, se voi aiheuttaa kroonista endokardiittia, syd\u00e4men hypertrofiaa ja oikean kammion laajentumista. Kun infektio on vakava, laskimotukos voi johtaa askitesiin ja hepatomegaliaan.<\/p>","protected":false},"featured_media":1216,"comment_status":"open","ping_status":"closed","template":"","meta":[],"product_brand":[],"product_cat":[20,47],"product_tag":[],"class_list":{"0":"post-1227","1":"product","2":"type-product","3":"status-publish","4":"has-post-thumbnail","6":"product_cat-all-products","7":"product_cat-animals-diagnostic-rapid-test","8":"entry","10":"first","11":"instock","12":"shipping-taxable","13":"product-type-simple"},"_links":{"self":[{"href":"https:\/\/www.testsealabs-kit.com\/fi\/wp-json\/wp\/v2\/product\/1227","targetHints":{"allow":["GET"]}}],"collection":[{"href":"https:\/\/www.testsealabs-kit.com\/fi\/wp-json\/wp\/v2\/product"}],"about":[{"href":"https:\/\/www.testsealabs-kit.com\/fi\/wp-json\/wp\/v2\/types\/product"}],"replies":[{"embeddable":true,"href":"https:\/\/www.testsealabs-kit.com\/fi\/wp-json\/wp\/v2\/comments?post=1227"}],"wp:featuredmedia":[{"embeddable":true,"href":"https:\/\/www.testsealabs-kit.com\/fi\/wp-json\/wp\/v2\/media\/1216"}],"wp:attachment":[{"href":"https:\/\/www.testsealabs-kit.com\/fi\/wp-json\/wp\/v2\/media?parent=1227"}],"wp:term":[{"taxonomy":"product_brand","embeddable":true,"href":"https:\/\/www.testsealabs-kit.com\/fi\/wp-json\/wp\/v2\/product_brand?post=1227"},{"taxonomy":"product_cat","embeddable":true,"href":"https:\/\/www.testsealabs-kit.com\/fi\/wp-json\/wp\/v2\/product_cat?post=1227"},{"taxonomy":"product_tag","embeddable":true,"href":"https:\/\/www.testsealabs-kit.com\/fi\/wp-json\/wp\/v2\/product_tag?post=1227"}],"curies":[{"name":"wp","href":"https:\/\/api.w.org\/{rel}","templated":true}]}}