{"id":1231,"date":"2022-05-19T11:43:56","date_gmt":"2022-05-19T03:43:56","guid":{"rendered":"https:\/\/www.testsealabs-kit.com\/?post_type=product&#038;p=1231"},"modified":"2022-05-19T11:43:56","modified_gmt":"2022-05-19T03:43:56","slug":"canine-toxoplasma-antibody-testc-toxo-ab","status":"publish","type":"product","link":"https:\/\/www.testsealabs-kit.com\/fi\/tuote\/canine-toxoplasma-antibody-testc-toxo-ab\/","title":{"rendered":"Koiran toksoplasman vasta-ainetesti (C.TOXO Ab)"},"content":{"rendered":"<p><span style=\"font-size: 14pt;\">1.Get tulos 15 minuutissa<\/span><br \/>\n<span style=\"font-size: 14pt;\">2.Helppo ker\u00e4t\u00e4 n\u00e4ytteit\u00e4<\/span><br \/>\n<span style=\"font-size: 14pt;\">3.Results ovat selv\u00e4sti n\u00e4kyviss\u00e4<\/span><br \/>\n<span style=\"font-size: 14pt;\">4.Ei tarvita laitteita<\/span><br \/>\n<span style=\"font-size: 14pt;\">5.Sopii laajamittaiseen nopeaan seulontaan<\/span><\/p>","protected":false},"excerpt":{"rendered":"<p>Tuote on kvalitatiivinen kolloidiseen kultaan perustuva lateraalivirtausimmunokromatografinen m\u00e4\u00e4ritys toksoplasman vasta-aineen osoittamiseksi.<\/p>\n<p>&nbsp;<\/p>\n<p>Toksoplasmoosi on er\u00e4\u00e4nlainen Toxoplasma gondii -bakteerin aiheuttama zoonoosi, joka on levinnyt maailmanlaajuisesti ja vaarantaa vakavasti ihmisten terveyden. Toxoplasma gondii voi tarttua kaikenlaisiin kotiel\u00e4imiin ja luonnonvaraisiin el\u00e4imiin, mutta alttiimpia sille ovat nuoret el\u00e4imet. T\u00e4rkein tartuntareitti on suun kautta. Kun terve koira nielee Toxoplasma gondii -bakteerin iti\u00f6pes\u00e4kkeen, se karkaa suolistosta ja p\u00e4\u00e4see verenkierron mukana elimist\u00f6n kudokseen, tunkeutuu soluihin, lis\u00e4\u00e4ntyy nopeasti niiss\u00e4 ja muuttuu solunsis\u00e4iseksi pseudokystaksi aiheuttaen kliinisi\u00e4 oireita.<\/p>","protected":false},"featured_media":1216,"comment_status":"open","ping_status":"closed","template":"","meta":[],"product_brand":[],"product_cat":[20,47],"product_tag":[],"class_list":{"0":"post-1231","1":"product","2":"type-product","3":"status-publish","4":"has-post-thumbnail","6":"product_cat-all-products","7":"product_cat-animals-diagnostic-rapid-test","8":"entry","10":"first","11":"instock","12":"shipping-taxable","13":"product-type-simple"},"_links":{"self":[{"href":"https:\/\/www.testsealabs-kit.com\/fi\/wp-json\/wp\/v2\/product\/1231","targetHints":{"allow":["GET"]}}],"collection":[{"href":"https:\/\/www.testsealabs-kit.com\/fi\/wp-json\/wp\/v2\/product"}],"about":[{"href":"https:\/\/www.testsealabs-kit.com\/fi\/wp-json\/wp\/v2\/types\/product"}],"replies":[{"embeddable":true,"href":"https:\/\/www.testsealabs-kit.com\/fi\/wp-json\/wp\/v2\/comments?post=1231"}],"wp:featuredmedia":[{"embeddable":true,"href":"https:\/\/www.testsealabs-kit.com\/fi\/wp-json\/wp\/v2\/media\/1216"}],"wp:attachment":[{"href":"https:\/\/www.testsealabs-kit.com\/fi\/wp-json\/wp\/v2\/media?parent=1231"}],"wp:term":[{"taxonomy":"product_brand","embeddable":true,"href":"https:\/\/www.testsealabs-kit.com\/fi\/wp-json\/wp\/v2\/product_brand?post=1231"},{"taxonomy":"product_cat","embeddable":true,"href":"https:\/\/www.testsealabs-kit.com\/fi\/wp-json\/wp\/v2\/product_cat?post=1231"},{"taxonomy":"product_tag","embeddable":true,"href":"https:\/\/www.testsealabs-kit.com\/fi\/wp-json\/wp\/v2\/product_tag?post=1231"}],"curies":[{"name":"wp","href":"https:\/\/api.w.org\/{rel}","templated":true}]}}