{"id":1235,"date":"2022-05-19T12:00:01","date_gmt":"2022-05-19T04:00:01","guid":{"rendered":"https:\/\/www.testsealabs-kit.com\/?post_type=product&#038;p=1235"},"modified":"2026-02-06T12:36:57","modified_gmt":"2026-02-06T04:36:57","slug":"rabies-antibody-testrabies-ab","status":"publish","type":"product","link":"https:\/\/www.testsealabs-kit.com\/fi\/tuote\/rabies-antibody-testrabies-ab\/","title":{"rendered":"Rabies-vasta-ainetesti (Rabies Ab)"},"content":{"rendered":"<p><span style=\"font-size: 14pt;\">1.Get tulos 15 minuutissa<\/span><br \/>\n<span style=\"font-size: 14pt;\">2.Helppo ker\u00e4t\u00e4 n\u00e4ytteit\u00e4<\/span><br \/>\n<span style=\"font-size: 14pt;\">3.Results ovat selv\u00e4sti n\u00e4kyviss\u00e4<\/span><br \/>\n<span style=\"font-size: 14pt;\">4.Ei tarvita laitteita<\/span><br \/>\n<span style=\"font-size: 14pt;\">5.Sopii laajamittaiseen nopeaan seulontaan<\/span><\/p>","protected":false},"excerpt":{"rendered":"<p>Rabies-vasta-ainetesti on immunokromatografinen lateraalivirtausm\u00e4\u00e4ritys raivotautiviruksen vasta-aineen (Rabies Ab) kvalitatiiviseen havaitsemiseen yli 0,5 IU\/ml:n tasolla koiran kokoverest\u00e4\/seerumista.<\/p>\n<p>&nbsp;<\/p>\n<p>Tuote on elint\u00e4rke\u00e4 sairaus sek\u00e4 el\u00e4imille ett\u00e4 ihmisille. Koira tai kissa voi olla kantaja ilman kliinisi\u00e4 oireita. Rokottaminen voisi ilmeisesti v\u00e4hent\u00e4\u00e4 raivotautiviruksen kantajien ja tartunnan saaneiden osuutta. Mutta rokottamisen j\u00e4lkeenkin noin 15% kaikista tapauksista ei pysty tuottamaan suojaavia vasta-aineita. On suositeltavaa, ett\u00e4 raivotautivasta-aineet havaitaan koirilla 45 p\u00e4iv\u00e4n kuluttua rokotuksesta.<\/p>","protected":false},"featured_media":1216,"comment_status":"open","ping_status":"closed","template":"","meta":[],"product_brand":[],"product_cat":[20,47],"product_tag":[],"class_list":{"0":"post-1235","1":"product","2":"type-product","3":"status-publish","4":"has-post-thumbnail","6":"product_cat-all-products","7":"product_cat-animals-diagnostic-rapid-test","8":"entry","10":"first","11":"instock","12":"shipping-taxable","13":"product-type-simple"},"_links":{"self":[{"href":"https:\/\/www.testsealabs-kit.com\/fi\/wp-json\/wp\/v2\/product\/1235","targetHints":{"allow":["GET"]}}],"collection":[{"href":"https:\/\/www.testsealabs-kit.com\/fi\/wp-json\/wp\/v2\/product"}],"about":[{"href":"https:\/\/www.testsealabs-kit.com\/fi\/wp-json\/wp\/v2\/types\/product"}],"replies":[{"embeddable":true,"href":"https:\/\/www.testsealabs-kit.com\/fi\/wp-json\/wp\/v2\/comments?post=1235"}],"wp:featuredmedia":[{"embeddable":true,"href":"https:\/\/www.testsealabs-kit.com\/fi\/wp-json\/wp\/v2\/media\/1216"}],"wp:attachment":[{"href":"https:\/\/www.testsealabs-kit.com\/fi\/wp-json\/wp\/v2\/media?parent=1235"}],"wp:term":[{"taxonomy":"product_brand","embeddable":true,"href":"https:\/\/www.testsealabs-kit.com\/fi\/wp-json\/wp\/v2\/product_brand?post=1235"},{"taxonomy":"product_cat","embeddable":true,"href":"https:\/\/www.testsealabs-kit.com\/fi\/wp-json\/wp\/v2\/product_cat?post=1235"},{"taxonomy":"product_tag","embeddable":true,"href":"https:\/\/www.testsealabs-kit.com\/fi\/wp-json\/wp\/v2\/product_tag?post=1235"}],"curies":[{"name":"wp","href":"https:\/\/api.w.org\/{rel}","templated":true}]}}