{"id":1241,"date":"2022-05-19T13:28:32","date_gmt":"2022-05-19T05:28:32","guid":{"rendered":"https:\/\/www.testsealabs-kit.com\/?post_type=product&#038;p=1241"},"modified":"2022-05-19T14:10:01","modified_gmt":"2022-05-19T06:10:01","slug":"positive-two-lines-appear-one-line-should-always-appear-in-the-control-line-regionc-and-another-one-apparent-colored-line-should-appear-in-the-test-line-region-negative-one-colored-line-appear","status":"publish","type":"product","link":"https:\/\/www.testsealabs-kit.com\/fi\/tuote\/positive-two-lines-appear-one-line-should-always-appear-in-the-control-line-regionc-and-another-one-apparent-colored-line-should-appear-in-the-test-line-region-negative-one-colored-line-appear\/","title":{"rendered":"COVID-19 antigeenitestikasetti"},"content":{"rendered":"<p><span style=\"font-size: 14pt;\">1.Get tulos 15 minuutissa<\/span><br \/>\n<span style=\"font-size: 14pt;\">2.Helppo ker\u00e4t\u00e4 n\u00e4ytteit\u00e4<\/span><br \/>\n<span style=\"font-size: 14pt;\">3.Results ovat selv\u00e4sti n\u00e4kyviss\u00e4<\/span><br \/>\n<span style=\"font-size: 14pt;\">4.Ei tarvita laitteita<\/span><br \/>\n<span style=\"font-size: 14pt;\">5.Sopii laajamittaiseen nopeaan seulontaan<\/span><\/p>","protected":false},"excerpt":{"rendered":"<p>Tuote on COVID-19-antigeenin kvalitatiivinen osoitus nen\u00e4mahaletkun\u00e4ytteist\u00e4. Testi on tarkoitettu itsetestaukseen.<\/p>","protected":false},"featured_media":1242,"comment_status":"open","ping_status":"closed","template":"","meta":[],"product_brand":[],"product_cat":[20,26],"product_tag":[],"class_list":{"0":"post-1241","1":"product","2":"type-product","3":"status-publish","4":"has-post-thumbnail","6":"product_cat-all-products","7":"product_cat-covid-19-sars-cov-2-rapid-test","8":"entry","10":"first","11":"instock","12":"shipping-taxable","13":"product-type-simple"},"_links":{"self":[{"href":"https:\/\/www.testsealabs-kit.com\/fi\/wp-json\/wp\/v2\/product\/1241","targetHints":{"allow":["GET"]}}],"collection":[{"href":"https:\/\/www.testsealabs-kit.com\/fi\/wp-json\/wp\/v2\/product"}],"about":[{"href":"https:\/\/www.testsealabs-kit.com\/fi\/wp-json\/wp\/v2\/types\/product"}],"replies":[{"embeddable":true,"href":"https:\/\/www.testsealabs-kit.com\/fi\/wp-json\/wp\/v2\/comments?post=1241"}],"wp:featuredmedia":[{"embeddable":true,"href":"https:\/\/www.testsealabs-kit.com\/fi\/wp-json\/wp\/v2\/media\/1242"}],"wp:attachment":[{"href":"https:\/\/www.testsealabs-kit.com\/fi\/wp-json\/wp\/v2\/media?parent=1241"}],"wp:term":[{"taxonomy":"product_brand","embeddable":true,"href":"https:\/\/www.testsealabs-kit.com\/fi\/wp-json\/wp\/v2\/product_brand?post=1241"},{"taxonomy":"product_cat","embeddable":true,"href":"https:\/\/www.testsealabs-kit.com\/fi\/wp-json\/wp\/v2\/product_cat?post=1241"},{"taxonomy":"product_tag","embeddable":true,"href":"https:\/\/www.testsealabs-kit.com\/fi\/wp-json\/wp\/v2\/product_tag?post=1241"}],"curies":[{"name":"wp","href":"https:\/\/api.w.org\/{rel}","templated":true}]}}